{"id":4355,"date":"2025-01-31T09:44:05","date_gmt":"2025-01-31T12:44:05","guid":{"rendered":"https:\/\/supriex.com.br\/loja\/?post_type=product&#038;p=4355"},"modified":"2025-01-31T10:36:47","modified_gmt":"2025-01-31T13:36:47","slug":"raptor-alicate-para-porcas-8714250","status":"publish","type":"product","link":"https:\/\/supriex.com.br\/loja\/produto\/raptor-alicate-para-porcas-8714250\/","title":{"rendered":"RAPTOR -Alicate para porcas 8741250"},"content":{"rendered":"<ul class=\"product--variation-field--variation_field_product_description__1682 field field--name-field-product-description field--type-text-long field--label-hidden field__items\">\n<li class=\"field__item\">Para porcas e parafusos m\u00e9tricos em polegadas com aberturas de chave de 10 at\u00e9 32 mm (3\/8&#8243; at\u00e9 1 1\/4&#8243;); auto-fixante na \u00e1rea a partir de 17 mm: sem escorregar na pe\u00e7a de trabalho<\/li>\n<li class=\"field__item\">\u00a0Preens\u00e3o sem folgas de cabe\u00e7as de parafusos sextavados em metros ou polegadas, sem arredondar as cabe\u00e7as dos parafusos<\/li>\n<li class=\"field__item\">\u00a0Agarra de modo confi\u00e1vel e firme porcas e parafusos arredondados, enferrujados e com revestimento de pintura<\/li>\n<li class=\"field__item\">\u00a0Ideal para trabalhos em sistemas de freios de autom\u00f3veis<\/li>\n<li class=\"field__item\">\u00a0Apertar e desapertar uni\u00f5es roscadas com rapidez segundo o princ\u00edpio de catraca<\/li>\n<li class=\"field__item\">\u00a0Ajuste com aperto de bot\u00e3o diretamente na pe\u00e7a de trabalho, tamb\u00e9m poss\u00edvel com uma s\u00f3 m\u00e3o<\/li>\n<li class=\"field__item\">\u00a0Ajuste de precis\u00e3o permite uma adapta\u00e7\u00e3o adequada aos mais variados tamanhos de ferramentas e uma posi\u00e7\u00e3o confort\u00e1vel dos cabos na m\u00e3o<\/li>\n<li class=\"field__item\">\u00a0Articula\u00e7\u00e3o de encaixe de passagem: alta estabilidade atrav\u00e9s de guia dupla<\/li>\n<li class=\"field__item\">\u00a0Engate seguro do pino de articula\u00e7\u00e3o: sem desajuste involunt\u00e1rio<\/li>\n<li class=\"field__item\">\u00a0Efeito de alavanca favor\u00e1vel: transmiss\u00e3o \u00f3tima de for\u00e7a<\/li>\n<li class=\"field__item\">\u00a0Prote\u00e7\u00e3o de fixa\u00e7\u00e3o evita danifica\u00e7\u00f5es de esmagamento<\/li>\n<li class=\"field__item\">\u00a0Substitui um conjunto de chaves para parafusos, ideal para frenar<\/li>\n<\/ul>\n<p><strong><img loading=\"lazy\" decoding=\"async\" class=\"__mce_add_custom__\" title=\"caracteristicas.jpg\" src=\"http:\/\/supriex.com.br\/product_images\/uploaded_images\/caracteristicas.jpg\" alt=\"caracteristicas.jpg\" width=\"966\" height=\"36\" \/><\/strong><\/p>\n<div class=\"product--variation-field--variation_field_general_section__1682 field field--name-field-general-section field--type-key-value-class-field-type field--label-hidden field__items\">\n<div class=\"field__item\">\n<div class=\"key-value-class-item \">\n<div class=\"key\">Artigo n\u00ba 87 41 250<\/div>\n<\/div>\n<\/div>\n<div class=\"field__item\">\n<div class=\"key-value-class-item \">\n<div class=\"key\">EAN 4003773054566<\/div>\n<\/div>\n<\/div>\n<div class=\"field__item\">\n<div class=\"key-value-class-item \">\n<div class=\"key\">Alicates cinza, revestida contra oxida\u00e7\u00e3o<\/div>\n<\/div>\n<\/div>\n<div class=\"field__item\">\n<div class=\"key-value-class-item \">\n<div class=\"key\">Cabe\u00e7a polido<\/div>\n<\/div>\n<\/div>\n<div class=\"field__item\">\n<div class=\"key-value-class-item \">\n<div class=\"key\">Al\u00e7as coberto com pl\u00e1stico antiderrapante<\/div>\n<\/div>\n<\/div>\n<div class=\"field__item\">\n<div class=\"key-value-class-item \">\n<div class=\"key\">Peso 328 g<\/div>\n<\/div>\n<\/div>\n<div class=\"field__item\">\n<div class=\"key-value-class-item \">\n<div class=\"key\">Dimens\u00f5es 250 x 48 x 13 mm<\/div>\n<\/div>\n<\/div>\n<div class=\"field__item\">\n<div class=\"key-value-class-item \">\n<div class=\"key\">REACH compat\u00edvel n\u00e3o cont\u00e9m SVHC<\/div>\n<\/div>\n<\/div>\n<div class=\"field__item\">\n<div class=\"key-value-class-item \">\n<div class=\"key\">Compat\u00edvel com RoHS n\u00e3o se aplica<\/div>\n<\/div>\n<\/div>\n<\/div>\n<div class=\"product--variation-field--variation_field_technical_section__1682 field field--name-field-technical-section field--type-key-value-class-field-type field--label-hidden field__items\">\n<div class=\"field__item\">\n<div class=\"key-value-class-item \">\n<div class=\"key\">Posi\u00e7\u00f5es de ajuste 15<\/div>\n<\/div>\n<\/div>\n<\/div>\n","protected":false},"excerpt":{"rendered":"<p>Para porcas e parafusos m\u00e9tricos em polegadas com aberturas de chave de 10 at\u00e9 32 mm (3\/8&#8243; at\u00e9 1 1\/4&#8243;); auto-fixante na \u00e1rea a partir de<span class=\"excerpt-hellip\"> [\u2026]<\/span><\/p>\n","protected":false},"featured_media":4363,"template":"","meta":[],"product_brand":[],"product_cat":[44,103],"product_tag":[117,60,115,116,56,46],"class_list":{"0":"post-4355","1":"product","2":"type-product","3":"status-publish","4":"has-post-thumbnail","6":"product_cat-alicates","7":"product_cat-construcaocivil","8":"product_tag-117","9":"product_tag-alicate","10":"product_tag-alicate-universal","11":"product_tag-com-revestimento-plastico","12":"product_tag-knipex","13":"product_tag-supriex","15":"first","16":"instock","17":"shipping-taxable","18":"purchasable","19":"product-type-simple"},"_links":{"self":[{"href":"https:\/\/supriex.com.br\/loja\/wp-json\/wp\/v2\/product\/4355","targetHints":{"allow":["GET"]}}],"collection":[{"href":"https:\/\/supriex.com.br\/loja\/wp-json\/wp\/v2\/product"}],"about":[{"href":"https:\/\/supriex.com.br\/loja\/wp-json\/wp\/v2\/types\/product"}],"wp:featuredmedia":[{"embeddable":true,"href":"https:\/\/supriex.com.br\/loja\/wp-json\/wp\/v2\/media\/4363"}],"wp:attachment":[{"href":"https:\/\/supriex.com.br\/loja\/wp-json\/wp\/v2\/media?parent=4355"}],"wp:term":[{"taxonomy":"product_brand","embeddable":true,"href":"https:\/\/supriex.com.br\/loja\/wp-json\/wp\/v2\/product_brand?post=4355"},{"taxonomy":"product_cat","embeddable":true,"href":"https:\/\/supriex.com.br\/loja\/wp-json\/wp\/v2\/product_cat?post=4355"},{"taxonomy":"product_tag","embeddable":true,"href":"https:\/\/supriex.com.br\/loja\/wp-json\/wp\/v2\/product_tag?post=4355"}],"curies":[{"name":"wp","href":"https:\/\/api.w.org\/{rel}","templated":true}]}}