{"id":4200,"date":"2023-10-24T14:30:24","date_gmt":"2023-10-24T17:30:24","guid":{"rendered":"https:\/\/supriex.com.br\/loja\/?post_type=product&#038;p=4200"},"modified":"2025-11-05T08:04:19","modified_gmt":"2025-11-05T11:04:19","slug":"torques-30-power-com-cabo-emborrachado-9911300","status":"publish","type":"product","link":"https:\/\/supriex.com.br\/loja\/produto\/torques-30-power-com-cabo-emborrachado-9911300\/","title":{"rendered":"Torqu\u00eas 30 Power com cabo emborrachado &#8211; 9911300"},"content":{"rendered":"<div id=\"_mcePaste\" style=\"width: 1px;height: 1px;overflow: hidden\">[ecommerce_search_widget product_items=&#8221;6&#8243; p_sku_items=&#8221;0&#8243; p_cat_items=&#8221;0&#8243; p_tag_items=&#8221;0&#8243; post_items=&#8221;0&#8243; page_items=&#8221;0&#8243; show_price=&#8221;1&#8243; character_max=&#8221;100&#8243; style=&#8221;float:none;width:200px;padding-top:10px;padding-bottom:10px;padding-left:0px;padding-right:0px;&#8221; search_box_text=&#8221;&#8221;]Para a fixa\u00e7\u00e3o de a\u00e7o para concreto armado com arame de atar em rolo.<\/div>\n<div id=\"_mcePaste\" style=\"width: 1px;height: 1px;overflow: hidden\">Entrela\u00e7amento e corte do arame numa \u00fanica etapa de trabalho.<\/div>\n<div id=\"_mcePaste\" style=\"width: 1px;height: 1px;overflow: hidden\">Articula\u00e7\u00e3o de alta multiplica\u00e7\u00e3o, permitindo um trabalho com menor esfor\u00e7o, mesmo que sejam utilizados arames de atar mais espessos.<\/div>\n<div id=\"_mcePaste\" style=\"width: 1px;height: 1px;overflow: hidden\">Forma especialmente estreita para ligar ferros com pouco espa\u00e7o de movimenta\u00e7\u00e3o.<\/div>\n<div id=\"_mcePaste\" style=\"width: 1px;height: 1px;overflow: hidden\">Al\u00edvio de tend\u00f5es e m\u00fasculos gra\u00e7as ao acentuado amortecimento do impacto ap\u00f3s o corte do arame de atar.<\/div>\n<div id=\"_mcePaste\" style=\"width: 1px;height: 1px;overflow: hidden\">Dureza das m\u00e2minas de aproximadamente 61 HRC.<\/div>\n<div id=\"_mcePaste\" style=\"width: 1px;height: 1px;overflow: hidden\">A\u00e7o especial para ferramentas, qualidade extraordin\u00e1ria, forjado e temperado em \u00f3leo.<\/div>\n<div id=\"_mcePaste\" style=\"width: 1px;height: 1px;overflow: hidden\">CARACTERISTICAS T\u00c9CNICAS<\/div>\n<div id=\"_mcePaste\" style=\"width: 1px;height: 1px;overflow: hidden\">Alicate niquelado, revestimento contra oxida\u00e7\u00e3o.<\/div>\n<div id=\"_mcePaste\" style=\"width: 1px;height: 1px;overflow: hidden\">Cabe\u00e7a polida.<\/div>\n<div id=\"_mcePaste\" style=\"width: 1px;height: 1px;overflow: hidden\">Para Arames semi-duros__________3,8 \u00d8 mm<\/div>\n<div id=\"_mcePaste\" style=\"width: 1px;height: 1px;overflow: hidden\">Para Arames duros ______________2,0 \u00d8 mm<\/div>\n<div id=\"_mcePaste\" style=\"width: 1px;height: 1px;overflow: hidden\">Comprimento___________________300 mm<\/div>\n<div id=\"_mcePaste\" style=\"width: 1px;height: 1px;overflow: hidden\">Peso __________________________499 g<\/div>\n<div id=\"_mcePaste\" style=\"width: 1px;height: 1px;overflow: hidden\">*ESPECIAL<\/div>\n<div id=\"_mcePaste\" style=\"width: 1px;height: 1px;overflow: hidden\">Poupan\u00e7a de esfor\u00e7o de 25%, em compara\u00e7\u00e3o com torqu\u00eases para telas de arame convencionais do mesmo tamanho.<\/div>\n<ul class=\"product--variation-field--variation_field_product_desc_highlighted__16300 field field--name-field-product-desc-highlighted field--type-text-long field--label-hidden field__items\">\n<li class=\"field__item\">25% menos esfor\u00e7o necess\u00e1rio em compara\u00e7\u00e3o com pin\u00e7as convencionais do mesmo tamanho<\/li>\n<li class=\"field__item\">Formato extrafino para amarrar barras de a\u00e7o montadas em profundidade<\/li>\n<\/ul>\n<ul class=\"product--variation-field--variation_field_product_description__16300 field field--name-field-product-description field--type-text-long field--label-hidden field__items\">\n<li class=\"field__item\">Para amarrar a\u00e7o de refor\u00e7o de concreto com fio de liga\u00e7\u00e3o de um rolo<\/li>\n<li class=\"field__item\">O fio \u00e9 torcido e cortado em uma \u00fanica passagem<\/li>\n<li class=\"field__item\">Junta de alta alavancagem, minimizando a tens\u00e3o, mesmo quando s\u00e3o usados \u200b\u200bfios de liga\u00e7\u00e3o grossos<\/li>\n<li class=\"field__item\">O alto amortecimento do golpe de corte ao cortar o fio de amarra\u00e7\u00e3o reduz a tens\u00e3o nos tend\u00f5es e m\u00fasculos<\/li>\n<li class=\"field__item\">Arestas de corte adicionalmente endurecidas;\u00a0dureza da aresta de corte aprox.\u00a061 HRC<\/li>\n<\/ul>\n<p><strong><img loading=\"lazy\" decoding=\"async\" class=\"__mce_add_custom__\" title=\"caracteristicas.jpg\" src=\"http:\/\/supriex.com.br\/product_images\/uploaded_images\/caracteristicas.jpg\" alt=\"caracteristicas.jpg\" width=\"966\" height=\"36\" \/><\/strong><\/p>\n<p>Alicate preto, revestimento contra oxida\u00e7\u00e3o.<br \/>\nCabe\u00e7a polida.<\/p>\n<p>Artigo 99 11 300<\/p>\n<p>EAN 4003773042365<\/p>\n<p>Alicate preto atramentado<\/p>\n<p>Cabe\u00e7a polida<\/p>\n<p>Al\u00e7as revestido em pl\u00e1stico<\/p>\n<p>Peso 537g<\/p>\n<p>Dimens\u00f5es 300x51x17mm<\/p>\n<p>Padr\u00e3o RU\u00cdDO ISO 9242<\/p>\n<p><img decoding=\"async\" src=\"https:\/\/www.knipex.com\/sites\/default\/files\/pictograms\/IM0004107.png\" alt=\"Capacidades de corte fio m\u00e9dio duro (di\u00e2metro)\" height=\"17px\" \/> Capacidades de corte fio m\u00e9dio duro (di\u00e2metro) \u00d8 3,8mm<\/p>\n<p>Largura da cabe\u00e7a (W3) 25,0mm<\/p>\n<div class=\"product--variation-field--variation_field_technical_section__16300 field field--name-field-technical-section field--type-key-value-class-field-type field--label-hidden field__items\">\n<div class=\"field__item\">\n<div class=\"key-value-class-item \">\n<div class=\"key\">Comprimento da aresta de corte mm 25,0mm<\/div>\n<\/div>\n<\/div>\n<\/div>\n<p><strong>*ESPECIAL<\/strong><br \/>\nPoupan\u00e7a de esfor\u00e7o de 25%, em compara\u00e7\u00e3o com torqu\u00eases para telas de arame convencionais do mesmo tamanho.<\/p>\n<p>&nbsp;<\/p>\n","protected":false},"excerpt":{"rendered":"<p>[ecommerce_search_widget product_items=&#8221;6&#8243; p_sku_items=&#8221;0&#8243; p_cat_items=&#8221;0&#8243; p_tag_items=&#8221;0&#8243; post_items=&#8221;0&#8243; page_items=&#8221;0&#8243; show_price=&#8221;1&#8243; character_max=&#8221;100&#8243; style=&#8221;float:none;width:200px;padding-top:10px;padding-bottom:10px;padding-left:0px;padding-right:0px;&#8221; search_box_text=&#8221;&#8221;]Para a fixa\u00e7\u00e3o de a\u00e7o para concreto armado com arame de atar em rolo. Entrela\u00e7amento e<span class=\"excerpt-hellip\"> [\u2026]<\/span><\/p>\n","protected":false},"featured_media":4207,"template":"","meta":[],"class_list":["post-4200","product","type-product","status-publish","has-post-thumbnail","hentry","product_brands-knipex","product_cat-construcaocivil","product_cat-torques","product_tag-138","product_tag-armador","product_tag-cabo","product_tag-knipex","product_tag-supriex","product_tag-torques","product_tag-torques-30-power-com-cabo-emborrachado"],"_links":{"self":[{"href":"https:\/\/supriex.com.br\/loja\/wp-json\/wp\/v2\/product\/4200","targetHints":{"allow":["GET"]}}],"collection":[{"href":"https:\/\/supriex.com.br\/loja\/wp-json\/wp\/v2\/product"}],"about":[{"href":"https:\/\/supriex.com.br\/loja\/wp-json\/wp\/v2\/types\/product"}],"wp:featuredmedia":[{"embeddable":true,"href":"https:\/\/supriex.com.br\/loja\/wp-json\/wp\/v2\/media\/4207"}],"wp:attachment":[{"href":"https:\/\/supriex.com.br\/loja\/wp-json\/wp\/v2\/media?parent=4200"}],"curies":[{"name":"wp","href":"https:\/\/api.w.org\/{rel}","templated":true}]}}