{"id":4075,"date":"2022-10-24T16:22:53","date_gmt":"2022-10-24T19:22:53","guid":{"rendered":"https:\/\/supriex.com.br\/loja\/?post_type=product&#038;p=4075"},"modified":"2026-01-13T09:38:22","modified_gmt":"2026-01-13T12:38:22","slug":"cobra-xs-knipex-8700100xmas-alicate-bomba-dagua","status":"publish","type":"product","link":"https:\/\/supriex.com.br\/loja\/produto\/cobra-xs-knipex-8700100xmas-alicate-bomba-dagua\/","title":{"rendered":"Cobra XS Knipex 8700100 XMAS &#8211; Alicate Bomba D&#8217;\u00e1gua"},"content":{"rendered":"<ul>\n<li class=\"Beschreibung_Highlights\">Acesso ideal nos espa\u00e7os mais estreitos: design especialmente compacto com uma cabe\u00e7a muito fina.<\/li>\n<li class=\"Beschreibung_Highlights\">Ajuste preciso com uma m\u00e3o. Deslize para obter o encaixe ideal em v\u00e1rios tamanhos de pe\u00e7as.<\/li>\n<li class=\"Beschreibung_Highlights\">\u00c1rea de prender segura e duradoura, garantido por alta resist\u00eancia ao desgaste.<\/li>\n<li class=\"Beschreibung\">Capacidade para prender pe\u00e7as de \u00d8 28 mm (1\u2019\u2019), largura entre as partes retas de at\u00e9 24 mm \u2013 com apenas 100 mm de comprimento.<\/li>\n<li class=\"Beschreibung\">Articula\u00e7\u00e3o de encaixe: alta qualidade e durabilidade fornecidas por guia duplo.<\/li>\n<li class=\"Beschreibung\">Superf\u00edcies de prender com dentes especialmente refor\u00e7ados, firmeza de aproximadamente 60 HRC.<\/li>\n<li class=\"Beschreibung\">Auto-fixante em tubos e porcas: sem deslize na pe\u00e7a \u00a0\u00a0\u00a0 \u00a0 \u00a0\u00a0\u00a0, pouca for\u00e7a manual necess\u00e1ria.<\/li>\n<li class=\"Beschreibung\">Prote\u00e7\u00e3o de fixa\u00e7\u00e3o evita danifica\u00e7\u00f5es de esmagamento.<\/li>\n<li class=\"Beschreibung\">Ajuste fino com 11 posi\u00e7\u00f5es.<\/li>\n<\/ul>\n<p><strong><img loading=\"lazy\" decoding=\"async\" class=\"__mce_add_custom__\" title=\"caracteristicas.jpg\" src=\"http:\/\/supriex.com.br\/product_images\/uploaded_images\/caracteristicas.jpg\" alt=\"caracteristicas.jpg\" width=\"966\" height=\"36\" \/><\/strong><\/p>\n<table>\n<tbody>\n<tr>\n<th>No.<\/th>\n<td colspan=\"2\">87 00 100<\/td>\n<\/tr>\n<tr>\n<td><\/td>\n<th>EAN<\/th>\n<td style=\"text-align: center\" colspan=\"2\">4003773085836<\/td>\n<\/tr>\n<tr>\n<td align=\"center\"><\/td>\n<th>Alicate<\/th>\n<td style=\"text-align: center\">cinza, revestida contra oxida\u00e7\u00e3o<\/td>\n<\/tr>\n<tr>\n<td align=\"center\"><\/td>\n<th>Cabe\u00e7a<\/th>\n<td style=\"text-align: center\">polida<\/td>\n<\/tr>\n<tr>\n<td align=\"center\"><\/td>\n<th>Cabos<\/th>\n<td style=\"text-align: center\">superf\u00edcie \u00e1spera em relevo<\/td>\n<\/tr>\n<tr>\n<td align=\"center\"><\/td>\n<th>Posi\u00e7\u00f5es de ajuste<\/th>\n<td style=\"text-align: center\">11<\/td>\n<\/tr>\n<tr>\n<td align=\"center\"><img decoding=\"async\" src=\"https:\/\/www.knipex.com\/fileadmin\/site\/knipex\/scripts\/mediando\/images\/KNIPEX\/Symbole\/web\/normal\/KNPK1001_s.gif\" alt=\"Capacidade para porcas abertura de chave\" \/><\/td>\n<th>Capacidade para porcas abertura de chave<\/th>\n<td style=\"text-align: center\">24 mm<\/td>\n<\/tr>\n<tr>\n<td align=\"center\"><img decoding=\"async\" src=\"https:\/\/www.knipex.com\/fileadmin\/site\/knipex\/scripts\/mediando\/images\/KNIPEX\/Symbole\/web\/normal\/KNPK1001_s.gif\" alt=\"Capacidade para porcas abertura de chave\" \/><\/td>\n<th>Capacidade para porcas abertura de chave<\/th>\n<td style=\"text-align: center\">1 Polegadas<\/td>\n<\/tr>\n<tr>\n<td align=\"center\"><img decoding=\"async\" src=\"https:\/\/www.knipex.com\/fileadmin\/site\/knipex\/scripts\/mediando\/images\/KNIPEX\/Symbole\/web\/normal\/KNPK0991_s.gif\" alt=\"Capacidade para tubos (di\u00e2metro)\" \/><\/td>\n<th>Capacidade para tubos (di\u00e2metro)<\/th>\n<td style=\"text-align: center\">28 \u00d8 mm<\/td>\n<\/tr>\n<tr>\n<td align=\"center\"><img decoding=\"async\" src=\"https:\/\/www.knipex.com\/fileadmin\/site\/knipex\/scripts\/mediando\/images\/KNIPEX\/Symbole\/web\/normal\/Waage_s.gif\" alt=\"Peso l\u00edquido\" \/><\/td>\n<th>Peso l\u00edquido<\/th>\n<td style=\"text-align: center\">63 g<\/td>\n<\/tr>\n<tr>\n<td align=\"center\"><img decoding=\"async\" src=\"https:\/\/www.knipex.com\/fileadmin\/site\/knipex\/scripts\/mediando\/images\/KNIPEX\/Symbole\/web\/normal\/KNPK_Laenge_s.gif\" alt=\"Comprimento\" \/><\/td>\n<th>Comprimento<\/th>\n<td style=\"text-align: center\">100 mm<\/td>\n<\/tr>\n<\/tbody>\n<\/table>\n<p>&nbsp;<\/p>\n","protected":false},"excerpt":{"rendered":"\n","protected":false},"featured_media":4076,"template":"","meta":[],"class_list":["post-4075","product","type-product","status-publish","has-post-thumbnail","hentry","product_brands-knipex","product_cat-alicates","product_cat-construcaocivil","product_tag-112","product_tag-alicate","product_tag-alicate-bomba-dagua","product_tag-cobra-xs","product_tag-knipex","product_tag-supriex"],"_links":{"self":[{"href":"https:\/\/supriex.com.br\/loja\/wp-json\/wp\/v2\/product\/4075","targetHints":{"allow":["GET"]}}],"collection":[{"href":"https:\/\/supriex.com.br\/loja\/wp-json\/wp\/v2\/product"}],"about":[{"href":"https:\/\/supriex.com.br\/loja\/wp-json\/wp\/v2\/types\/product"}],"wp:featuredmedia":[{"embeddable":true,"href":"https:\/\/supriex.com.br\/loja\/wp-json\/wp\/v2\/media\/4076"}],"wp:attachment":[{"href":"https:\/\/supriex.com.br\/loja\/wp-json\/wp\/v2\/media?parent=4075"}],"curies":[{"name":"wp","href":"https:\/\/api.w.org\/{rel}","templated":true}]}}