{"id":3576,"date":"2020-11-23T13:03:51","date_gmt":"2020-11-23T16:03:51","guid":{"rendered":"https:\/\/supriex.com.br\/loja\/?post_type=product&#038;p=3576"},"modified":"2024-05-04T11:41:45","modified_gmt":"2024-05-04T14:41:45","slug":"alicate-multi-funcao-p-eletricista-knipex-1392200","status":"publish","type":"product","link":"https:\/\/supriex.com.br\/loja\/produto\/alicate-multi-funcao-p-eletricista-knipex-1392200\/","title":{"rendered":"Alicate Multi Fun\u00e7\u00e3o p\/ Eletricista Knipex 1392200"},"content":{"rendered":"<ul>\n<li class=\"Beschreibung_Highlights\">\n<div class=\"bulletpoint-container\">\n<ul class=\"product--variation-field--variation_field_product_desc_highlighted__1928 field field--name-field-product-desc-highlighted field--type-text-long field--label-hidden field__items\">\n<li class=\"field__item\">6 fun\u00e7\u00f5es em um alicate.<\/li>\n<li class=\"field__item\">Alicate multifuncional para instala\u00e7\u00e3o el\u00e9trica;\u00a0para agarrar materiais planos e redondos, para dobrar, rebarbar, cortar cabos, descarnar e cravar ponteiras de arame.<\/li>\n<\/ul>\n<ul class=\"product--variation-field--variation_field_product_description__1928 field field--name-field-product-description field--type-text-long field--label-hidden field__items\">\n<li class=\"field__item\">No caso de modelos com mola de abertura integrada na junta, a alavanca de travamento ativada mant\u00e9m os gumes fechados enquanto outras fun\u00e7\u00f5es permanecem ativas.<\/li>\n<li class=\"field__item\">O mecanismo de travamento inteligente permite &#8220;agarrar&#8221; sem abrir o alicate.\u00a0A aresta de corte permanece fechada e protegida.<\/li>\n<li class=\"field__item\">Superf\u00edcies lisas pr\u00f3ximas \u00e0s pontas prendem n\u00facleos \u00fanicos sem danific\u00e1-los;\u00a0superf\u00edcies de agarrar serrilhadas e pega de tubo para agarrar material plano e redondo.<\/li>\n<li class=\"field__item\">Borda externa n\u00edtida nas superf\u00edcies de fixa\u00e7\u00e3o para trabalhar em caixas de jun\u00e7\u00e3o embutidas e rebarbar orif\u00edcios de passagem.<\/li>\n<li class=\"field__item\">Furos de decapagem para condutores de 0,75 &#8211; 1,5 mm\u00b2 e 2,5 mm\u00b2.<\/li>\n<li class=\"field__item\">Matriz de crimpagem para terminais de arame 0,5 &#8211; 2,5 mm\u00b2.<\/li>\n<li class=\"field__item\">Tesouras de cabos com arestas de corte de precis\u00e3o (endurecidas por indu\u00e7\u00e3o) para cabos de cobre e alum\u00ednio at\u00e9 5 x 2,5 mm\u00b2 \/ \u00d8 15 mm.<\/li>\n<li class=\"field__item\">Dimens\u00f5es estreitas para f\u00e1cil acesso.<\/li>\n<li class=\"field__item\">Junta aparafusada: opera\u00e7\u00e3o precisa e sem folga do alicate.<\/li>\n<li class=\"field__item\">A\u00e7o especial para ferramentas de alta qualidade, forjado, temperado em \u00f3leo em v\u00e1rios est\u00e1gios.<\/li>\n<\/ul>\n<div class=\"product--variation-field--variation_field_product_desc_material__1928\"><\/div>\n<\/div>\n<div class=\"field field--name-variations field--type-entity-reference field--label-hidden field__items\">\n<div class=\"field__item\">\n<div id=\"commerce-product-add-to-cart-form\">\n<div id=\"edit-purchased-entity-wrapper\" class=\"field--type-entity-reference field--name-purchased-entity field--widget-commerce-product-variation-attributes-redirect js-form-wrapper form-wrapper\" data-drupal-selector=\"edit-purchased-entity-wrapper\">\n<div id=\"edit-purchased-entity-0-attributes\" class=\"attribute-widgets js-form-wrapper form-wrapper\" data-drupal-selector=\"edit-purchased-entity-0-attributes\"><\/div>\n<\/div>\n<\/div>\n<\/div>\n<\/div>\n<\/li>\n<\/ul>\n<p><strong><img loading=\"lazy\" decoding=\"async\" class=\"__mce_add_custom__\" title=\"caracteristicas.jpg\" src=\"http:\/\/supriex.com.br\/product_images\/uploaded_images\/caracteristicas.jpg\" alt=\"caracteristicas.jpg\" width=\"966\" height=\"36\" \/><\/strong><\/p>\n<table>\n<tbody>\n<tr>\n<th>No.<\/th>\n<td colspan=\"2\">13 92 200<\/td>\n<\/tr>\n<tr>\n<td><\/td>\n<th>EAN<\/th>\n<td style=\"text-align: center\" colspan=\"2\">4003773075103<\/td>\n<\/tr>\n<tr>\n<td align=\"center\"><\/td>\n<th>Alicate<\/th>\n<td style=\"text-align: center\">preto revestimento contra oxida\u00e7\u00e3o<\/td>\n<\/tr>\n<tr>\n<td align=\"center\"><\/td>\n<th>Cabe\u00e7a<\/th>\n<td style=\"text-align: center\">polida<\/td>\n<\/tr>\n<tr>\n<td align=\"center\"><\/td>\n<th>Cabos<\/th>\n<td style=\"text-align: center\">com capas multicomponentes<\/td>\n<\/tr>\n<tr>\n<td align=\"center\"><img decoding=\"async\" src=\"https:\/\/www.knipex.com\/fileadmin\/site\/knipex\/scripts\/mediando\/images\/KNIPEX\/Symbole\/web\/normal\/KNPK0191.gif\" alt=\"Valor de corte cabo Cu, multifilar (di\u00e2metro)\" \/><\/td>\n<th>Valor de corte cabo Cu, multifilar (di\u00e2metro)<\/th>\n<td style=\"text-align: center\">15 \u00d8 mm<\/td>\n<\/tr>\n<tr>\n<td align=\"center\"><img decoding=\"async\" src=\"https:\/\/www.knipex.com\/fileadmin\/site\/knipex\/scripts\/mediando\/images\/KNIPEX\/Symbole\/web\/normal\/KNPK0191.gif\" alt=\"Valor de corte cabo Cu, multifilar\" \/><\/td>\n<th>Valor de corte cabo Cu, multifilar<\/th>\n<td style=\"text-align: center\">50 mm\u00b2<\/td>\n<\/tr>\n<tr>\n<td align=\"center\"><\/td>\n<th>Valores de retirar isolamento para fios singelos<\/th>\n<td style=\"text-align: center\">0,75 &#8211; 1,5 + 2,5 mm\u00b2<\/td>\n<\/tr>\n<tr>\n<td align=\"center\"><\/td>\n<th>Capacidade em mil\u00edmetros quadrados<\/th>\n<td style=\"text-align: center\">0,5 &#8211; 2,5 mm\u00b2<\/td>\n<\/tr>\n<tr>\n<td align=\"center\"><\/td>\n<th>AWG<\/th>\n<td style=\"text-align: center\">1\/0<\/td>\n<\/tr>\n<tr>\n<td align=\"center\"><img decoding=\"async\" src=\"https:\/\/www.knipex.com\/fileadmin\/site\/knipex\/scripts\/mediando\/images\/KNIPEX\/Symbole\/web\/normal\/KNPK_Laenge_s.gif\" alt=\"Comprimento\" \/><\/td>\n<th>Comprimento<\/th>\n<td style=\"text-align: center\">200 mm<\/td>\n<\/tr>\n<tr>\n<td align=\"center\"><img decoding=\"async\" src=\"https:\/\/www.knipex.com\/fileadmin\/site\/knipex\/scripts\/mediando\/images\/KNIPEX\/Symbole\/web\/normal\/Waage_s.gif\" alt=\"Peso l\u00edquido\" \/><\/td>\n<th>Peso l\u00edquido<\/th>\n<td style=\"text-align: center\">280 g<\/td>\n<\/tr>\n<\/tbody>\n<\/table>\n<p>&nbsp;<\/p>\n","protected":false},"excerpt":{"rendered":"<p class=\"premiuminhalt_titel\">A ferramenta multifuncional para eletricistas<\/p>\n<p class=\"premiuminhalt_subtitel\">Para cortar cabos, para descarnar fios, rebarbar, dobrar, prender e crimpar<\/p>\n<p class=\"FT\">Devido \u00e0s suas muitas fun\u00e7\u00f5es, esses alicates universais significam que n\u00e3o h\u00e1 necessidade de trocar constantemente de ferramentas.\u00a0Apenas uma ferramenta \u00e9 adequada para as etapas de trabalho mais importantes e recorrentes na instala\u00e7\u00e3o el\u00e9trica.<\/p>\n<p class=\"premiuminhalt_subtitel\">Com lingueta integrada<\/p>\n<p class=\"FT\">A lingueta ativada mant\u00e9m as arestas de corte fechadas enquanto outras fun\u00e7\u00f5es permanecem no lugar.\u00a0Com este mecanismo de fechamento inteligente, voc\u00ea pode segurar sem abrir o alicate.\u00a0A aresta de corte permanece fechada e protegida.<\/p>\n<p class=\"premiuminhalt_subtitel\">Ferramenta vers\u00e1til para usu\u00e1rios profissionais<\/p>\n<p class=\"FT\">As superf\u00edcies de aperto do alicate de instala\u00e7\u00e3o s\u00e3o lisas na ponta, permitindo que os condutores individuais sejam mantidos e posicionados sem serem danificados.\u00a0Existem superf\u00edcies de agarrar perfiladas e uma pega de tubo para agarrar materiais planos e redondos.\u00a0As arestas de corte de precis\u00e3o temperadas por indu\u00e7\u00e3o produzem cortes limpos em cabos de Cu e Al at\u00e9 \u00d8 15 mm.\u00a0Gra\u00e7as \u00e0s suas garras multicomponentes antiderrapantes, os alicates de instala\u00e7\u00e3o s\u00e3o seguros e confort\u00e1veis \u200b\u200bde usar.<\/p>\n<p class=\"FT\">O alicate de instala\u00e7\u00e3o el\u00e9trica economiza tempo, espa\u00e7o e peso.\u00a0Com 200 mm de comprimento, cabem em qualquer bolsa de ferramentas e com um peso de apenas 280 g s\u00e3o leves \u2013 especialmente em compara\u00e7\u00e3o com v\u00e1rias ferramentas individuais.<\/p>\n","protected":false},"featured_media":4030,"template":"","meta":[],"product_brand":[],"product_cat":[44,103],"product_tag":[121,60,123,125,122,56,124,46],"class_list":{"0":"post-3576","1":"product","2":"type-product","3":"status-publish","4":"has-post-thumbnail","6":"product_cat-alicates","7":"product_cat-construcaocivil","8":"product_tag-121","9":"product_tag-alicate","10":"product_tag-alicate-multi-funcao","11":"product_tag-alicate-para-eletricista","12":"product_tag-eletricista","13":"product_tag-knipex","14":"product_tag-multi-funcao","15":"product_tag-supriex","17":"first","18":"instock","19":"sale","20":"shipping-taxable","21":"purchasable","22":"product-type-simple"},"_links":{"self":[{"href":"https:\/\/supriex.com.br\/loja\/wp-json\/wp\/v2\/product\/3576","targetHints":{"allow":["GET"]}}],"collection":[{"href":"https:\/\/supriex.com.br\/loja\/wp-json\/wp\/v2\/product"}],"about":[{"href":"https:\/\/supriex.com.br\/loja\/wp-json\/wp\/v2\/types\/product"}],"wp:featuredmedia":[{"embeddable":true,"href":"https:\/\/supriex.com.br\/loja\/wp-json\/wp\/v2\/media\/4030"}],"wp:attachment":[{"href":"https:\/\/supriex.com.br\/loja\/wp-json\/wp\/v2\/media?parent=3576"}],"wp:term":[{"taxonomy":"product_brand","embeddable":true,"href":"https:\/\/supriex.com.br\/loja\/wp-json\/wp\/v2\/product_brand?post=3576"},{"taxonomy":"product_cat","embeddable":true,"href":"https:\/\/supriex.com.br\/loja\/wp-json\/wp\/v2\/product_cat?post=3576"},{"taxonomy":"product_tag","embeddable":true,"href":"https:\/\/supriex.com.br\/loja\/wp-json\/wp\/v2\/product_tag?post=3576"}],"curies":[{"name":"wp","href":"https:\/\/api.w.org\/{rel}","templated":true}]}}