{"id":3569,"date":"2020-11-23T11:37:40","date_gmt":"2020-11-23T14:37:40","guid":{"rendered":"https:\/\/supriex.com.br\/loja\/?post_type=product&#038;p=3569"},"modified":"2025-05-20T08:45:42","modified_gmt":"2025-05-20T11:45:42","slug":"mini-chave-de-alicate-knipex-8603150","status":"publish","type":"product","link":"https:\/\/supriex.com.br\/loja\/produto\/mini-chave-de-alicate-knipex-8603150\/","title":{"rendered":"Mini Chave de Alicate Knipex 8603150"},"content":{"rendered":"<ul>\n<li class=\"Beschreibung_Highlights\"><strong>Substitui um jogo de chaves de parafusos, m\u00e9tricas e em polegadas.<\/strong><\/li>\n<li class=\"Beschreibung_Highlights\"><strong>Mordentes lisos para a montagem sem danifica\u00e7\u00e3o de arma\u00e7\u00f5es com superf\u00edcies tratadas &#8211; trabalhos diretamente sobre cromo!<\/strong><\/li>\n<li class=\"Beschreibung\">Ferramenta de aperto ajust\u00e1vel.<\/li>\n<li class=\"Beschreibung\">Tamb\u00e9m muito adequado para pegar, segurar, prensar e dobrar pe\u00e7as de trabalho.<\/li>\n<li class=\"Beschreibung\">Ajuste por bot\u00e3o diretamente na pe\u00e7a de trabalho.<\/li>\n<li class=\"Beschreibung\">Sem danifica\u00e7\u00e3o dos cantos em materiais sens\u00edveis por contato na superf\u00edcie inteira e sem folga.<\/li>\n<li class=\"Beschreibung\">Mand\u00edbulas paralelas d\u00e3o um aperto mais s\u00f3lido; o seu design permite um ajuste flex\u00edvel de todas as medidas at\u00e9 ao tamanho m\u00e1ximo especificado.<\/li>\n<li class=\"Beschreibung\">Engate seguro do pino de articula\u00e7\u00e3o: sem desajuste involunt\u00e1rio.<\/li>\n<li class=\"Beschreibung\">O curso entre os mordentes de pegar possibilita um aperto e abertura r\u00e1pidos de conex\u00f5es de parafusos conforme o princ\u00edpio de catraca.<\/li>\n<li class=\"Beschreibung\">Alta for\u00e7a de fixa\u00e7\u00e3o atrav\u00e9s da amplia\u00e7\u00e3o da for\u00e7a de m\u00e3o em 10 vezes.<\/li>\n<li class=\"kpx_material\">A\u00e7o el\u00e9trico cromo-van\u00e1dio, forjado e temperado em \u00f3leo.<\/li>\n<\/ul>\n<p><span class=\"typnameArt\">Comprimento: 150 mm:<\/span><\/p>\n<ul>\n<li class=\"KPX_Laengentext_150\">A chave universal ideal em formato de bolso.<\/li>\n<li class=\"KPX_Laengentext_150\">O companheiro indispens\u00e1vel como ferramenta port\u00e1til.<\/li>\n<\/ul>\n<p><strong><img loading=\"lazy\" decoding=\"async\" class=\"__mce_add_custom__\" title=\"caracteristicas.jpg\" src=\"http:\/\/supriex.com.br\/product_images\/uploaded_images\/caracteristicas.jpg\" alt=\"caracteristicas.jpg\" width=\"966\" height=\"36\" \/><\/strong><\/p>\n<table>\n<tbody>\n<tr>\n<th>No.<\/th>\n<td colspan=\"2\">02 02 200<\/td>\n<\/tr>\n<tr>\n<td><\/td>\n<th>EAN<\/th>\n<td style=\"text-align: center\" colspan=\"2\">4003773034902<\/td>\n<\/tr>\n<tr>\n<td align=\"center\"><\/td>\n<th>Alicate<\/th>\n<td style=\"text-align: center\">preto revestimento contra oxida\u00e7\u00e3o<\/td>\n<\/tr>\n<tr>\n<td align=\"center\"><\/td>\n<th>Cabe\u00e7a<\/th>\n<td style=\"text-align: center\">polida<\/td>\n<\/tr>\n<tr>\n<td align=\"center\"><\/td>\n<th>Cabos<\/th>\n<td style=\"text-align: center\">com capas multicomponentes<\/td>\n<\/tr>\n<tr>\n<td align=\"center\"><img decoding=\"async\" src=\"https:\/\/www.knipex.com\/fileadmin\/site\/knipex\/scripts\/mediando\/images\/KNIPEX\/Symbole\/web\/normal\/Draht-hart_s.gif\" alt=\"Valores de corte de arame duro (di\u00e2metro)\" \/><\/td>\n<th>Valores de corte de arame duro (di\u00e2metro)<\/th>\n<td style=\"text-align: center\">2,8 \u00d8 mm<\/td>\n<\/tr>\n<tr>\n<td align=\"center\"><img decoding=\"async\" src=\"https:\/\/www.knipex.com\/fileadmin\/site\/knipex\/scripts\/mediando\/images\/KNIPEX\/Symbole\/web\/normal\/Draht-piano_s.gif\" alt=\"Valores de corte de corda de piano (di\u00e2metro)\" \/><\/td>\n<th>Valores de corte de corda de piano (di\u00e2metro)<\/th>\n<td style=\"text-align: center\">2,2 \u00d8 mm<\/td>\n<\/tr>\n<tr>\n<td align=\"center\"><img decoding=\"async\" src=\"https:\/\/www.knipex.com\/fileadmin\/site\/knipex\/scripts\/mediando\/images\/KNIPEX\/Symbole\/web\/normal\/KNPK0191.gif\" alt=\"Valor de corte cabo Cu, multifilar (di\u00e2metro)\" \/><\/td>\n<th>Valor de corte cabo Cu, multifilar (di\u00e2metro)<\/th>\n<td style=\"text-align: center\">13,0 \u00d8 mm<\/td>\n<\/tr>\n<tr>\n<td align=\"center\"><img decoding=\"async\" src=\"https:\/\/www.knipex.com\/fileadmin\/site\/knipex\/scripts\/mediando\/images\/KNIPEX\/Symbole\/web\/normal\/KNPK0191.gif\" alt=\"Valor de corte cabo Cu, multifilar\" \/><\/td>\n<th>Valor de corte cabo Cu, multifilar<\/th>\n<td style=\"text-align: center\">25 mm\u00b2<\/td>\n<\/tr>\n<tr>\n<td align=\"center\"><img decoding=\"async\" src=\"https:\/\/www.knipex.com\/fileadmin\/site\/knipex\/scripts\/mediando\/images\/KNIPEX\/Symbole\/web\/normal\/KNPK_Laenge_s.gif\" alt=\"Comprimento\" \/><\/td>\n<th>Comprimento<\/th>\n<td style=\"text-align: center\">200 mm<\/td>\n<\/tr>\n<tr>\n<td align=\"center\"><img decoding=\"async\" src=\"https:\/\/www.knipex.com\/fileadmin\/site\/knipex\/scripts\/mediando\/images\/KNIPEX\/Symbole\/web\/normal\/Waage_s.gif\" alt=\"Peso l\u00edquido\" \/><\/td>\n<th>Peso l\u00edquido<\/th>\n<td style=\"text-align: center\">342 g<\/td>\n<\/tr>\n<\/tbody>\n<\/table>\n<p>&nbsp;<\/p>\n<p><strong>Pe\u00e7as sobressalentes<\/strong><\/p>\n<table class=\"medTable\">\n<tbody>\n<tr>\n<th>No.<\/th>\n<th>EAN<\/th>\n<th><\/th>\n<\/tr>\n<tr>\n<td>86 09 150<\/td>\n<td class=\"center\">4003773073123<\/td>\n<td colspan=\"\">Sortido de pe\u00e7as sobressalentes ajuste para 86 150<\/td>\n<\/tr>\n<\/tbody>\n<\/table>\n","protected":false},"excerpt":{"rendered":"<p>Os mordentes lisos agarram, quando necess\u00e1rio, com elevada for\u00e7a de press\u00e3o todas as \u00e1reas paralelas na \u00e1rea de capacidade e permitem \u00e0s chaves de alicate explorar op\u00e7\u00f5es de aplica\u00e7\u00e3o quase ilimitadas: por ex. para uni\u00f5es roscadas de frenagem, prensagem para a ativa\u00e7\u00e3o da for\u00e7a adesiva em colas de contato, quebra de bordos em trabalho de ladrilhagem, abertura de conectores de cabo, utiliza\u00e7\u00e3o como pequeno torno.<\/p>\n","protected":false},"featured_media":3578,"template":"","meta":[],"product_brand":[],"product_cat":[44,34,103],"product_tag":[118,60,120,56,119,46],"class_list":{"0":"post-3569","1":"product","2":"type-product","3":"status-publish","4":"has-post-thumbnail","6":"product_cat-alicates","7":"product_cat-chaves","8":"product_cat-construcaocivil","9":"product_tag-118","10":"product_tag-alicate","11":"product_tag-chave","12":"product_tag-knipex","13":"product_tag-mini-chave-de-alicate","14":"product_tag-supriex","16":"first","17":"instock","18":"shipping-taxable","19":"purchasable","20":"product-type-simple"},"_links":{"self":[{"href":"https:\/\/supriex.com.br\/loja\/wp-json\/wp\/v2\/product\/3569","targetHints":{"allow":["GET"]}}],"collection":[{"href":"https:\/\/supriex.com.br\/loja\/wp-json\/wp\/v2\/product"}],"about":[{"href":"https:\/\/supriex.com.br\/loja\/wp-json\/wp\/v2\/types\/product"}],"wp:featuredmedia":[{"embeddable":true,"href":"https:\/\/supriex.com.br\/loja\/wp-json\/wp\/v2\/media\/3578"}],"wp:attachment":[{"href":"https:\/\/supriex.com.br\/loja\/wp-json\/wp\/v2\/media?parent=3569"}],"wp:term":[{"taxonomy":"product_brand","embeddable":true,"href":"https:\/\/supriex.com.br\/loja\/wp-json\/wp\/v2\/product_brand?post=3569"},{"taxonomy":"product_cat","embeddable":true,"href":"https:\/\/supriex.com.br\/loja\/wp-json\/wp\/v2\/product_cat?post=3569"},{"taxonomy":"product_tag","embeddable":true,"href":"https:\/\/supriex.com.br\/loja\/wp-json\/wp\/v2\/product_tag?post=3569"}],"curies":[{"name":"wp","href":"https:\/\/api.w.org\/{rel}","templated":true}]}}