{"id":3568,"date":"2020-11-23T11:27:57","date_gmt":"2020-11-23T14:27:57","guid":{"rendered":"https:\/\/supriex.com.br\/loja\/?post_type=product&#038;p=3568"},"modified":"2026-01-24T08:54:13","modified_gmt":"2026-01-24T11:54:13","slug":"alicate-universal-knipex-0202200-com-revestimento-plastico","status":"publish","type":"product","link":"https:\/\/supriex.com.br\/loja\/produto\/alicate-universal-knipex-0202200-com-revestimento-plastico\/","title":{"rendered":"Alicate Universal Knipex 0202200 &#8211; Com Revestimento Pl\u00e1stico"},"content":{"rendered":"<ul>\n<li class=\"Beschreibung_Highlights\"><strong>Economia de for\u00e7a de 35% em compara\u00e7\u00e3o com alicates universais convencionais.<\/strong><\/li>\n<li class=\"Beschreibung_Highlights\"><strong>Com gumes (dureza aprox. 63 HRC) para inserto duro<\/strong><\/li>\n<li class=\"Beschreibung\">Trabalho mais f\u00e1cil devido a uma multiplica\u00e7\u00e3o otimizada.<\/li>\n<li class=\"Beschreibung\">Cortar mais facilmente, agarrar, dobrar e puxar com for\u00e7a.<\/li>\n<li class=\"Beschreibung\">Gumes compridos para cabos mais grossos.<\/li>\n<li class=\"Beschreibung\">Com zonas de pegar para material plano e redondo para emprego variado.<\/li>\n<li class=\"kpx_material\">A\u00e7o especial para ferramentas, de qualidade extraordin\u00e1ria, forjado e temperado em \u00f3leo m\u00faltiplas vezes.<\/li>\n<\/ul>\n<p><strong><img loading=\"lazy\" decoding=\"async\" class=\"__mce_add_custom__\" title=\"caracteristicas.jpg\" src=\"http:\/\/supriex.com.br\/product_images\/uploaded_images\/caracteristicas.jpg\" alt=\"caracteristicas.jpg\" width=\"966\" height=\"36\" \/><\/strong><\/p>\n<table>\n<tbody>\n<tr>\n<th>No.<\/th>\n<td colspan=\"2\">02 02 200<\/td>\n<\/tr>\n<tr>\n<td><\/td>\n<th>EAN<\/th>\n<td style=\"text-align: center\" colspan=\"2\">4003773034902<\/td>\n<\/tr>\n<tr>\n<td align=\"center\"><\/td>\n<th>Alicate<\/th>\n<td style=\"text-align: center\">preto revestimento contra oxida\u00e7\u00e3o<\/td>\n<\/tr>\n<tr>\n<td align=\"center\"><\/td>\n<th>Cabe\u00e7a<\/th>\n<td style=\"text-align: center\">polida<\/td>\n<\/tr>\n<tr>\n<td align=\"center\"><\/td>\n<th>Cabos<\/th>\n<td style=\"text-align: center\">com capas multicomponentes<\/td>\n<\/tr>\n<tr>\n<td align=\"center\"><img decoding=\"async\" src=\"https:\/\/www.knipex.com\/fileadmin\/site\/knipex\/scripts\/mediando\/images\/KNIPEX\/Symbole\/web\/normal\/Draht-hart_s.gif\" alt=\"Valores de corte de arame duro (di\u00e2metro)\" \/><\/td>\n<th>Valores de corte de arame duro (di\u00e2metro)<\/th>\n<td style=\"text-align: center\">2,8 \u00d8 mm<\/td>\n<\/tr>\n<tr>\n<td align=\"center\"><img decoding=\"async\" src=\"https:\/\/www.knipex.com\/fileadmin\/site\/knipex\/scripts\/mediando\/images\/KNIPEX\/Symbole\/web\/normal\/Draht-piano_s.gif\" alt=\"Valores de corte de corda de piano (di\u00e2metro)\" \/><\/td>\n<th>Valores de corte de corda de piano (di\u00e2metro)<\/th>\n<td style=\"text-align: center\">2,2 \u00d8 mm<\/td>\n<\/tr>\n<tr>\n<td align=\"center\"><img decoding=\"async\" src=\"https:\/\/www.knipex.com\/fileadmin\/site\/knipex\/scripts\/mediando\/images\/KNIPEX\/Symbole\/web\/normal\/KNPK0191.gif\" alt=\"Valor de corte cabo Cu, multifilar (di\u00e2metro)\" \/><\/td>\n<th>Valor de corte cabo Cu, multifilar (di\u00e2metro)<\/th>\n<td style=\"text-align: center\">13,0 \u00d8 mm<\/td>\n<\/tr>\n<tr>\n<td align=\"center\"><img decoding=\"async\" src=\"https:\/\/www.knipex.com\/fileadmin\/site\/knipex\/scripts\/mediando\/images\/KNIPEX\/Symbole\/web\/normal\/KNPK0191.gif\" alt=\"Valor de corte cabo Cu, multifilar\" \/><\/td>\n<th>Valor de corte cabo Cu, multifilar<\/th>\n<td style=\"text-align: center\">25 mm\u00b2<\/td>\n<\/tr>\n<tr>\n<td align=\"center\"><img decoding=\"async\" src=\"https:\/\/www.knipex.com\/fileadmin\/site\/knipex\/scripts\/mediando\/images\/KNIPEX\/Symbole\/web\/normal\/KNPK_Laenge_s.gif\" alt=\"Comprimento\" \/><\/td>\n<th>Comprimento<\/th>\n<td style=\"text-align: center\">200 mm<\/td>\n<\/tr>\n<tr>\n<td align=\"center\"><img decoding=\"async\" src=\"https:\/\/www.knipex.com\/fileadmin\/site\/knipex\/scripts\/mediando\/images\/KNIPEX\/Symbole\/web\/normal\/Waage_s.gif\" alt=\"Peso l\u00edquido\" \/><\/td>\n<th>Peso l\u00edquido<\/th>\n<td style=\"text-align: center\">342 g<\/td>\n<\/tr>\n<\/tbody>\n<\/table>\n<p>&nbsp;<\/p>\n","protected":false},"excerpt":{"rendered":"<p>Economia de for\u00e7a de 35% em compara\u00e7\u00e3o com alicates universais convencionais. Com gumes (dureza aprox. 63 HRC) para inserto duro Trabalho mais f\u00e1cil devido a uma<span class=\"excerpt-hellip\"> [\u2026]<\/span><\/p>\n","protected":false},"featured_media":3756,"template":"","meta":[],"product_brand":[],"product_cat":[44,103],"product_tag":[117,60,115,116,56,46],"class_list":{"0":"post-3568","1":"product","2":"type-product","3":"status-publish","4":"has-post-thumbnail","6":"product_cat-alicates","7":"product_cat-construcaocivil","8":"product_tag-117","9":"product_tag-alicate","10":"product_tag-alicate-universal","11":"product_tag-com-revestimento-plastico","12":"product_tag-knipex","13":"product_tag-supriex","15":"first","16":"instock","17":"shipping-taxable","18":"purchasable","19":"product-type-simple"},"_links":{"self":[{"href":"https:\/\/supriex.com.br\/loja\/wp-json\/wp\/v2\/product\/3568","targetHints":{"allow":["GET"]}}],"collection":[{"href":"https:\/\/supriex.com.br\/loja\/wp-json\/wp\/v2\/product"}],"about":[{"href":"https:\/\/supriex.com.br\/loja\/wp-json\/wp\/v2\/types\/product"}],"wp:featuredmedia":[{"embeddable":true,"href":"https:\/\/supriex.com.br\/loja\/wp-json\/wp\/v2\/media\/3756"}],"wp:attachment":[{"href":"https:\/\/supriex.com.br\/loja\/wp-json\/wp\/v2\/media?parent=3568"}],"wp:term":[{"taxonomy":"product_brand","embeddable":true,"href":"https:\/\/supriex.com.br\/loja\/wp-json\/wp\/v2\/product_brand?post=3568"},{"taxonomy":"product_cat","embeddable":true,"href":"https:\/\/supriex.com.br\/loja\/wp-json\/wp\/v2\/product_cat?post=3568"},{"taxonomy":"product_tag","embeddable":true,"href":"https:\/\/supriex.com.br\/loja\/wp-json\/wp\/v2\/product_tag?post=3568"}],"curies":[{"name":"wp","href":"https:\/\/api.w.org\/{rel}","templated":true}]}}