{"id":2842,"date":"2018-08-24T07:55:51","date_gmt":"2018-08-24T10:55:51","guid":{"rendered":"https:\/\/supriex.com.br\/loja\/?post_type=product&#038;p=2842"},"modified":"2026-05-12T13:06:58","modified_gmt":"2026-05-12T16:06:58","slug":"torques-30-power","status":"publish","type":"product","link":"https:\/\/supriex.com.br\/loja\/produto\/torques-30-power\/","title":{"rendered":"Torqu\u00eas 30 Power &#8211; 9910300"},"content":{"rendered":"<div id=\"_mcePaste\" style=\"width: 1px; height: 1px; overflow: hidden;\">[ecommerce_search_widget product_items=&#8221;6&#8243; p_sku_items=&#8221;0&#8243; p_cat_items=&#8221;0&#8243; p_tag_items=&#8221;0&#8243; post_items=&#8221;0&#8243; page_items=&#8221;0&#8243; show_price=&#8221;1&#8243; character_max=&#8221;100&#8243; style=&#8221;float:none;width:200px;padding-top:10px;padding-bottom:10px;padding-left:0px;padding-right:0px;&#8221; search_box_text=&#8221;&#8221;]Para a fixa\u00e7\u00e3o de a\u00e7o para concreto armado com arame de atar em rolo.<\/div>\n<div id=\"_mcePaste\" style=\"width: 1px; height: 1px; overflow: hidden;\">Entrela\u00e7amento e corte do arame numa \u00fanica etapa de trabalho.<\/div>\n<div id=\"_mcePaste\" style=\"width: 1px; height: 1px; overflow: hidden;\">Articula\u00e7\u00e3o de alta multiplica\u00e7\u00e3o, permitindo um trabalho com menor esfor\u00e7o, mesmo que sejam utilizados arames de atar mais espessos.<\/div>\n<div id=\"_mcePaste\" style=\"width: 1px; height: 1px; overflow: hidden;\">Forma especialmente estreita para ligar ferros com pouco espa\u00e7o de movimenta\u00e7\u00e3o.<\/div>\n<div id=\"_mcePaste\" style=\"width: 1px; height: 1px; overflow: hidden;\">Al\u00edvio de tend\u00f5es e m\u00fasculos gra\u00e7as ao acentuado amortecimento do impacto ap\u00f3s o corte do arame de atar.<\/div>\n<div id=\"_mcePaste\" style=\"width: 1px; height: 1px; overflow: hidden;\">Dureza das m\u00e2minas de aproximadamente 61 HRC.<\/div>\n<div id=\"_mcePaste\" style=\"width: 1px; height: 1px; overflow: hidden;\">A\u00e7o especial para ferramentas, qualidade extraordin\u00e1ria, forjado e temperado em \u00f3leo.<\/div>\n<div id=\"_mcePaste\" style=\"width: 1px; height: 1px; overflow: hidden;\">CARACTERISTICAS T\u00c9CNICAS<\/div>\n<div id=\"_mcePaste\" style=\"width: 1px; height: 1px; overflow: hidden;\">Alicate niquelado, revestimento contra oxida\u00e7\u00e3o.<\/div>\n<div id=\"_mcePaste\" style=\"width: 1px; height: 1px; overflow: hidden;\">Cabe\u00e7a polida.<\/div>\n<div id=\"_mcePaste\" style=\"width: 1px; height: 1px; overflow: hidden;\">Para Arames semi-duros__________3,8 \u00d8 mm<\/div>\n<div id=\"_mcePaste\" style=\"width: 1px; height: 1px; overflow: hidden;\">Para Arames duros ______________2,0 \u00d8 mm<\/div>\n<div id=\"_mcePaste\" style=\"width: 1px; height: 1px; overflow: hidden;\">Comprimento___________________300 mm<\/div>\n<div id=\"_mcePaste\" style=\"width: 1px; height: 1px; overflow: hidden;\">Peso __________________________499 g<\/div>\n<div id=\"_mcePaste\" style=\"width: 1px; height: 1px; overflow: hidden;\">*ESPECIAL<\/div>\n<div id=\"_mcePaste\" style=\"width: 1px; height: 1px; overflow: hidden;\">Poupan\u00e7a de esfor\u00e7o de 25%, em compara\u00e7\u00e3o com torqu\u00eases para telas de arame convencionais do mesmo tamanho.<\/div>\n<p>Para a fixa\u00e7\u00e3o de a\u00e7o para concreto armado com arame de atar.<br \/>\n25% de poupan\u00e7a de esfor\u00e7o em compara\u00e7\u00e3o com torqueses para tela de arame convencionais do mesmo tamanho.<br \/>\nEntrela\u00e7amento e corte do arame numa \u00fanica etapa de trabalho.<br \/>\nArticula\u00e7\u00e3o de alta multiplica\u00e7\u00e3o, permitindo um trabalho com menor esfor\u00e7o, mesmo que sejam utilizados arames de atar mais espessos.<br \/>\nForma especialmente estreita para ligar ferros com pouco espa\u00e7o de movimenta\u00e7\u00e3o.<br \/>\nAl\u00edvio de tend\u00f5es e m\u00fasculos gra\u00e7as ao acentuado amortecimento do impacto ap\u00f3s o corte do arame de atar.<br \/>\nDureza das l\u00e2minas de aproximadamente 61 HRC.<br \/>\nA\u00e7o especial para ferramentas, qualidade extraordin\u00e1ria, forjado e temperado em \u00f3leo.<\/p>\n<p>&nbsp;<\/p>\n<p><strong><br \/>\n<img loading=\"lazy\" decoding=\"async\" class=\"__mce_add_custom__\" title=\"caracteristicas.jpg\" src=\"http:\/\/supriex.com.br\/product_images\/uploaded_images\/caracteristicas.jpg\" alt=\"caracteristicas.jpg\" width=\"966\" height=\"36\" \/><\/strong><\/p>\n<p>Alicate preto, revestimento contra oxida\u00e7\u00e3o.<br \/>\nCabe\u00e7a polida.<\/p>\n<table style=\"width: 350px; height: 150px;\" border=\"0\" cellspacing=\"4\" cellpadding=\"4\">\n<tbody>\n<tr>\n<td bgcolor=\"#cccccc\">Para Arames semi-duros<\/td>\n<td align=\"center\" bgcolor=\"#cccccc\">3,8 \u00d8 mm<\/td>\n<\/tr>\n<tr>\n<td bgcolor=\"#cccccc\">Para Arames duros<\/td>\n<td align=\"center\" bgcolor=\"#cccccc\">2,0 \u00d8 mm<\/td>\n<\/tr>\n<tr>\n<td bgcolor=\"#cccccc\">Comprimento<\/td>\n<td align=\"center\" bgcolor=\"#cccccc\">300 mm<\/td>\n<\/tr>\n<tr>\n<td bgcolor=\"#cccccc\">Peso<\/td>\n<td align=\"center\" bgcolor=\"#cccccc\">499 g<\/td>\n<\/tr>\n<\/tbody>\n<\/table>\n<p><strong>*ESPECIAL<\/strong><br \/>\nPoupan\u00e7a de esfor\u00e7o de 25%, em compara\u00e7\u00e3o com torqu\u00eases para telas de arame convencionais do mesmo tamanho.<\/p>\n<p>&nbsp;<\/p>\n","protected":false},"excerpt":{"rendered":"<p>[ecommerce_search_widget product_items=&#8221;6&#8243; p_sku_items=&#8221;0&#8243; p_cat_items=&#8221;0&#8243; p_tag_items=&#8221;0&#8243; post_items=&#8221;0&#8243; page_items=&#8221;0&#8243; show_price=&#8221;1&#8243; character_max=&#8221;100&#8243; style=&#8221;float:none;width:200px;padding-top:10px;padding-bottom:10px;padding-left:0px;padding-right:0px;&#8221; search_box_text=&#8221;&#8221;]Para a fixa\u00e7\u00e3o de a\u00e7o para concreto armado com arame de atar em rolo. Entrela\u00e7amento e<span class=\"excerpt-hellip\"> [\u2026]<\/span><\/p>\n","protected":false},"featured_media":4434,"template":"","meta":[],"product_brand":[],"product_cat":[103,42],"product_tag":[107,56,46,106,101],"class_list":{"0":"post-2842","1":"product","2":"type-product","3":"status-publish","4":"has-post-thumbnail","6":"product_cat-construcaocivil","7":"product_cat-torques","8":"product_tag-107","9":"product_tag-knipex","10":"product_tag-supriex","11":"product_tag-torques","12":"product_tag-torques-30-power","14":"first","15":"instock","16":"shipping-taxable","17":"purchasable","18":"product-type-simple"},"_links":{"self":[{"href":"https:\/\/supriex.com.br\/loja\/wp-json\/wp\/v2\/product\/2842","targetHints":{"allow":["GET"]}}],"collection":[{"href":"https:\/\/supriex.com.br\/loja\/wp-json\/wp\/v2\/product"}],"about":[{"href":"https:\/\/supriex.com.br\/loja\/wp-json\/wp\/v2\/types\/product"}],"wp:featuredmedia":[{"embeddable":true,"href":"https:\/\/supriex.com.br\/loja\/wp-json\/wp\/v2\/media\/4434"}],"wp:attachment":[{"href":"https:\/\/supriex.com.br\/loja\/wp-json\/wp\/v2\/media?parent=2842"}],"wp:term":[{"taxonomy":"product_brand","embeddable":true,"href":"https:\/\/supriex.com.br\/loja\/wp-json\/wp\/v2\/product_brand?post=2842"},{"taxonomy":"product_cat","embeddable":true,"href":"https:\/\/supriex.com.br\/loja\/wp-json\/wp\/v2\/product_cat?post=2842"},{"taxonomy":"product_tag","embeddable":true,"href":"https:\/\/supriex.com.br\/loja\/wp-json\/wp\/v2\/product_tag?post=2842"}],"curies":[{"name":"wp","href":"https:\/\/api.w.org\/{rel}","templated":true}]}}