{"id":2836,"date":"2018-08-24T07:51:05","date_gmt":"2018-08-24T10:51:05","guid":{"rendered":"https:\/\/supriex.com.br\/loja\/?post_type=product&#038;p=2836"},"modified":"2026-03-22T12:41:42","modified_gmt":"2026-03-22T15:41:42","slug":"torques-n28","status":"publish","type":"product","link":"https:\/\/supriex.com.br\/loja\/produto\/torques-n28\/","title":{"rendered":"Torqu\u00eas N28 -9904280"},"content":{"rendered":"<div id=\"_mcePaste\" style=\"width: 1px;height: 1px;overflow: hidden;text-align: left\">DESCRI\u00c7\u00c3O<\/div>\n<div id=\"_mcePaste\" style=\"width: 1px;height: 1px;overflow: hidden\">Para tran\u00e7ar e cortar arame de fixa\u00e7\u00e3o a partir do rolo num passo de trabalho: r\u00e1pido, confi\u00e1vel e de baixos custos.<\/div>\n<div id=\"_mcePaste\" style=\"width: 1px;height: 1px;overflow: hidden\">Gra\u00e7as \u00e0 vida \u00fatil e precis\u00e3o inalcan\u00e7\u00e1veis, Kinipex \u00e9 a torqu\u00eas para tela de arame mais comprada no mundo.<\/div>\n<div id=\"_mcePaste\" style=\"width: 1px;height: 1px;overflow: hidden\">Cabe\u00e7as de corte temperados adicionalmente, dureza da l\u00e2mina de aproximadamente 61 HRC.<\/div>\n<div id=\"_mcePaste\" style=\"width: 1px;height: 1px;overflow: hidden\">A\u00e7o especial para ferramentas, qualidade extraordin\u00e1ria, forjado e temperado em \u00f3leo.<\/div>\n<div id=\"_mcePaste\" style=\"width: 1px;height: 1px;overflow: hidden\">CARACTERISTICAS T\u00c9CNICAS<\/div>\n<div id=\"_mcePaste\" style=\"width: 1px;height: 1px;overflow: hidden\">Alicate niquelado, revestimento contra oxida\u00e7\u00e3o.<\/div>\n<div id=\"_mcePaste\" style=\"width: 1px;height: 1px;overflow: hidden\">Cabe\u00e7a polida.<\/div>\n<div id=\"_mcePaste\" style=\"width: 1px;height: 1px;overflow: hidden\">Para Arames semi-duros__________2,8 \u00d8 mm<\/div>\n<div id=\"_mcePaste\" style=\"width: 1px;height: 1px;overflow: hidden\">Para Arames duros ______________1,8 \u00d8 mm<\/div>\n<div id=\"_mcePaste\" style=\"width: 1px;height: 1px;overflow: hidden\">Comprimento___________________280 mm<\/div>\n<div id=\"_mcePaste\" style=\"width: 1px;height: 1px;overflow: hidden\">Peso __________________________457 g<\/div>\n<p>Para tran\u00e7ar e cortar arame de fixa\u00e7\u00e3o a partir do rolo num passo de trabalho: r\u00e1pido, confi\u00e1vel e de baixos custos.<br \/>\nGra\u00e7as \u00e0 vida \u00fatil e precis\u00e3o inalcan\u00e7\u00e1veis, Kinipex \u00e9 a torqu\u00eas para tela de arame mais comprada no mundo.<br \/>\nCabe\u00e7as de corte temperados adicionalmente, dureza da l\u00e2mina de aproximadamente 61 HRC.<br \/>\nA\u00e7o especial para ferramentas, qualidade extraordin\u00e1ria, forjado e temperado em \u00f3leo.<\/p>\n<p>&nbsp;<\/p>\n<p><strong><br \/>\n<img loading=\"lazy\" decoding=\"async\" class=\"__mce_add_custom__\" title=\"caracteristicas.jpg\" src=\"http:\/\/supriex.com.br\/product_images\/uploaded_images\/caracteristicas.jpg\" alt=\"caracteristicas.jpg\" width=\"966\" height=\"36\" \/><\/strong><\/p>\n<p>Alicate niquelado, revestimento contra oxida\u00e7\u00e3o.<br \/>\nCabe\u00e7a polida.<\/p>\n<table style=\"width: 350px;height: 150px\" border=\"0\" cellspacing=\"4\" cellpadding=\"4\">\n<tbody>\n<tr>\n<td bgcolor=\"#CCCCCC\">Para Arames semi-duros<\/td>\n<td align=\"center\" bgcolor=\"#CCCCCC\">2,8 \u00d8 mm<\/td>\n<\/tr>\n<tr>\n<td bgcolor=\"#CCCCCC\">Para Arames duros<\/td>\n<td align=\"center\" bgcolor=\"#CCCCCC\">1,8 \u00d8 mm<\/td>\n<\/tr>\n<tr>\n<td bgcolor=\"#CCCCCC\">Comprimento<\/td>\n<td align=\"center\" bgcolor=\"#CCCCCC\">280 mm<\/td>\n<\/tr>\n<tr>\n<td bgcolor=\"#CCCCCC\">Peso<\/td>\n<td align=\"center\" bgcolor=\"#CCCCCC\">457 g<\/td>\n<\/tr>\n<\/tbody>\n<\/table>\n","protected":false},"excerpt":{"rendered":"<p>DESCRI\u00c7\u00c3O Para tran\u00e7ar e cortar arame de fixa\u00e7\u00e3o a partir do rolo num passo de trabalho: r\u00e1pido, confi\u00e1vel e de baixos custos. Gra\u00e7as \u00e0 vida \u00fatil<span class=\"excerpt-hellip\"> [\u2026]<\/span><\/p>\n","protected":false},"featured_media":3734,"template":"","meta":[],"product_brand":[],"product_cat":[103,42],"product_tag":[126,127,56,46,100],"class_list":{"0":"post-2836","1":"product","2":"type-product","3":"status-publish","4":"has-post-thumbnail","6":"product_cat-construcaocivil","7":"product_cat-torques","8":"product_tag-126","9":"product_tag-germany","10":"product_tag-knipex","11":"product_tag-supriex","12":"product_tag-torques-n28","14":"first","15":"instock","16":"sale","17":"shipping-taxable","18":"purchasable","19":"product-type-simple"},"_links":{"self":[{"href":"https:\/\/supriex.com.br\/loja\/wp-json\/wp\/v2\/product\/2836","targetHints":{"allow":["GET"]}}],"collection":[{"href":"https:\/\/supriex.com.br\/loja\/wp-json\/wp\/v2\/product"}],"about":[{"href":"https:\/\/supriex.com.br\/loja\/wp-json\/wp\/v2\/types\/product"}],"wp:featuredmedia":[{"embeddable":true,"href":"https:\/\/supriex.com.br\/loja\/wp-json\/wp\/v2\/media\/3734"}],"wp:attachment":[{"href":"https:\/\/supriex.com.br\/loja\/wp-json\/wp\/v2\/media?parent=2836"}],"wp:term":[{"taxonomy":"product_brand","embeddable":true,"href":"https:\/\/supriex.com.br\/loja\/wp-json\/wp\/v2\/product_brand?post=2836"},{"taxonomy":"product_cat","embeddable":true,"href":"https:\/\/supriex.com.br\/loja\/wp-json\/wp\/v2\/product_cat?post=2836"},{"taxonomy":"product_tag","embeddable":true,"href":"https:\/\/supriex.com.br\/loja\/wp-json\/wp\/v2\/product_tag?post=2836"}],"curies":[{"name":"wp","href":"https:\/\/api.w.org\/{rel}","templated":true}]}}