{"id":2825,"date":"2018-08-22T16:30:24","date_gmt":"2018-08-22T19:30:24","guid":{"rendered":"https:\/\/supriex.com.br\/loja\/?post_type=product&#038;p=2825"},"modified":"2025-10-06T08:06:53","modified_gmt":"2025-10-06T11:06:53","slug":"torques-30","status":"publish","type":"product","link":"https:\/\/supriex.com.br\/loja\/produto\/torques-30\/","title":{"rendered":"Torqu\u00eas 30 &#8211; 9900300"},"content":{"rendered":"<div id=\"_mcePaste\" style=\"width: 1px;height: 1px;overflow: hidden\">Para tran\u00e7ar e cortar arame de fixa\u00e7\u00e3o a partir do rolo, num passo de trabalho: r\u00e1pido, confi\u00e1vel e de baixos custos.<\/div>\n<div id=\"_mcePaste\" style=\"width: 1px;height: 1px;overflow: hidden\">Gra\u00e7as a precis\u00e3o inalcan\u00e7\u00e1vel e vida \u00fatil, KNIPEX \u00e9 a torqu\u00eas para tela de arame mais comprada no mundo.<\/div>\n<div id=\"_mcePaste\" style=\"width: 1px;height: 1px;overflow: hidden\">Gumes temperados adicionalmente, dureza do gume aprox. 61 HRC.<\/div>\n<div id=\"_mcePaste\" style=\"width: 1px;height: 1px;overflow: hidden\">A\u00e7o especial para ferramentas, de qualidade extraordin\u00e1ria, forjado e temperado em \u00f3leo.<\/div>\n<div id=\"_mcePaste\" style=\"width: 1px;height: 1px;overflow: hidden\">No. 99 00 300<\/div>\n<div id=\"_mcePaste\" style=\"width: 1px;height: 1px;overflow: hidden\">Alicate preto revestimento contra oxida\u00e7\u00e3o<\/div>\n<div id=\"_mcePaste\" style=\"width: 1px;height: 1px;overflow: hidden\">Cabe\u00e7a polida<\/div>\n<div id=\"_mcePaste\" style=\"width: 1px;height: 1px;overflow: hidden\">Arame semi-duro 3,1 \u00d8 mm<\/div>\n<div id=\"_mcePaste\" style=\"width: 1px;height: 1px;overflow: hidden\">Arame duro 1,8 \u00d8 mm<\/div>\n<div id=\"_mcePaste\" style=\"width: 1px;height: 1px;overflow: hidden\">Comprimento 300 mm<\/div>\n<div id=\"_mcePaste\" style=\"width: 1px;height: 1px;overflow: hidden\">Peso 510 g<\/div>\n<p>Para tran\u00e7ar e cortar arame de fixa\u00e7\u00e3o a partir do rolo, num passo de trabalho: r\u00e1pido, confi\u00e1vel e de baixo custo.<br \/>\nGra\u00e7as a precis\u00e3o inalcan\u00e7\u00e1vel e vida \u00fatil, KNIPEX \u00e9 a torqu\u00eas para tela de arame mais comprada no mundo.<br \/>\nGumes temperados adicionalmente, dureza do gume aprox. 61 HRC.<br \/>\nA\u00e7o especial para ferramentas, de qualidade extraordin\u00e1ria, forjado e temperado em \u00f3leo.<br \/>\nAlicate preto com revestimento contra oxida\u00e7\u00e3o.<\/p>\n<p>&nbsp;<\/p>\n<p><strong><img loading=\"lazy\" decoding=\"async\" class=\"__mce_add_custom__\" title=\"caracteristicas.jpg\" src=\"http:\/\/supriex.com.br\/product_images\/uploaded_images\/caracteristicas.jpg\" alt=\"caracteristicas.jpg\" width=\"966\" height=\"36\" \/><\/strong><\/p>\n<p>Alicate preto, revestimento contra oxida\u00e7\u00e3o.<br \/>\nCabe\u00e7a polida.<\/p>\n<table style=\"width: 350px;height: 150px\" border=\"0\" cellspacing=\"4\" cellpadding=\"4\">\n<tbody>\n<tr>\n<td bgcolor=\"#CCCCCC\">Para Arames semi-duros<\/td>\n<td align=\"center\" bgcolor=\"#CCCCCC\">3,1 \u00d8 mm<\/td>\n<\/tr>\n<tr>\n<td bgcolor=\"#CCCCCC\">Para Arames duros<\/td>\n<td align=\"center\" bgcolor=\"#CCCCCC\">1,8 \u00d8 mm<\/td>\n<\/tr>\n<tr>\n<td bgcolor=\"#CCCCCC\">Comprimento<\/td>\n<td align=\"center\" bgcolor=\"#CCCCCC\">300 mm<\/td>\n<\/tr>\n<tr>\n<td bgcolor=\"#CCCCCC\">Peso<\/td>\n<td align=\"center\" bgcolor=\"#CCCCCC\">510 g<\/td>\n<\/tr>\n<\/tbody>\n<\/table>\n","protected":false},"excerpt":{"rendered":"<p>Para tran\u00e7ar e cortar arame de fixa\u00e7\u00e3o a partir do rolo, num passo de trabalho: r\u00e1pido, confi\u00e1vel e de baixos custos. Gra\u00e7as a precis\u00e3o inalcan\u00e7\u00e1vel e<span class=\"excerpt-hellip\"> [\u2026]<\/span><\/p>\n","protected":false},"featured_media":3740,"template":"","meta":[],"product_brand":[],"product_cat":[103,42],"product_tag":[109,130,127,56,46,97],"class_list":{"0":"post-2825","1":"product","2":"type-product","3":"status-publish","4":"has-post-thumbnail","6":"product_cat-construcaocivil","7":"product_cat-torques","8":"product_tag-109","9":"product_tag-armador","10":"product_tag-germany","11":"product_tag-knipex","12":"product_tag-supriex","13":"product_tag-torques-30","15":"first","16":"instock","17":"shipping-taxable","18":"purchasable","19":"product-type-simple"},"_links":{"self":[{"href":"https:\/\/supriex.com.br\/loja\/wp-json\/wp\/v2\/product\/2825","targetHints":{"allow":["GET"]}}],"collection":[{"href":"https:\/\/supriex.com.br\/loja\/wp-json\/wp\/v2\/product"}],"about":[{"href":"https:\/\/supriex.com.br\/loja\/wp-json\/wp\/v2\/types\/product"}],"wp:featuredmedia":[{"embeddable":true,"href":"https:\/\/supriex.com.br\/loja\/wp-json\/wp\/v2\/media\/3740"}],"wp:attachment":[{"href":"https:\/\/supriex.com.br\/loja\/wp-json\/wp\/v2\/media?parent=2825"}],"wp:term":[{"taxonomy":"product_brand","embeddable":true,"href":"https:\/\/supriex.com.br\/loja\/wp-json\/wp\/v2\/product_brand?post=2825"},{"taxonomy":"product_cat","embeddable":true,"href":"https:\/\/supriex.com.br\/loja\/wp-json\/wp\/v2\/product_cat?post=2825"},{"taxonomy":"product_tag","embeddable":true,"href":"https:\/\/supriex.com.br\/loja\/wp-json\/wp\/v2\/product_tag?post=2825"}],"curies":[{"name":"wp","href":"https:\/\/api.w.org\/{rel}","templated":true}]}}