{"id":2795,"date":"2018-08-22T18:55:12","date_gmt":"2018-08-22T21:55:12","guid":{"rendered":"https:\/\/supriex.com.br\/loja\/?post_type=product&#038;p=2795"},"modified":"2023-10-24T09:35:17","modified_gmt":"2023-10-24T12:35:17","slug":"cabeca-de-corte-cc61","status":"publish","type":"product","link":"https:\/\/supriex.com.br\/loja\/produto\/cabeca-de-corte-cc61\/","title":{"rendered":"Cabe\u00e7a de Corte CC61"},"content":{"rendered":"<div id=\"_mcePaste\" style=\"width: 1px;height: 1px;overflow: hidden\">Capacidade de corte at\u00e9 uma dureza de 48 HRC.<\/div>\n<div id=\"_mcePaste\" style=\"width: 1px;height: 1px;overflow: hidden\">Facas robustas temperadas adicionalmente de forma indutiva, dureza das l\u00e2minas de aproximadamente 62 HRC.<\/div>\n<div id=\"_mcePaste\" style=\"width: 1px;height: 1px;overflow: hidden\">Encosto forjado com amortecedor confort\u00e1vel.<\/div>\n<div id=\"_mcePaste\" style=\"width: 1px;height: 1px;overflow: hidden\">Boa acessibilidade devido ao fato da \u00e1rea da cabe\u00e7a e da articula\u00e7\u00e3o ser muito plana.<\/div>\n<div id=\"_mcePaste\" style=\"width: 1px;height: 1px;overflow: hidden\">Bra\u00e7o com angula\u00e7\u00e3o ergon\u00f3mica para trabalhos com pouco esfor\u00e7o.<\/div>\n<div id=\"_mcePaste\" style=\"width: 1px;height: 1px;overflow: hidden\">Capas de componentes m\u00faltiplos bicolores nos punhos, muito resistentes e f\u00e1ceis de manusear.<\/div>\n<div id=\"_mcePaste\" style=\"width: 1px;height: 1px;overflow: hidden\">Ajuste preciso (12 vezes) e reajuste atrav\u00e9s de parafusos exc\u00eantricos.<\/div>\n<div id=\"_mcePaste\" style=\"width: 1px;height: 1px;overflow: hidden\">Alta capacidade de corte com pouca aplica\u00e7\u00e3o de for\u00e7a por equil\u00edbrio ideal dos seguintes elementos: \u00e2ngulo das l\u00e2minas, multiplica\u00e7\u00e3o de transmiss\u00e3o de for\u00e7a e forma do cabo ergon\u00f3mica.<\/div>\n<div id=\"_mcePaste\" style=\"width: 1px;height: 1px;overflow: hidden\">Articula\u00e7\u00e3o: a\u00e7o especial para ferramentas, forjado.<\/div>\n<div id=\"_mcePaste\" style=\"width: 1px;height: 1px;overflow: hidden\">Bra\u00e7o: tubagem de a\u00e7o, revestido a p\u00f3.<\/div>\n<div id=\"_mcePaste\" style=\"width: 1px;height: 1px;overflow: hidden\">Cabe\u00e7a da l\u00e2mina aparafusada, intercambi\u00e1vel.<\/div>\n<div id=\"_mcePaste\" style=\"width: 1px;height: 1px;overflow: hidden\">L\u00e2mina: a\u00e7o cromo-van\u00e1dio de elevado desempenho, forjado e temperado em \u00f3leo.<\/div>\n<div id=\"_mcePaste\" style=\"width: 1px;height: 1px;overflow: hidden\">CARACTERISTICAS T\u00c9CNICAS<\/div>\n<div id=\"_mcePaste\" style=\"width: 1px;height: 1px;overflow: hidden\">Comprimento das facas___________ 34 mm<\/div>\n<div id=\"_mcePaste\" style=\"width: 1px;height: 1px;overflow: hidden\">Espessura da cabe\u00e7a _____________ 33 mm<\/div>\n<div id=\"_mcePaste\" style=\"width: 1px;height: 1px;overflow: hidden\">Peso___________________________ 850 g<\/div>\n<p>Capacidade de corte at\u00e9 uma dureza de 48 HRC.<br \/>\nFacas robustas temperadas adicionalmente de forma indutiva, dureza das l\u00e2minas de aproximadamente 62 HRC.<br \/>\nEncosto forjado com amortecedor confort\u00e1vel.<br \/>\nBoa acessibilidade devido ao fato da \u00e1rea da cabe\u00e7a e da articula\u00e7\u00e3o ser muito plana.<br \/>\nBra\u00e7o com angula\u00e7\u00e3o ergon\u00f4mica para trabalhos com pouco esfor\u00e7o.<br \/>\nCapas de componentes m\u00faltiplos bicolores nos punhos, muito resistentes e f\u00e1ceis de manusear.<br \/>\nAjuste preciso (12 vezes) e reajuste atrav\u00e9s de parafusos exc\u00eantricos.<br \/>\nAlta capacidade de corte com pouca aplica\u00e7\u00e3o de for\u00e7a por equil\u00edbrio ideal dos seguintes elementos: \u00e2ngulo das l\u00e2minas, multiplica\u00e7\u00e3o de transmiss\u00e3o de for\u00e7a e forma do cabo ergon\u00f4mica.<br \/>\nArticula\u00e7\u00e3o: a\u00e7o especial para ferramentas, forjado.<br \/>\nCabe\u00e7a da l\u00e2mina aparafusada, intercambi\u00e1vel.<br \/>\nL\u00e2mina: a\u00e7o cromo-van\u00e1dio de elevado desempenho, forjado e temperado em \u00f3leo.<\/p>\n<p><strong><img loading=\"lazy\" decoding=\"async\" class=\"__mce_add_custom__\" title=\"caracteristicas.jpg\" src=\"http:\/\/supriex.com.br\/product_images\/uploaded_images\/caracteristicas.jpg\" alt=\"caracteristicas.jpg\" width=\"966\" height=\"36\" \/><\/strong><\/p>\n<table style=\"width: 350px;height: 100px\" border=\"0\" cellspacing=\"4\" cellpadding=\"4\">\n<tbody>\n<tr>\n<td bgcolor=\"#CCCCCC\">Comprimento das facas<\/td>\n<td align=\"center\" bgcolor=\"#CCCCCC\">34 mm<\/td>\n<\/tr>\n<tr>\n<td bgcolor=\"#CCCCCC\">Espessura da cabe\u00e7a<\/td>\n<td align=\"center\" bgcolor=\"#CCCCCC\">33 mm<\/td>\n<\/tr>\n<tr>\n<td bgcolor=\"#CCCCCC\">Peso<\/td>\n<td align=\"center\" bgcolor=\"#CCCCCC\">850 g<\/td>\n<\/tr>\n<\/tbody>\n<\/table>\n","protected":false},"excerpt":{"rendered":"<p>Capacidade de corte at\u00e9 uma dureza de 48 HRC. Facas robustas temperadas adicionalmente de forma indutiva, dureza das l\u00e2minas de aproximadamente 62 HRC. Encosto forjado com<span class=\"excerpt-hellip\"> [\u2026]<\/span><\/p>\n","protected":false},"featured_media":2797,"template":"","meta":[],"product_brand":[],"product_cat":[32,103],"product_tag":[90,56,46],"class_list":{"0":"post-2795","1":"product","2":"type-product","3":"status-publish","4":"has-post-thumbnail","6":"product_cat-cabecadecorte","7":"product_cat-construcaocivil","8":"product_tag-cabeca-de-corte-cc61","9":"product_tag-knipex","10":"product_tag-supriex","12":"first","13":"instock","14":"shipping-taxable","15":"purchasable","16":"product-type-simple"},"_links":{"self":[{"href":"https:\/\/supriex.com.br\/loja\/wp-json\/wp\/v2\/product\/2795","targetHints":{"allow":["GET"]}}],"collection":[{"href":"https:\/\/supriex.com.br\/loja\/wp-json\/wp\/v2\/product"}],"about":[{"href":"https:\/\/supriex.com.br\/loja\/wp-json\/wp\/v2\/types\/product"}],"wp:featuredmedia":[{"embeddable":true,"href":"https:\/\/supriex.com.br\/loja\/wp-json\/wp\/v2\/media\/2797"}],"wp:attachment":[{"href":"https:\/\/supriex.com.br\/loja\/wp-json\/wp\/v2\/media?parent=2795"}],"wp:term":[{"taxonomy":"product_brand","embeddable":true,"href":"https:\/\/supriex.com.br\/loja\/wp-json\/wp\/v2\/product_brand?post=2795"},{"taxonomy":"product_cat","embeddable":true,"href":"https:\/\/supriex.com.br\/loja\/wp-json\/wp\/v2\/product_cat?post=2795"},{"taxonomy":"product_tag","embeddable":true,"href":"https:\/\/supriex.com.br\/loja\/wp-json\/wp\/v2\/product_tag?post=2795"}],"curies":[{"name":"wp","href":"https:\/\/api.w.org\/{rel}","templated":true}]}}