{"id":2789,"date":"2018-08-22T18:47:10","date_gmt":"2018-08-22T21:47:10","guid":{"rendered":"https:\/\/supriex.com.br\/loja\/?post_type=product&#038;p=2789"},"modified":"2024-08-21T17:15:17","modified_gmt":"2024-08-21T20:15:17","slug":"cortador-de-cabos-cc44","status":"publish","type":"product","link":"https:\/\/supriex.com.br\/loja\/produto\/cortador-de-cabos-cc44\/","title":{"rendered":"Cortador de Cabos CC44"},"content":{"rendered":"<div id=\"_mcePaste\" style=\"width: 1px;height: 1px;overflow: hidden\">Para cabos de a\u00e7o e ferros redondos, cabos Cu (cobre) e Al (alum\u00ednio).<\/div>\n<div id=\"_mcePaste\" style=\"width: 1px;height: 1px;overflow: hidden\">Adequado para a separa\u00e7\u00e3o de cabos nos mastros de ar livre com arame de reten\u00e7\u00e3o de tra\u00e7\u00e3o.<\/div>\n<div id=\"_mcePaste\" style=\"width: 1px;height: 1px;overflow: hidden\">Pontas de corte em \u00e2ngulo possibilitam o corte de fios de cabos individuais.<\/div>\n<div id=\"_mcePaste\" style=\"width: 1px;height: 1px;overflow: hidden\">Multiplica\u00e7\u00e3o \u00f3tima para alta capacidade de corte.<\/div>\n<div id=\"_mcePaste\" style=\"width: 1px;height: 1px;overflow: hidden\">Cabe\u00e7a da l\u00e2mina aparafusada, intercambi\u00e1vel.<\/div>\n<div id=\"_mcePaste\" style=\"width: 1px;height: 1px;overflow: hidden\">Baixo peso.<\/div>\n<div id=\"_mcePaste\" style=\"width: 1px;height: 1px;overflow: hidden\">Cabe\u00e7a da l\u00e2mina: A\u00e7o especial para ferramentas, de qualidade especial, temperado em \u00f3leo.<\/div>\n<div id=\"_mcePaste\" style=\"width: 1px;height: 1px;overflow: hidden\">Cabos: alum\u00ednio, altamente resistente.<\/div>\n<p>Para cabos de a\u00e7o e ferros redondos, cabos Cu (cobre) e Al (alum\u00ednio).<br \/>\nAdequado para a separa\u00e7\u00e3o de cabos nos mastros de ar livre com arame de reten\u00e7\u00e3o de tra\u00e7\u00e3o.<br \/>\nPontas de corte em \u00e2ngulo possibilitam o corte de fios de cabos individuais.<br \/>\nMultiplica\u00e7\u00e3o \u00f3tima para alta capacidade de corte.<br \/>\nCabe\u00e7a da l\u00e2mina aparafusada, intercambi\u00e1vel.<br \/>\nBaixo peso.<br \/>\nCabe\u00e7a da l\u00e2mina: A\u00e7o especial para ferramentas, de qualidade especial, temperado em \u00f3leo.<br \/>\nCabos: alum\u00ednio, altamente resistente.<\/p>\n<p><img loading=\"lazy\" decoding=\"async\" class=\"__mce_add_custom__\" title=\"9571445.jpg\" src=\"http:\/\/supriex.com.br\/product_images\/uploaded_images\/9571445.jpg\" alt=\"9571445.jpg\" width=\"540\" height=\"322\" \/><\/p>\n","protected":false},"excerpt":{"rendered":"<p>Para cabos de a\u00e7o e ferros redondos, cabos Cu (cobre) e Al (alum\u00ednio). Adequado para a separa\u00e7\u00e3o de cabos nos mastros de ar livre com arame<span class=\"excerpt-hellip\"> [\u2026]<\/span><\/p>\n","protected":false},"featured_media":2790,"template":"","meta":[],"class_list":["post-2789","product","type-product","status-publish","has-post-thumbnail","hentry","product_brands-knipex","product_cat-cortadordecordoalha","product_cat-promocao","product_tag-cortador-de-cabos-cc44","product_tag-knipex","product_tag-supriex"],"_links":{"self":[{"href":"https:\/\/supriex.com.br\/loja\/wp-json\/wp\/v2\/product\/2789","targetHints":{"allow":["GET"]}}],"collection":[{"href":"https:\/\/supriex.com.br\/loja\/wp-json\/wp\/v2\/product"}],"about":[{"href":"https:\/\/supriex.com.br\/loja\/wp-json\/wp\/v2\/types\/product"}],"wp:featuredmedia":[{"embeddable":true,"href":"https:\/\/supriex.com.br\/loja\/wp-json\/wp\/v2\/media\/2790"}],"wp:attachment":[{"href":"https:\/\/supriex.com.br\/loja\/wp-json\/wp\/v2\/media?parent=2789"}],"curies":[{"name":"wp","href":"https:\/\/api.w.org\/{rel}","templated":true}]}}