{"id":2785,"date":"2018-08-22T18:41:56","date_gmt":"2018-08-22T21:41:56","guid":{"rendered":"https:\/\/supriex.com.br\/loja\/?post_type=product&#038;p=2785"},"modified":"2024-08-21T17:16:50","modified_gmt":"2024-08-21T20:16:50","slug":"cortador-de-cabos-cc60","status":"publish","type":"product","link":"https:\/\/supriex.com.br\/loja\/produto\/cortador-de-cabos-cc60\/","title":{"rendered":"Cortador de Cabos CC60"},"content":{"rendered":"<div id=\"_mcePaste\" style=\"width: 1px;height: 1px;overflow: hidden\">Para cabos de a\u00e7o e ferros redondos, cabos Cu (cobre) e Al (alum\u00ednio).<\/div>\n<div id=\"_mcePaste\" style=\"width: 1px;height: 1px;overflow: hidden\">Adequado para a separa\u00e7\u00e3o de cabos nos mastros de ar livre com arame de reten\u00e7\u00e3o de tra\u00e7\u00e3o.<\/div>\n<div id=\"_mcePaste\" style=\"width: 1px;height: 1px;overflow: hidden\">Pontas de corte em \u00e2ngulo possibilitam o corte de fios de cabos individuais.<\/div>\n<div id=\"_mcePaste\" style=\"width: 1px;height: 1px;overflow: hidden\">Multiplica\u00e7\u00e3o \u00f3tima para alta capacidade de corte.<\/div>\n<div id=\"_mcePaste\" style=\"width: 1px;height: 1px;overflow: hidden\">Cabe\u00e7a da l\u00e2mina aparafusada, intercambi\u00e1vel.<\/div>\n<div id=\"_mcePaste\" style=\"width: 1px;height: 1px;overflow: hidden\">Baixo peso.<\/div>\n<div id=\"_mcePaste\" style=\"width: 1px;height: 1px;overflow: hidden\">Cabe\u00e7a da l\u00e2mina: A\u00e7o especial para ferramentas, de qualidade especial, temperado em \u00f3leo.<\/div>\n<div id=\"_mcePaste\" style=\"width: 1px;height: 1px;overflow: hidden\">Cabos: alum\u00ednio, altamente resistente..<\/div>\n<div id=\"_mcePaste\" style=\"width: 1px;height: 1px;overflow: hidden\">Com cabe\u00e7a de l\u00e2mina refor\u00e7ado para maior capacidade, corta tamb\u00e9m corda de piano.<\/div>\n<p>Para cabos de a\u00e7o e ferros redondos, cabos Cu (cobre) e Al (alum\u00ednio).<br \/>\nAdequado para a separa\u00e7\u00e3o de cabos nos mastros de ar livre com arame de reten\u00e7\u00e3o de tra\u00e7\u00e3o.<br \/>\nPontas de corte em \u00e2ngulo possibilitam o corte de fios de cabos individuais.<br \/>\nMultiplica\u00e7\u00e3o \u00f3tima para alta capacidade de corte.<br \/>\nCabe\u00e7a da l\u00e2mina aparafusada, intercambi\u00e1vel.<br \/>\nBaixo peso.<br \/>\nCabe\u00e7a da l\u00e2mina: A\u00e7o especial para ferramentas, de qualidade especial, temperado em \u00f3leo.<br \/>\nCabos: alum\u00ednio, altamente resistente..<br \/>\nCom cabe\u00e7a de l\u00e2mina refor\u00e7ado para maior capacidade, corta tamb\u00e9m corda de piano.<\/p>\n<p><img loading=\"lazy\" decoding=\"async\" class=\"__mce_add_custom__\" title=\"9581600.jpg\" src=\"http:\/\/supriex.com.br\/product_images\/uploaded_images\/9581600.jpg\" alt=\"9581600.jpg\" width=\"540\" height=\"342\" \/><\/p>\n","protected":false},"excerpt":{"rendered":"<p>Para cabos de a\u00e7o e ferros redondos, cabos Cu (cobre) e Al (alum\u00ednio). Adequado para a separa\u00e7\u00e3o de cabos nos mastros de ar livre com arame<span class=\"excerpt-hellip\"> [\u2026]<\/span><\/p>\n","protected":false},"featured_media":2786,"template":"","meta":[],"product_brand":[],"product_cat":[103,35,110],"product_tag":[87,56,46],"class_list":{"0":"post-2785","1":"product","2":"type-product","3":"status-publish","4":"has-post-thumbnail","6":"product_cat-construcaocivil","7":"product_cat-cortadordecordoalha","8":"product_cat-promocao","9":"product_tag-cortador-de-cabos-cc60","10":"product_tag-knipex","11":"product_tag-supriex","13":"first","14":"outofstock","15":"shipping-taxable","16":"purchasable","17":"product-type-simple"},"_links":{"self":[{"href":"https:\/\/supriex.com.br\/loja\/wp-json\/wp\/v2\/product\/2785","targetHints":{"allow":["GET"]}}],"collection":[{"href":"https:\/\/supriex.com.br\/loja\/wp-json\/wp\/v2\/product"}],"about":[{"href":"https:\/\/supriex.com.br\/loja\/wp-json\/wp\/v2\/types\/product"}],"wp:featuredmedia":[{"embeddable":true,"href":"https:\/\/supriex.com.br\/loja\/wp-json\/wp\/v2\/media\/2786"}],"wp:attachment":[{"href":"https:\/\/supriex.com.br\/loja\/wp-json\/wp\/v2\/media?parent=2785"}],"wp:term":[{"taxonomy":"product_brand","embeddable":true,"href":"https:\/\/supriex.com.br\/loja\/wp-json\/wp\/v2\/product_brand?post=2785"},{"taxonomy":"product_cat","embeddable":true,"href":"https:\/\/supriex.com.br\/loja\/wp-json\/wp\/v2\/product_cat?post=2785"},{"taxonomy":"product_tag","embeddable":true,"href":"https:\/\/supriex.com.br\/loja\/wp-json\/wp\/v2\/product_tag?post=2785"}],"curies":[{"name":"wp","href":"https:\/\/api.w.org\/{rel}","templated":true}]}}