{"id":2743,"date":"2018-08-21T18:45:59","date_gmt":"2018-08-21T21:45:59","guid":{"rendered":"https:\/\/supriex.com.br\/loja\/?post_type=product&#038;p=2743"},"modified":"2021-05-18T13:55:01","modified_gmt":"2021-05-18T16:55:01","slug":"rompedor-de-pedra-ts500","status":"publish","type":"product","link":"https:\/\/supriex.com.br\/loja\/produto\/rompedor-de-pedra-ts500\/","title":{"rendered":"Rompedor de Pedra TS500"},"content":{"rendered":"<p><strong><span style=\"color: #800000\">Para esta m\u00e1quina somente venda por telefone.<br \/>\nAcompanha uma faca.<\/span><\/strong><\/p>\n<table border=\"0\" cellspacing=\"4\" cellpadding=\"4\">\n<tbody>\n<tr>\n<td>Largura corte:<\/td>\n<td><strong>520 mil\u00edmetros<\/strong><\/td>\n<\/tr>\n<tr>\n<td>Altura:<\/td>\n<td><strong>215 mil\u00edmetros<\/strong><\/td>\n<\/tr>\n<tr>\n<td>Peso:<\/td>\n<td><strong>153 Kg<\/strong><\/td>\n<\/tr>\n<tr>\n<td>Dimens\u00f5es mm:<\/td>\n<td><strong>1090x400x1135<\/strong><\/td>\n<\/tr>\n<\/tbody>\n<\/table>\n","protected":false},"excerpt":{"rendered":"<p>Para esta m\u00e1quina somente venda por telefone. Acompanha uma faca. Largura corte: 520 mil\u00edmetros Altura: 215 mil\u00edmetros Peso: 153 Kg Dimens\u00f5es mm: 1090x400x1135<\/p>\n","protected":false},"featured_media":2744,"template":"","meta":[],"product_brand":[],"product_cat":[103,39],"product_tag":[62,71,46],"class_list":{"0":"post-2743","1":"product","2":"type-product","3":"status-publish","4":"has-post-thumbnail","6":"product_cat-construcaocivil","7":"product_cat-rompedordepedra","8":"product_tag-edilgrappa","9":"product_tag-rompedor-de-pedra-ts500","10":"product_tag-supriex","12":"first","13":"instock","14":"shipping-taxable","15":"purchasable","16":"product-type-simple"},"_links":{"self":[{"href":"https:\/\/supriex.com.br\/loja\/wp-json\/wp\/v2\/product\/2743","targetHints":{"allow":["GET"]}}],"collection":[{"href":"https:\/\/supriex.com.br\/loja\/wp-json\/wp\/v2\/product"}],"about":[{"href":"https:\/\/supriex.com.br\/loja\/wp-json\/wp\/v2\/types\/product"}],"wp:featuredmedia":[{"embeddable":true,"href":"https:\/\/supriex.com.br\/loja\/wp-json\/wp\/v2\/media\/2744"}],"wp:attachment":[{"href":"https:\/\/supriex.com.br\/loja\/wp-json\/wp\/v2\/media?parent=2743"}],"wp:term":[{"taxonomy":"product_brand","embeddable":true,"href":"https:\/\/supriex.com.br\/loja\/wp-json\/wp\/v2\/product_brand?post=2743"},{"taxonomy":"product_cat","embeddable":true,"href":"https:\/\/supriex.com.br\/loja\/wp-json\/wp\/v2\/product_cat?post=2743"},{"taxonomy":"product_tag","embeddable":true,"href":"https:\/\/supriex.com.br\/loja\/wp-json\/wp\/v2\/product_tag?post=2743"}],"curies":[{"name":"wp","href":"https:\/\/api.w.org\/{rel}","templated":true}]}}