{"id":2735,"date":"2018-08-21T18:42:14","date_gmt":"2018-08-21T21:42:14","guid":{"rendered":"https:\/\/supriex.com.br\/loja\/?post_type=product&#038;p=2735"},"modified":"2025-05-26T10:49:31","modified_gmt":"2025-05-26T13:49:31","slug":"cortador-de-vergalhao-cv-91","status":"publish","type":"product","link":"https:\/\/supriex.com.br\/loja\/produto\/cortador-de-vergalhao-cv-91\/","title":{"rendered":"Cortador de Vergalh\u00e3o CV 91"},"content":{"rendered":"<p>&nbsp;<\/p>\n<div id=\"_mcePaste\" style=\"width: 1px;height: 1px;overflow: hidden\">NOTA: dureza do vergalh\u00e3o CA50 e CA60 entre 28 e 30 HRC.<\/div>\n<div id=\"_mcePaste\" style=\"width: 1px;height: 1px;overflow: hidden\">Capacidade de corte de ate 11,5 mm na dureza de 28 a 30 HRC.<\/div>\n<div id=\"_mcePaste\" style=\"width: 1px;height: 1px;overflow: hidden\">Capacidade de corte de at\u00e9 10mm ou 3\/8\\&#8221;. (TIPO 30 refor\u00e7ado)<\/div>\n<div id=\"_mcePaste\" style=\"width: 1px;height: 1px;overflow: hidden\">Capacidade de corte at\u00e9 uma dureza de 48 HRC.<\/div>\n<div id=\"_mcePaste\" style=\"width: 1px;height: 1px;overflow: hidden\">Facas robustas temperadas<\/div>\n<div id=\"_mcePaste\" style=\"width: 1px;height: 1px;overflow: hidden\">adicionalmente de forma indutiva, dureza das l\u00e2minas de aproximadamente 62 HRC.<\/div>\n<div id=\"_mcePaste\" style=\"width: 1px;height: 1px;overflow: hidden\">Encosto forjado com amortecedor confort\u00e1vel.<\/div>\n<div id=\"_mcePaste\" style=\"width: 1px;height: 1px;overflow: hidden\">Boa acessibilidade devido ao fato da \u00e1rea da cabe\u00e7a e da articula\u00e7\u00e3o ser muito plana.<\/div>\n<div id=\"_mcePaste\" style=\"width: 1px;height: 1px;overflow: hidden\">Bra\u00e7o com angula\u00e7\u00e3o ergon\u00f3mica para trabalhos com pouco esfor\u00e7o.<\/div>\n<div id=\"_mcePaste\" style=\"width: 1px;height: 1px;overflow: hidden\">Capas de componentes m\u00faltiplos bicolores nos punhos, muito resistentes e f\u00e1ceis de manusear.<\/div>\n<div id=\"_mcePaste\" style=\"width: 1px;height: 1px;overflow: hidden\">Ajuste preciso (12 vezes) e reajuste atrav\u00e9s de parafusos exc\u00eantricos.<\/div>\n<div id=\"_mcePaste\" style=\"width: 1px;height: 1px;overflow: hidden\">Alta capacidade de corte com pouca aplica\u00e7\u00e3o de for\u00e7a por equil\u00edbrio ideal dos seguintes elementos: \u00e2ngulo das l\u00e2minas, multiplica\u00e7\u00e3o de transmiss\u00e3o de for\u00e7a e forma do cabo ergon\u00f3mica.<\/div>\n<div id=\"_mcePaste\" style=\"width: 1px;height: 1px;overflow: hidden\">Articula\u00e7\u00e3o: a\u00e7o especial para ferramentas, forjado.<\/div>\n<div id=\"_mcePaste\" style=\"width: 1px;height: 1px;overflow: hidden\">Bra\u00e7o: tubagem de a\u00e7o, revestido a p\u00f3.<\/div>\n<div id=\"_mcePaste\" style=\"width: 1px;height: 1px;overflow: hidden\">Cabe\u00e7a da l\u00e2mina aparafusada, intercambi\u00e1vel.<\/div>\n<div id=\"_mcePaste\" style=\"width: 1px;height: 1px;overflow: hidden\">L\u00e2mina: a\u00e7o cromo-van\u00e1dio de elevado<\/div>\n<div id=\"_mcePaste\" style=\"width: 1px;height: 1px;overflow: hidden\">desempenho, forjado e temperado em \u00f3leo.<\/div>\n<div id=\"_mcePaste\" style=\"width: 1px;height: 1px;overflow: hidden\">Encosto forjado com elemento de amortecimento: amortece confortavelmente o impacto do corte.<\/div>\n<div id=\"_mcePaste\" style=\"width: 1px;height: 1px;overflow: hidden\">CARACTERISTICAS T\u00c9CNICAS<\/div>\n<div id=\"_mcePaste\" style=\"width: 1px;height: 1px;overflow: hidden\">Cabe\u00e7a cinza, revestida contra oxida\u00e7\u00e3o.<\/div>\n<div id=\"_mcePaste\" style=\"width: 1px;height: 1px;overflow: hidden\">Cabos com pintura em EPOX com punhos emborrachados.<\/div>\n<div id=\"_mcePaste\" style=\"width: 1px;height: 1px;overflow: hidden\">HRC 19 _______________________ 13 mm<\/div>\n<div id=\"_mcePaste\" style=\"width: 1px;height: 1px;overflow: hidden\">*HRC 40 ______________________ 10 mm<\/div>\n<div id=\"_mcePaste\" style=\"width: 1px;height: 1px;overflow: hidden\">HRC 48 _______________________ 9 mm<\/div>\n<div id=\"_mcePaste\" style=\"width: 1px;height: 1px;overflow: hidden\">Comprimento das facas ________ 46 mm<\/div>\n<div id=\"_mcePaste\" style=\"width: 1px;height: 1px;overflow: hidden\">Espessura da cabe\u00e7a __________ 42 mm<\/div>\n<div id=\"_mcePaste\" style=\"width: 1px;height: 1px;overflow: hidden\">Comprimento ________________ 910 mm<\/div>\n<div id=\"_mcePaste\" style=\"width: 1px;height: 1px;overflow: hidden\">Peso _______________________ 4950 g<\/div>\n<p>Capacidade de corte de ate 11,5 mm na dureza de 28 a 30 HRC.<br \/>\nCapacidade de corte de at\u00e9 10mm ou 3\/8\\&#8221;. (TIPO 30 refor\u00e7ado)<br \/>\nCapacidade de corte at\u00e9 uma dureza de 48 HRC.<br \/>\nFacas robustas temperadasadicionalmente de forma indutiva, dureza das l\u00e2minas de aproximadamente 62 HRC.<br \/>\nEncosto forjado com amortecedor confort\u00e1vel.<br \/>\nBoa acessibilidade devido ao fato da \u00e1rea da cabe\u00e7a e da articula\u00e7\u00e3o ser muito plana.<br \/>\nBra\u00e7o com angula\u00e7\u00e3o ergon\u00f4mica para trabalhos com pouco esfor\u00e7o.<br \/>\nCapas de componentes m\u00faltiplos bicolores nos punhos, muito resistentes e f\u00e1ceis de manusear.<br \/>\nAjuste preciso (12 vezes) e reajuste atrav\u00e9s de parafusos exc\u00eantricos.<br \/>\nAlta capacidade de corte com pouca aplica\u00e7\u00e3o de for\u00e7a por equil\u00edbrio ideal dos seguintes elementos: \u00e2ngulo das l\u00e2minas, multiplica\u00e7\u00e3o de transmiss\u00e3o de for\u00e7a e forma do cabo ergon\u00d4mica.<br \/>\nArticula\u00e7\u00e3o: a\u00e7o especial para ferramentas, forjado.<br \/>\nBra\u00e7o: tubagem de a\u00e7o, revestido a p\u00f3.<br \/>\nCabe\u00e7a da l\u00e2mina aparafusada, intercambi\u00e1vel.<br \/>\nL\u00e2mina: a\u00e7o cromo-van\u00e1dio de elevadodesempenho, forjado e temperado em \u00f3leo.<br \/>\nEncosto forjado com elemento de amortecimento: amortece confortavelmente o impacto do corte.<\/p>\n<p>NOTA: dureza do vergalh\u00e3o CA50 e CA60 entre 28 e 30 HRC.<\/p>\n<p>&nbsp;<\/p>\n<p><strong><img loading=\"lazy\" decoding=\"async\" class=\"__mce_add_custom__\" title=\"caracteristicas.jpg\" src=\"http:\/\/supriex.com.br\/product_images\/uploaded_images\/caracteristicas.jpg\" alt=\"caracteristicas.jpg\" width=\"966\" height=\"36\" \/><\/strong><\/p>\n<p>Cabe\u00e7a Cinza, revestida contra oxida\u00e7\u00e3o<br \/>\nCabos com pintura em EPOX e punhos emborrachados.<\/p>\n<table style=\"width: 350px;height: 250px\" border=\"0\" cellspacing=\"4\" cellpadding=\"4\">\n<tbody>\n<tr>\n<td bgcolor=\"#CCCCCC\">HRC 19<\/td>\n<td align=\"center\" bgcolor=\"#CCCCCC\">13 mm<\/td>\n<\/tr>\n<tr>\n<td bgcolor=\"#CCCCCC\">HRC 40<\/td>\n<td align=\"center\" bgcolor=\"#CCCCCC\">10 mm<\/td>\n<\/tr>\n<tr>\n<td bgcolor=\"#CCCCCC\">HRC 48<\/td>\n<td align=\"center\" bgcolor=\"#CCCCCC\">9 mm<\/td>\n<\/tr>\n<tr>\n<td bgcolor=\"#CCCCCC\">Comprimento das facas<\/td>\n<td align=\"center\" bgcolor=\"#CCCCCC\">46 mm<\/td>\n<\/tr>\n<tr>\n<td bgcolor=\"#CCCCCC\">Espessura da cabe\u00e7a<\/td>\n<td align=\"center\" bgcolor=\"#CCCCCC\">42 mm<\/td>\n<\/tr>\n<tr>\n<td bgcolor=\"#CCCCCC\">Comprimento<\/td>\n<td align=\"center\" bgcolor=\"#CCCCCC\">910 mm<\/td>\n<\/tr>\n<tr>\n<td bgcolor=\"#CCCCCC\">Peso<\/td>\n<td align=\"center\" bgcolor=\"#CCCCCC\">4950 g<\/td>\n<\/tr>\n<\/tbody>\n<\/table>\n","protected":false},"excerpt":{"rendered":"<p>&nbsp; NOTA: dureza do vergalh\u00e3o CA50 e CA60 entre 28 e 30 HRC. Capacidade de corte de ate 11,5 mm na dureza de 28 a 30<span class=\"excerpt-hellip\"> [\u2026]<\/span><\/p>\n","protected":false},"featured_media":2737,"template":"","meta":[],"product_brand":[],"product_cat":[103,38],"product_tag":[69,70,46],"class_list":{"0":"post-2735","1":"product","2":"type-product","3":"status-publish","4":"has-post-thumbnail","6":"product_cat-construcaocivil","7":"product_cat-cortadordevergalhao","8":"product_tag-cortador-de-vergalhao-cv-91","9":"product_tag-knipes","10":"product_tag-supriex","12":"first","13":"outofstock","14":"shipping-taxable","15":"purchasable","16":"product-type-simple"},"_links":{"self":[{"href":"https:\/\/supriex.com.br\/loja\/wp-json\/wp\/v2\/product\/2735","targetHints":{"allow":["GET"]}}],"collection":[{"href":"https:\/\/supriex.com.br\/loja\/wp-json\/wp\/v2\/product"}],"about":[{"href":"https:\/\/supriex.com.br\/loja\/wp-json\/wp\/v2\/types\/product"}],"wp:featuredmedia":[{"embeddable":true,"href":"https:\/\/supriex.com.br\/loja\/wp-json\/wp\/v2\/media\/2737"}],"wp:attachment":[{"href":"https:\/\/supriex.com.br\/loja\/wp-json\/wp\/v2\/media?parent=2735"}],"wp:term":[{"taxonomy":"product_brand","embeddable":true,"href":"https:\/\/supriex.com.br\/loja\/wp-json\/wp\/v2\/product_brand?post=2735"},{"taxonomy":"product_cat","embeddable":true,"href":"https:\/\/supriex.com.br\/loja\/wp-json\/wp\/v2\/product_cat?post=2735"},{"taxonomy":"product_tag","embeddable":true,"href":"https:\/\/supriex.com.br\/loja\/wp-json\/wp\/v2\/product_tag?post=2735"}],"curies":[{"name":"wp","href":"https:\/\/api.w.org\/{rel}","templated":true}]}}