{"id":2705,"date":"2018-08-21T17:04:59","date_gmt":"2018-08-21T20:04:59","guid":{"rendered":"https:\/\/supriex.com.br\/loja\/?post_type=product&#038;p=2705"},"modified":"2021-12-09T11:11:45","modified_gmt":"2021-12-09T14:11:45","slug":"alicate-de-retirar-isolamento","status":"publish","type":"product","link":"https:\/\/supriex.com.br\/loja\/produto\/alicate-de-retirar-isolamento\/","title":{"rendered":"Alicate de retirar isolamento"},"content":{"rendered":"<ul style=\"margin: 0px;padding: 0px;border: 0px;font-family: Arial, Helvetica, sans-serif;font-size: 13px;line-height: 19px;vertical-align: baseline;color: #362b36;background-color: #fefefe\">\n<li class=\"Beschreibung\" style=\"margin: 0px 0px 0px 25px;padding: 0px;border: 0px;font-family: inherit;font-size: inherit;font-style: inherit;font-variant: inherit;font-weight: inherit;line-height: inherit;vertical-align: baseline\">Para um ou mais condutores de fios \u00fanicos, m\u00faltiplos e fios finos com isolamento de pl\u00e1stico ou de borracha m\u00e1x. \u00d8 5,0 mm e\/ou 10 mm\u00b2 sec\u00e7\u00e3o nominal do condutor<\/li>\n<li class=\"Beschreibung\" style=\"margin: 0px 0px 0px 25px;padding: 0px;border: 0px;font-family: inherit;font-size: inherit;font-style: inherit;font-variant: inherit;font-weight: inherit;line-height: inherit;vertical-align: baseline\">Ajustes simples para o di\u00e2metro desejado de fio ou fio tran\u00e7ado por parafuso serrilhado e contra-porca<\/li>\n<li class=\"kpx_material\" style=\"margin: 0px 0px 0px 25px;padding: 0px;border: 0px;font-family: inherit;font-size: inherit;font-style: inherit;font-variant: inherit;font-weight: inherit;line-height: inherit;vertical-align: baseline\">A\u00e7o especial para ferramentas, forjado e temperado em \u00f3leo<\/li>\n<li><\/li>\n<\/ul>\n<div id=\"_mcePaste\" style=\"width: 1px;height: 1px;overflow: hidden\">Para a fixa\u00e7\u00e3o de a\u00e7o para concreto armado com arame de atar em rolo.<\/div>\n<div id=\"_mcePaste\" style=\"width: 1px;height: 1px;overflow: hidden\">Entrela\u00e7amento e corte do arame numa \u00fanica etapa de trabalho.<\/div>\n<div id=\"_mcePaste\" style=\"width: 1px;height: 1px;overflow: hidden\">Articula\u00e7\u00e3o de alta multiplica\u00e7\u00e3o, permitindo um trabalho com menor esfor\u00e7o, mesmo que sejam utilizados arames de atar mais espessos.<\/div>\n<div id=\"_mcePaste\" style=\"width: 1px;height: 1px;overflow: hidden\">Forma especialmente estreita para ligar ferros com pouco espa\u00e7o de movimenta\u00e7\u00e3o.<\/div>\n<div id=\"_mcePaste\" style=\"width: 1px;height: 1px;overflow: hidden\">Al\u00edvio de tend\u00f5es e m\u00fasculos gra\u00e7as ao acentuado amortecimento do impacto ap\u00f3s o corte do arame de atar.<\/div>\n<div id=\"_mcePaste\" style=\"width: 1px;height: 1px;overflow: hidden\">Dureza das m\u00e2minas de aproximadamente 61 HRC.<\/div>\n<div id=\"_mcePaste\" style=\"width: 1px;height: 1px;overflow: hidden\">A\u00e7o especial para ferramentas, qualidade extraordin\u00e1ria, forjado e temperado em \u00f3leo.<\/div>\n<div id=\"_mcePaste\" style=\"width: 1px;height: 1px;overflow: hidden\">CARACTERISTICAS T\u00c9CNICAS<\/div>\n<div id=\"_mcePaste\" style=\"width: 1px;height: 1px;overflow: hidden\">Alicate niquelado, revestimento contra oxida\u00e7\u00e3o.<\/div>\n<div id=\"_mcePaste\" style=\"width: 1px;height: 1px;overflow: hidden\">Cabe\u00e7a polida.<\/div>\n<div id=\"_mcePaste\" style=\"width: 1px;height: 1px;overflow: hidden\">Para Arames semi-duros__________3,8 \u00d8 mm<\/div>\n<div id=\"_mcePaste\" style=\"width: 1px;height: 1px;overflow: hidden\">Para Arames duros ______________2,0 \u00d8 mm<\/div>\n<div id=\"_mcePaste\" style=\"width: 1px;height: 1px;overflow: hidden\">Comprimento___________________300 mm<\/div>\n<div id=\"_mcePaste\" style=\"width: 1px;height: 1px;overflow: hidden\">Peso __________________________499 g<\/div>\n<p><strong><img loading=\"lazy\" decoding=\"async\" class=\"__mce_add_custom__\" title=\"caracteristicas.jpg\" src=\"http:\/\/supriex.com.br\/product_images\/uploaded_images\/caracteristicas.jpg\" alt=\"caracteristicas.jpg\" width=\"966\" height=\"36\" \/><\/strong><\/p>\n<table style=\"width: 350px;height: 150px\" border=\"0\" cellspacing=\"4\" cellpadding=\"4\">\n<tbody>\n<tr>\n<td bgcolor=\"#CCCCCC\">Alicate<\/td>\n<td align=\"center\" bgcolor=\"#CCCCCC\">Cromado<\/td>\n<\/tr>\n<tr>\n<td bgcolor=\"#CCCCCC\">Cabo<\/td>\n<td align=\"center\" bgcolor=\"#CCCCCC\">Isolados com capas de componentes m\u00faltiplos, testado por VDE<\/td>\n<\/tr>\n<tr>\n<td bgcolor=\"#CCCCCC\">Forma<\/td>\n<td align=\"center\" bgcolor=\"#CCCCCC\">0<\/td>\n<\/tr>\n<tr>\n<td bgcolor=\"#CCCCCC\">Norma Realtiva ao Isolamento<\/td>\n<td align=\"center\" bgcolor=\"#CCCCCC\">IEC 60900 DIN EN 60900<\/td>\n<\/tr>\n<tr>\n<td>Valores de retirar o isolamento<\/td>\n<td style=\"text-align: center\">5 mm<\/td>\n<\/tr>\n<tr>\n<td>Velores de retirar o isolamento<\/td>\n<td style=\"text-align: center\">10 mm\u00b2<\/td>\n<\/tr>\n<tr>\n<td>AWG<\/td>\n<td style=\"text-align: center\">7<\/td>\n<\/tr>\n<tr>\n<td>Comprimento<\/td>\n<td style=\"text-align: center\">160 mm<\/td>\n<\/tr>\n<tr>\n<td>Peso L\u00edquido<\/td>\n<td style=\"text-align: center\">195 g<\/td>\n<\/tr>\n<\/tbody>\n<\/table>\n","protected":false},"excerpt":{"rendered":"<p>Para um ou mais condutores de fios \u00fanicos, m\u00faltiplos e fios finos com isolamento de pl\u00e1stico ou de borracha m\u00e1x. \u00d8 5,0 mm e\/ou 10 mm\u00b2<span class=\"excerpt-hellip\"> [\u2026]<\/span><\/p>\n","protected":false},"featured_media":2706,"template":"","meta":[],"product_brand":[],"product_cat":[44],"product_tag":[60,59,56,46],"class_list":{"0":"post-2705","1":"product","2":"type-product","3":"status-publish","4":"has-post-thumbnail","6":"product_cat-alicates","7":"product_tag-alicate","8":"product_tag-alicate-de-retirar-isolamento","9":"product_tag-knipex","10":"product_tag-supriex","12":"first","13":"outofstock","14":"sale","15":"shipping-taxable","16":"purchasable","17":"product-type-simple"},"_links":{"self":[{"href":"https:\/\/supriex.com.br\/loja\/wp-json\/wp\/v2\/product\/2705","targetHints":{"allow":["GET"]}}],"collection":[{"href":"https:\/\/supriex.com.br\/loja\/wp-json\/wp\/v2\/product"}],"about":[{"href":"https:\/\/supriex.com.br\/loja\/wp-json\/wp\/v2\/types\/product"}],"wp:featuredmedia":[{"embeddable":true,"href":"https:\/\/supriex.com.br\/loja\/wp-json\/wp\/v2\/media\/2706"}],"wp:attachment":[{"href":"https:\/\/supriex.com.br\/loja\/wp-json\/wp\/v2\/media?parent=2705"}],"wp:term":[{"taxonomy":"product_brand","embeddable":true,"href":"https:\/\/supriex.com.br\/loja\/wp-json\/wp\/v2\/product_brand?post=2705"},{"taxonomy":"product_cat","embeddable":true,"href":"https:\/\/supriex.com.br\/loja\/wp-json\/wp\/v2\/product_cat?post=2705"},{"taxonomy":"product_tag","embeddable":true,"href":"https:\/\/supriex.com.br\/loja\/wp-json\/wp\/v2\/product_tag?post=2705"}],"curies":[{"name":"wp","href":"https:\/\/api.w.org\/{rel}","templated":true}]}}