{"id":2698,"date":"2018-08-14T18:03:32","date_gmt":"2018-08-14T21:03:32","guid":{"rendered":"https:\/\/supriex.com.br\/loja\/?post_type=product&#038;p=2698"},"modified":"2021-04-20T13:55:48","modified_gmt":"2021-04-20T16:55:48","slug":"alicate-de-corte-de-meia-esquadria","status":"publish","type":"product","link":"https:\/\/supriex.com.br\/loja\/produto\/alicate-de-corte-de-meia-esquadria\/","title":{"rendered":"Alicate de corte de meia esquadria"},"content":{"rendered":"<div>\n<div>\n<ul style=\"margin: 0px;padding: 0px;border: 0px;font-family: Arial, Helvetica, sans-serif;font-size: 13px;line-height: 19px;vertical-align: baseline;color: #362b36;background-color: #fefefe\">\n<li class=\"Beschreibung\" style=\"margin: 0px 0px 0px 25px;padding: 0px;border: 0px;font-family: inherit;font-size: inherit;font-style: inherit;font-variant: inherit;font-weight: inherit;line-height: inherit;vertical-align: baseline\">Para o corte isento de esmagamento de perfis pl\u00e1sticos, borracha e de madeira macia, tamb\u00e9m para cabos de cinta plana at\u00e9 uma largura de 56 mm<\/li>\n<li class=\"Beschreibung\" style=\"margin: 0px 0px 0px 25px;padding: 0px;border: 0px;font-family: inherit;font-size: inherit;font-style: inherit;font-variant: inherit;font-weight: inherit;line-height: inherit;vertical-align: baseline\">Apoio de cortar substitu\u00edvel com \u00e2ngulo de encosto para cortes de 45\u00b0 e marca\u00e7\u00f5es para cortes de 60\u00b0-, 75\u00b0- e 90\u00b0<\/li>\n<li class=\"Beschreibung\" style=\"margin: 0px 0px 0px 25px;padding: 0px;border: 0px;font-family: inherit;font-size: inherit;font-style: inherit;font-variant: inherit;font-weight: inherit;line-height: inherit;vertical-align: baseline\">Com mola de abertura e lingueta de travamento<\/li>\n<li class=\"kpx_material\" style=\"margin: 0px 0px 0px 25px;padding: 0px;border: 0px;font-family: inherit;font-size: inherit;font-style: inherit;font-variant: inherit;font-weight: inherit;line-height: inherit;vertical-align: baseline\">Corpo da ferramenta: a\u00e7o especial para ferramentas, laminado, temperado em \u00f3leo<\/li>\n<li class=\"kpx_material\" style=\"margin: 0px 0px 0px 25px;padding: 0px;border: 0px;font-family: inherit;font-size: inherit;font-style: inherit;font-variant: inherit;font-weight: inherit;line-height: inherit;vertical-align: baseline\">L\u00e2mina: l\u00e2mina trapezoidal standard, intercambi\u00e1vel<\/li>\n<\/ul>\n<\/div>\n<\/div>\n<p>&nbsp;<\/p>\n<p><strong><img loading=\"lazy\" decoding=\"async\" class=\"__mce_add_custom__\" title=\"caracteristicas.jpg\" src=\"http:\/\/supriex.com.br\/product_images\/uploaded_images\/caracteristicas.jpg\" alt=\"caracteristicas.jpg\" width=\"966\" height=\"36\" \/><\/strong><\/p>\n<p>&nbsp;<\/p>\n<table style=\"margin: 0px;padding: 0px;border: 0px;font-family: Arial, Helvetica, sans-serif;font-size: 13px;line-height: 19px;vertical-align: baseline;border-collapse: collapse;border-spacing: 0px;color: #362b36;background-color: #fefefe\">\n<tbody style=\"margin: 0px;padding: 0px;border: 0px;font-family: inherit;font-size: inherit;font-style: inherit;font-variant: inherit;font-weight: inherit;line-height: inherit;vertical-align: baseline\">\n<tr style=\"margin: 0px;padding: 0px;border: 0px;font-family: inherit;font-size: inherit;font-style: inherit;font-variant: inherit;font-weight: inherit;line-height: inherit;vertical-align: baseline\">\n<th style=\"margin: 0px;padding: 0px;border: 1px solid #e0e0e0;font-family: inherit;font-size: inherit;font-style: inherit;font-variant: inherit;font-weight: inherit;line-height: inherit;vertical-align: baseline;width: 200px\">No.<\/th>\n<td style=\"margin: 0px;padding: 0px;border: 1px solid #e0e0e0;font-family: Arial, Verdana, Helvetica, sans-serif;font-size: 12px;line-height: normal;vertical-align: baseline\" colspan=\"2\">\u00a0 \u00a0 \u00a0 \u00a0 \u00a0 \u00a0 \u00a0 \u00a0 \u00a0 \u00a0 \u00a0 \u00a0 94 35 215<\/td>\n<\/tr>\n<tr style=\"margin: 0px;padding: 0px;border: 0px;font-family: inherit;font-size: inherit;font-style: inherit;font-variant: inherit;font-weight: inherit;line-height: inherit;vertical-align: baseline\">\n<td style=\"margin: 0px;padding: 0px;border: 1px solid #e0e0e0;font-family: Arial, Verdana, Helvetica, sans-serif;font-size: 12px;line-height: normal;vertical-align: baseline\"><\/td>\n<th style=\"margin: 0px;padding: 0px;border: 1px solid #e0e0e0;font-family: inherit;font-size: inherit;font-style: inherit;font-variant: inherit;font-weight: inherit;line-height: inherit;vertical-align: baseline;width: 200px\">EAN<\/th>\n<td style=\"margin: 0px;padding: 0px;border: 1px solid #e0e0e0;font-family: Arial, Verdana, Helvetica, sans-serif;font-size: 12px;line-height: normal;vertical-align: baseline;text-align: center\" colspan=\"2\">4003773046028<\/td>\n<\/tr>\n<tr style=\"margin: 0px;padding: 0px;border: 0px;font-family: inherit;font-size: inherit;font-style: inherit;font-variant: inherit;font-weight: inherit;line-height: inherit;vertical-align: baseline\">\n<td style=\"margin: 0px;padding: 0px;border: 1px solid #e0e0e0;font-family: Arial, Verdana, Helvetica, sans-serif;font-size: 12px;line-height: normal;vertical-align: baseline\" align=\"center\"><\/td>\n<th style=\"margin: 0px;padding: 0px;border: 1px solid #e0e0e0;font-family: inherit;font-size: inherit;font-style: inherit;font-variant: inherit;font-weight: inherit;line-height: inherit;vertical-align: baseline;width: 200px\">Ferramenta<\/th>\n<td style=\"margin: 0px;padding: 0px;border: 1px solid #e0e0e0;font-family: Arial, Verdana, Helvetica, sans-serif;font-size: 12px;line-height: normal;vertical-align: baseline;text-align: center\">cromado<\/td>\n<\/tr>\n<tr style=\"margin: 0px;padding: 0px;border: 0px;font-family: inherit;font-size: inherit;font-style: inherit;font-variant: inherit;font-weight: inherit;line-height: inherit;vertical-align: baseline\">\n<td style=\"margin: 0px;padding: 0px;border: 1px solid #e0e0e0;font-family: Arial, Verdana, Helvetica, sans-serif;font-size: 12px;line-height: normal;vertical-align: baseline\" align=\"center\"><\/td>\n<th style=\"margin: 0px;padding: 0px;border: 1px solid #e0e0e0;font-family: inherit;font-size: inherit;font-style: inherit;font-variant: inherit;font-weight: inherit;line-height: inherit;vertical-align: baseline;width: 200px\">Cabos<\/th>\n<td style=\"margin: 0px;padding: 0px;border: 1px solid #e0e0e0;font-family: Arial, Verdana, Helvetica, sans-serif;font-size: 12px;line-height: normal;vertical-align: baseline;text-align: center\">com capas de pl\u00e1stico<\/td>\n<\/tr>\n<tr style=\"margin: 0px;padding: 0px;border: 0px;font-family: inherit;font-size: inherit;font-style: inherit;font-variant: inherit;font-weight: inherit;line-height: inherit;vertical-align: baseline\">\n<td style=\"margin: 0px;padding: 0px;border: 1px solid #e0e0e0;font-family: Arial, Verdana, Helvetica, sans-serif;font-size: 12px;line-height: normal;vertical-align: baseline\" align=\"center\"><\/td>\n<th style=\"margin: 0px;padding: 0px;border: 1px solid #e0e0e0;font-family: inherit;font-size: inherit;font-style: inherit;font-variant: inherit;font-weight: inherit;line-height: inherit;vertical-align: baseline;width: 200px\">Comprimento da l\u00e2mina<\/th>\n<td style=\"margin: 0px;padding: 0px;border: 1px solid #e0e0e0;font-family: Arial, Verdana, Helvetica, sans-serif;font-size: 12px;line-height: normal;vertical-align: baseline;text-align: center\">56 mm<\/td>\n<\/tr>\n<tr style=\"margin: 0px;padding: 0px;border: 0px;font-family: inherit;font-size: inherit;font-style: inherit;font-variant: inherit;font-weight: inherit;line-height: inherit;vertical-align: baseline\">\n<td style=\"margin: 0px;padding: 0px;border: 1px solid #e0e0e0;font-family: Arial, Verdana, Helvetica, sans-serif;font-size: 12px;line-height: normal;vertical-align: baseline\" align=\"center\"><img decoding=\"async\" style=\"margin: 0px;padding: 0px;font-family: inherit;font-size: inherit;font-style: inherit;font-variant: inherit;font-weight: inherit;line-height: inherit;vertical-align: baseline;max-width: 100%;width: auto;height: auto\" src=\"http:\/\/www.knipex.com\/fileadmin\/site\/knipex\/scripts\/mediando\/images\/KNIPEX\/Symbole\/web\/normal\/KNPK_Laenge_s.gif\" alt=\"Comprimento\" \/><\/td>\n<th style=\"margin: 0px;padding: 0px;border: 1px solid #e0e0e0;font-family: inherit;font-size: inherit;font-style: inherit;font-variant: inherit;font-weight: inherit;line-height: inherit;vertical-align: baseline;width: 200px\">Comprimento<\/th>\n<td style=\"margin: 0px;padding: 0px;border: 1px solid #e0e0e0;font-family: Arial, Verdana, Helvetica, sans-serif;font-size: 12px;line-height: normal;vertical-align: baseline;text-align: center\">215 mm<\/td>\n<\/tr>\n<tr style=\"margin: 0px;padding: 0px;border: 0px;font-family: inherit;font-size: inherit;font-style: inherit;font-variant: inherit;font-weight: inherit;line-height: inherit;vertical-align: baseline\">\n<td style=\"margin: 0px;padding: 0px;border: 1px solid #e0e0e0;font-family: Arial, Verdana, Helvetica, sans-serif;font-size: 12px;line-height: normal;vertical-align: baseline\" align=\"center\"><img decoding=\"async\" style=\"margin: 0px;padding: 0px;font-family: inherit;font-size: inherit;font-style: inherit;font-variant: inherit;font-weight: inherit;line-height: inherit;vertical-align: baseline;max-width: 100%;width: auto;height: auto\" src=\"http:\/\/www.knipex.com\/fileadmin\/site\/knipex\/scripts\/mediando\/images\/KNIPEX\/Symbole\/web\/normal\/Waage_s.gif\" alt=\"Peso l\u00edquido\" \/><\/td>\n<th style=\"margin: 0px;padding: 0px;border: 1px solid #e0e0e0;font-family: inherit;font-size: inherit;font-style: inherit;font-variant: inherit;font-weight: inherit;line-height: inherit;vertical-align: baseline;width: 200px\">Peso l\u00edquido<\/th>\n<td style=\"margin: 0px;padding: 0px;border: 1px solid #e0e0e0;font-family: Arial, Verdana, Helvetica, sans-serif;font-size: 12px;line-height: normal;vertical-align: baseline;text-align: center\">397 g<\/td>\n<\/tr>\n<\/tbody>\n<\/table>\n","protected":false},"excerpt":{"rendered":"<p>Para o corte isento de esmagamento de perfis pl\u00e1sticos, borracha e de madeira macia, tamb\u00e9m para cabos de cinta plana at\u00e9 uma largura de 56 mm<span class=\"excerpt-hellip\"> [\u2026]<\/span><\/p>\n","protected":false},"featured_media":2699,"template":"","meta":[],"product_brand":[],"product_cat":[44,104,110],"product_tag":[57,56,46],"class_list":{"0":"post-2698","1":"product","2":"type-product","3":"status-publish","4":"has-post-thumbnail","6":"product_cat-alicates","7":"product_cat-eletrica","8":"product_cat-promocao","9":"product_tag-alicate-de-corte-de-meia-esquadria","10":"product_tag-knipex","11":"product_tag-supriex","13":"first","14":"outofstock","15":"shipping-taxable","16":"purchasable","17":"product-type-simple"},"_links":{"self":[{"href":"https:\/\/supriex.com.br\/loja\/wp-json\/wp\/v2\/product\/2698","targetHints":{"allow":["GET"]}}],"collection":[{"href":"https:\/\/supriex.com.br\/loja\/wp-json\/wp\/v2\/product"}],"about":[{"href":"https:\/\/supriex.com.br\/loja\/wp-json\/wp\/v2\/types\/product"}],"wp:featuredmedia":[{"embeddable":true,"href":"https:\/\/supriex.com.br\/loja\/wp-json\/wp\/v2\/media\/2699"}],"wp:attachment":[{"href":"https:\/\/supriex.com.br\/loja\/wp-json\/wp\/v2\/media?parent=2698"}],"wp:term":[{"taxonomy":"product_brand","embeddable":true,"href":"https:\/\/supriex.com.br\/loja\/wp-json\/wp\/v2\/product_brand?post=2698"},{"taxonomy":"product_cat","embeddable":true,"href":"https:\/\/supriex.com.br\/loja\/wp-json\/wp\/v2\/product_cat?post=2698"},{"taxonomy":"product_tag","embeddable":true,"href":"https:\/\/supriex.com.br\/loja\/wp-json\/wp\/v2\/product_tag?post=2698"}],"curies":[{"name":"wp","href":"https:\/\/api.w.org\/{rel}","templated":true}]}}