{"id":2680,"date":"2018-08-14T17:35:57","date_gmt":"2018-08-14T20:35:57","guid":{"rendered":"https:\/\/supriex.com.br\/loja\/?post_type=product&#038;p=2680"},"modified":"2021-04-13T13:58:18","modified_gmt":"2021-04-13T16:58:18","slug":"cobolt-angulado-corta-arames-compactados","status":"publish","type":"product","link":"https:\/\/supriex.com.br\/loja\/produto\/cobolt-angulado-corta-arames-compactados\/","title":{"rendered":"Cobolt angulado corta arames compactados"},"content":{"rendered":"<div>\n<div>\n<div>\n<div>\n<ul style=\"margin: 0px;padding: 0px;border: 0px;font-family: Arial, Helvetica, sans-serif;font-size: 13px;line-height: 19px;vertical-align: baseline;color: #362b36;background-color: #fefefe\">\n<li class=\"Beschreibung\" style=\"margin: 0px 0px 0px 25px;padding: 0px;border: 0px;font-family: inherit;font-size: inherit;font-style: inherit;font-variant: inherit;font-weight: inherit;line-height: inherit;vertical-align: baseline\">Gumes de precis\u00e3o para arame macio, duro e arame piano<\/li>\n<li class=\"Beschreibung\" style=\"margin: 0px 0px 0px 25px;padding: 0px;border: 0px;font-family: inherit;font-size: inherit;font-style: inherit;font-variant: inherit;font-weight: inherit;line-height: inherit;vertical-align: baseline\">Corta componentes tais como cavilhas, pregos, rebites, etc. at\u00e9 \u00d8 5,2 mm<\/li>\n<li class=\"Beschreibung\" style=\"margin: 0px 0px 0px 25px;padding: 0px;border: 0px;font-family: inherit;font-size: inherit;font-style: inherit;font-variant: inherit;font-weight: inherit;line-height: inherit;vertical-align: baseline\">Pot\u00eancia de corte extremamente elevada com um m\u00ednimo de for\u00e7a gra\u00e7as a uma constru\u00e7\u00e3o articulada altamente eficiente<\/li>\n<li class=\"Beschreibung\" style=\"margin: 0px 0px 0px 25px;padding: 0px;border: 0px;font-family: inherit;font-size: inherit;font-style: inherit;font-variant: inherit;font-weight: inherit;line-height: inherit;vertical-align: baseline\">Gumes adicionalmente temperados indutivamente, dureza de afia\u00e7\u00f5es aprox. 64 HRC<\/li>\n<li class=\"kpx_material\" style=\"margin: 0px 0px 0px 25px;padding: 0px;border: 0px;font-family: inherit;font-size: inherit;font-style: inherit;font-variant: inherit;font-weight: inherit;line-height: inherit;vertical-align: baseline\">A\u00e7o cromo-van\u00e1dio de elevado desempenho, forjado e temperado em \u00f3leo<\/li>\n<\/ul>\n<\/div>\n<div>\n<p><span class=\"typnameArt\" style=\"margin: 0px;padding: 0px 5px 0px 0px;border: 0px;font-family: inherit;font-size: inherit;font-style: inherit;font-variant: inherit;font-weight: bold;line-height: inherit;vertical-align: baseline\">Modelo:<\/span><\/p>\n<ul style=\"margin: 0px;padding: 0px;border: 0px;font-family: Arial, Helvetica, sans-serif;font-size: 13px;line-height: 19px;vertical-align: baseline;color: #362b36;background-color: #fefefe\">\n<li class=\"Modell\" style=\"margin: 4px 0px 0px 25px;padding: 0px;border: 0px;font-family: inherit;font-size: inherit;font-style: inherit;font-variant: inherit;line-height: inherit;vertical-align: baseline\">Mola de abertura e travamento integrados adicionalmente nas capas dos cabos para um trabalho mais confort\u00e1vel e um transporte seguro<\/li>\n<\/ul>\n<p>&nbsp;<\/p>\n<p><strong><img loading=\"lazy\" decoding=\"async\" class=\"__mce_add_custom__\" title=\"caracteristicas.jpg\" src=\"http:\/\/supriex.com.br\/product_images\/uploaded_images\/caracteristicas.jpg\" alt=\"caracteristicas.jpg\" width=\"966\" height=\"36\" \/><\/strong><\/p>\n<\/div>\n<\/div>\n<\/div>\n<\/div>\n<table style=\"margin: 0px;padding: 0px;border: 0px;font-family: Arial, Helvetica, sans-serif;font-size: 13px;line-height: 19px;vertical-align: baseline;border-collapse: collapse;border-spacing: 0px;color: #362b36;background-color: #fefefe\">\n<tbody style=\"margin: 0px;padding: 0px;border: 0px;font-family: inherit;font-size: inherit;font-style: inherit;font-variant: inherit;font-weight: inherit;line-height: inherit;vertical-align: baseline\">\n<tr style=\"margin: 0px;padding: 0px;border: 0px;font-family: inherit;font-size: inherit;font-style: inherit;font-variant: inherit;font-weight: inherit;line-height: inherit;vertical-align: baseline\">\n<td style=\"margin: 0px;padding: 0px;border: 1px solid #e0e0e0;font-family: Arial, Verdana, Helvetica, sans-serif;font-size: 12px;line-height: normal;vertical-align: baseline\"><\/td>\n<th style=\"margin: 0px;padding: 0px;border: 1px solid #e0e0e0;font-family: inherit;font-size: inherit;font-style: inherit;font-variant: inherit;font-weight: inherit;line-height: inherit;vertical-align: baseline;width: 200px\">No.<\/th>\n<td style=\"margin: 0px;padding: 0px;border: 1px solid #e0e0e0;font-family: Arial, Verdana, Helvetica, sans-serif;font-size: 12px;line-height: normal;vertical-align: baseline\" colspan=\"2\">71 22 200<\/td>\n<\/tr>\n<tr style=\"margin: 0px;padding: 0px;border: 0px;font-family: inherit;font-size: inherit;font-style: inherit;font-variant: inherit;font-weight: inherit;line-height: inherit;vertical-align: baseline\">\n<td style=\"margin: 0px;padding: 0px;border: 1px solid #e0e0e0;font-family: Arial, Verdana, Helvetica, sans-serif;font-size: 12px;line-height: normal;vertical-align: baseline\"><\/td>\n<th style=\"margin: 0px;padding: 0px;border: 1px solid #e0e0e0;font-family: inherit;font-size: inherit;font-style: inherit;font-variant: inherit;font-weight: inherit;line-height: inherit;vertical-align: baseline;width: 200px\">EAN<\/th>\n<td style=\"margin: 0px;padding: 0px;border: 1px solid #e0e0e0;font-family: Arial, Verdana, Helvetica, sans-serif;font-size: 12px;line-height: normal;vertical-align: baseline\" colspan=\"2\">4003773066873<\/td>\n<\/tr>\n<tr style=\"margin: 0px;padding: 0px;border: 0px;font-family: inherit;font-size: inherit;font-style: inherit;font-variant: inherit;font-weight: inherit;line-height: inherit;vertical-align: baseline\">\n<td style=\"margin: 0px;padding: 0px;border: 1px solid #e0e0e0;font-family: Arial, Verdana, Helvetica, sans-serif;font-size: 12px;line-height: normal;vertical-align: baseline\" align=\"center\"><\/td>\n<th style=\"margin: 0px;padding: 0px;border: 1px solid #e0e0e0;font-family: inherit;font-size: inherit;font-style: inherit;font-variant: inherit;font-weight: inherit;line-height: inherit;vertical-align: baseline;width: 200px\">Alicate<\/th>\n<td style=\"margin: 0px;padding: 0px;border: 1px solid #e0e0e0;font-family: Arial, Verdana, Helvetica, sans-serif;font-size: 12px;line-height: normal;vertical-align: baseline\">preto revestimento contra oxida\u00e7\u00e3o<\/td>\n<\/tr>\n<tr style=\"margin: 0px;padding: 0px;border: 0px;font-family: inherit;font-size: inherit;font-style: inherit;font-variant: inherit;font-weight: inherit;line-height: inherit;vertical-align: baseline\">\n<td style=\"margin: 0px;padding: 0px;border: 1px solid #e0e0e0;font-family: Arial, Verdana, Helvetica, sans-serif;font-size: 12px;line-height: normal;vertical-align: baseline\" align=\"center\"><\/td>\n<th style=\"margin: 0px;padding: 0px;border: 1px solid #e0e0e0;font-family: inherit;font-size: inherit;font-style: inherit;font-variant: inherit;font-weight: inherit;line-height: inherit;vertical-align: baseline;width: 200px\">Cabos<\/th>\n<td style=\"margin: 0px;padding: 0px;border: 1px solid #e0e0e0;font-family: Arial, Verdana, Helvetica, sans-serif;font-size: 12px;line-height: normal;vertical-align: baseline\">com capas de componentes m\u00faltiplos estreitas<\/td>\n<\/tr>\n<tr style=\"margin: 0px;padding: 0px;border: 0px;font-family: inherit;font-size: inherit;font-style: inherit;font-variant: inherit;font-weight: inherit;line-height: inherit;vertical-align: baseline\">\n<td style=\"margin: 0px;padding: 0px;border: 1px solid #e0e0e0;font-family: Arial, Verdana, Helvetica, sans-serif;font-size: 12px;line-height: normal;vertical-align: baseline\" align=\"center\"><\/td>\n<th style=\"margin: 0px;padding: 0px;border: 1px solid #e0e0e0;font-family: inherit;font-size: inherit;font-style: inherit;font-variant: inherit;font-weight: inherit;line-height: inherit;vertical-align: baseline;width: 200px\">Forma<\/th>\n<td style=\"margin: 0px;padding: 0px;border: 1px solid #e0e0e0;font-family: Arial, Verdana, Helvetica, sans-serif;font-size: 12px;line-height: normal;vertical-align: baseline\">2<\/td>\n<\/tr>\n<tr style=\"margin: 0px;padding: 0px;border: 0px;font-family: inherit;font-size: inherit;font-style: inherit;font-variant: inherit;font-weight: inherit;line-height: inherit;vertical-align: baseline\">\n<td style=\"margin: 0px;padding: 0px;border: 1px solid #e0e0e0;font-family: Arial, Verdana, Helvetica, sans-serif;font-size: 12px;line-height: normal;vertical-align: baseline\" align=\"center\"><img decoding=\"async\" style=\"margin: 0px;padding: 0px;font-family: inherit;font-size: inherit;font-style: inherit;font-variant: inherit;font-weight: inherit;line-height: inherit;vertical-align: baseline;max-width: 100%;width: auto;height: auto\" src=\"http:\/\/www.knipex.com\/fileadmin\/site\/knipex\/scripts\/mediando\/images\/KNIPEX\/Symbole\/web\/normal\/Draht-weich_s.gif\" alt=\"Valor de corte de arame macio\" \/><\/td>\n<th style=\"margin: 0px;padding: 0px;border: 1px solid #e0e0e0;font-family: inherit;font-size: inherit;font-style: inherit;font-variant: inherit;font-weight: inherit;line-height: inherit;vertical-align: baseline;width: 200px\">Valor de corte de arame macio<\/th>\n<td style=\"margin: 0px;padding: 0px;border: 1px solid #e0e0e0;font-family: Arial, Verdana, Helvetica, sans-serif;font-size: 12px;line-height: normal;vertical-align: baseline\">6,0 \u00d8 mm<\/td>\n<\/tr>\n<tr style=\"margin: 0px;padding: 0px;border: 0px;font-family: inherit;font-size: inherit;font-style: inherit;font-variant: inherit;font-weight: inherit;line-height: inherit;vertical-align: baseline\">\n<td style=\"margin: 0px;padding: 0px;border: 1px solid #e0e0e0;font-family: Arial, Verdana, Helvetica, sans-serif;font-size: 12px;line-height: normal;vertical-align: baseline\" align=\"center\"><img decoding=\"async\" style=\"margin: 0px;padding: 0px;font-family: inherit;font-size: inherit;font-style: inherit;font-variant: inherit;font-weight: inherit;line-height: inherit;vertical-align: baseline;max-width: 100%;width: auto;height: auto\" src=\"http:\/\/www.knipex.com\/fileadmin\/site\/knipex\/scripts\/mediando\/images\/KNIPEX\/Symbole\/web\/normal\/Draht-mittel_s.gif\" alt=\"Valor de corte de arame semi-duro\" \/><\/td>\n<th style=\"margin: 0px;padding: 0px;border: 1px solid #e0e0e0;font-family: inherit;font-size: inherit;font-style: inherit;font-variant: inherit;font-weight: inherit;line-height: inherit;vertical-align: baseline;width: 200px\">Valor de corte de arame semi-duro<\/th>\n<td style=\"margin: 0px;padding: 0px;border: 1px solid #e0e0e0;font-family: Arial, Verdana, Helvetica, sans-serif;font-size: 12px;line-height: normal;vertical-align: baseline\">5,2 \u00d8 mm<\/td>\n<\/tr>\n<tr style=\"margin: 0px;padding: 0px;border: 0px;font-family: inherit;font-size: inherit;font-style: inherit;font-variant: inherit;font-weight: inherit;line-height: inherit;vertical-align: baseline\">\n<td style=\"margin: 0px;padding: 0px;border: 1px solid #e0e0e0;font-family: Arial, Verdana, Helvetica, sans-serif;font-size: 12px;line-height: normal;vertical-align: baseline\" align=\"center\"><img decoding=\"async\" style=\"margin: 0px;padding: 0px;font-family: inherit;font-size: inherit;font-style: inherit;font-variant: inherit;font-weight: inherit;line-height: inherit;vertical-align: baseline;max-width: 100%;width: auto;height: auto\" src=\"http:\/\/www.knipex.com\/fileadmin\/site\/knipex\/scripts\/mediando\/images\/KNIPEX\/Symbole\/web\/normal\/Draht-hart_s.gif\" alt=\"Valor de corte de arame duro\" \/><\/td>\n<th style=\"margin: 0px;padding: 0px;border: 1px solid #e0e0e0;font-family: inherit;font-size: inherit;font-style: inherit;font-variant: inherit;font-weight: inherit;line-height: inherit;vertical-align: baseline;width: 200px\">Valor de corte de arame duro<\/th>\n<td style=\"margin: 0px;padding: 0px;border: 1px solid #e0e0e0;font-family: Arial, Verdana, Helvetica, sans-serif;font-size: 12px;line-height: normal;vertical-align: baseline\">4,0 \u00d8 mm<\/td>\n<\/tr>\n<tr style=\"margin: 0px;padding: 0px;border: 0px;font-family: inherit;font-size: inherit;font-style: inherit;font-variant: inherit;font-weight: inherit;line-height: inherit;vertical-align: baseline\">\n<td style=\"margin: 0px;padding: 0px;border: 1px solid #e0e0e0;font-family: Arial, Verdana, Helvetica, sans-serif;font-size: 12px;line-height: normal;vertical-align: baseline\" align=\"center\"><img decoding=\"async\" style=\"margin: 0px;padding: 0px;font-family: inherit;font-size: inherit;font-style: inherit;font-variant: inherit;font-weight: inherit;line-height: inherit;vertical-align: baseline;max-width: 100%;width: auto;height: auto\" src=\"http:\/\/www.knipex.com\/fileadmin\/site\/knipex\/scripts\/mediando\/images\/KNIPEX\/Symbole\/web\/normal\/Draht-piano_s.gif\" alt=\"Valor de corte de arame piano\" \/><\/td>\n<th style=\"margin: 0px;padding: 0px;border: 1px solid #e0e0e0;font-family: inherit;font-size: inherit;font-style: inherit;font-variant: inherit;font-weight: inherit;line-height: inherit;vertical-align: baseline;width: 200px\">Valor de corte de arame piano<\/th>\n<td style=\"margin: 0px;padding: 0px;border: 1px solid #e0e0e0;font-family: Arial, Verdana, Helvetica, sans-serif;font-size: 12px;line-height: normal;vertical-align: baseline\">3,6 \u00d8 mm<\/td>\n<\/tr>\n<tr style=\"margin: 0px;padding: 0px;border: 0px;font-family: inherit;font-size: inherit;font-style: inherit;font-variant: inherit;font-weight: inherit;line-height: inherit;vertical-align: baseline\">\n<td style=\"margin: 0px;padding: 0px;border: 1px solid #e0e0e0;font-family: Arial, Verdana, Helvetica, sans-serif;font-size: 12px;line-height: normal;vertical-align: baseline\" align=\"center\"><img decoding=\"async\" style=\"margin: 0px;padding: 0px;font-family: inherit;font-size: inherit;font-style: inherit;font-variant: inherit;font-weight: inherit;line-height: inherit;vertical-align: baseline;max-width: 100%;width: auto;height: auto\" src=\"http:\/\/www.knipex.com\/fileadmin\/site\/knipex\/scripts\/mediando\/images\/KNIPEX\/Symbole\/web\/normal\/KNPK_Laenge_s.gif\" alt=\"Comprimento\" \/><\/td>\n<th style=\"margin: 0px;padding: 0px;border: 1px solid #e0e0e0;font-family: inherit;font-size: inherit;font-style: inherit;font-variant: inherit;font-weight: inherit;line-height: inherit;vertical-align: baseline;width: 200px\">Comprimento<\/th>\n<td style=\"margin: 0px;padding: 0px;border: 1px solid #e0e0e0;font-family: Arial, Verdana, Helvetica, sans-serif;font-size: 12px;line-height: normal;vertical-align: baseline\">200 mm<\/td>\n<\/tr>\n<tr style=\"margin: 0px;padding: 0px;border: 0px;font-family: inherit;font-size: inherit;font-style: inherit;font-variant: inherit;font-weight: inherit;line-height: inherit;vertical-align: baseline\">\n<td style=\"margin: 0px;padding: 0px;border: 1px solid #e0e0e0;font-family: Arial, Verdana, Helvetica, sans-serif;font-size: 12px;line-height: normal;vertical-align: baseline\" align=\"center\"><img decoding=\"async\" style=\"margin: 0px;padding: 0px;font-family: inherit;font-size: inherit;font-style: inherit;font-variant: inherit;font-weight: inherit;line-height: inherit;vertical-align: baseline;max-width: 100%;width: auto;height: auto\" src=\"http:\/\/www.knipex.com\/fileadmin\/site\/knipex\/scripts\/mediando\/images\/KNIPEX\/Symbole\/web\/normal\/Waage_s.gif\" alt=\"Peso l\u00edquido\" \/><\/td>\n<th style=\"margin: 0px;padding: 0px;border: 1px solid #e0e0e0;font-family: inherit;font-size: inherit;font-style: inherit;font-variant: inherit;font-weight: inherit;line-height: inherit;vertical-align: baseline;width: 200px\">Peso l\u00edquido<\/th>\n<td style=\"margin: 0px;padding: 0px;border: 1px solid #e0e0e0;font-family: Arial, Verdana, Helvetica, sans-serif;font-size: 12px;line-height: normal;vertical-align: baseline\">375 g<\/td>\n<\/tr>\n<\/tbody>\n<\/table>\n","protected":false},"excerpt":{"rendered":"<p>Gumes de precis\u00e3o para arame macio, duro e arame piano Corta componentes tais como cavilhas, pregos, rebites, etc. at\u00e9 \u00d8 5,2 mm Pot\u00eancia de corte extremamente<span class=\"excerpt-hellip\"> [\u2026]<\/span><\/p>\n","protected":false},"featured_media":2681,"template":"","meta":[],"product_brand":[],"product_cat":[44,103,110],"product_tag":[],"class_list":{"0":"post-2680","1":"product","2":"type-product","3":"status-publish","4":"has-post-thumbnail","6":"product_cat-alicates","7":"product_cat-construcaocivil","8":"product_cat-promocao","10":"first","11":"outofstock","12":"shipping-taxable","13":"purchasable","14":"product-type-simple"},"_links":{"self":[{"href":"https:\/\/supriex.com.br\/loja\/wp-json\/wp\/v2\/product\/2680","targetHints":{"allow":["GET"]}}],"collection":[{"href":"https:\/\/supriex.com.br\/loja\/wp-json\/wp\/v2\/product"}],"about":[{"href":"https:\/\/supriex.com.br\/loja\/wp-json\/wp\/v2\/types\/product"}],"wp:featuredmedia":[{"embeddable":true,"href":"https:\/\/supriex.com.br\/loja\/wp-json\/wp\/v2\/media\/2681"}],"wp:attachment":[{"href":"https:\/\/supriex.com.br\/loja\/wp-json\/wp\/v2\/media?parent=2680"}],"wp:term":[{"taxonomy":"product_brand","embeddable":true,"href":"https:\/\/supriex.com.br\/loja\/wp-json\/wp\/v2\/product_brand?post=2680"},{"taxonomy":"product_cat","embeddable":true,"href":"https:\/\/supriex.com.br\/loja\/wp-json\/wp\/v2\/product_cat?post=2680"},{"taxonomy":"product_tag","embeddable":true,"href":"https:\/\/supriex.com.br\/loja\/wp-json\/wp\/v2\/product_tag?post=2680"}],"curies":[{"name":"wp","href":"https:\/\/api.w.org\/{rel}","templated":true}]}}