{"id":2668,"date":"2018-08-14T16:12:16","date_gmt":"2018-08-14T19:12:16","guid":{"rendered":"https:\/\/supriex.com.br\/loja\/?post_type=product&#038;p=2668"},"modified":"2025-01-31T10:07:21","modified_gmt":"2025-01-31T13:07:21","slug":"chave-inglesa-regulavel-com-mordentes","status":"publish","type":"product","link":"https:\/\/supriex.com.br\/loja\/produto\/chave-inglesa-regulavel-com-mordentes\/","title":{"rendered":"Chave inglesa regul\u00e1vel com mordentes"},"content":{"rendered":"<div>\n<div>\n<div>\n<div>\n<div>\n<ul style=\"margin: 0px;padding: 0px;border: 0px;font-family: Arial, Helvetica, sans-serif;font-size: 13px;line-height: 19px;vertical-align: baseline;color: #362b36;background-color: #fefefe\">\n<li class=\"Beschreibung_Highlights\" style=\"margin: 0px 0px 0px 25px;padding: 0px;border: 0px;font-family: inherit;font-size: inherit;font-style: inherit;font-variant: inherit;font-weight: bold;line-height: inherit;vertical-align: baseline;color: #2655ac\">Maior pot\u00eancia e conforto em compara\u00e7\u00e3o com chaves inglesas convencionais do mesmo comprimento: Ajuste de engate de 9 n\u00edveis para uma capacidade de preens\u00e3o 30% maior<\/li>\n<li class=\"Beschreibung_Highlights\" style=\"margin: 0px 0px 0px 25px;padding: 0px;border: 0px;font-family: inherit;font-size: inherit;font-style: inherit;font-variant: inherit;font-weight: bold;line-height: inherit;vertical-align: baseline;color: #2655ac\">Bom acesso \u00e0 pe\u00e7a de trabalho devido a uma forma estreita na cabe\u00e7a e na articula\u00e7\u00e3o da ferramenta<\/li>\n<li class=\"Beschreibung\" style=\"margin: 0px 0px 0px 25px;padding: 0px;border: 0px;font-family: inherit;font-size: inherit;font-style: inherit;font-variant: inherit;font-weight: inherit;line-height: inherit;vertical-align: baseline\">Auto-fixante em tubos e porcas: sem deslize na pe\u00e7a de produ\u00e7\u00e3o, pouca aplica\u00e7\u00e3o de for\u00e7a nos trabalhos<\/li>\n<li class=\"Beschreibung\" style=\"margin: 0px 0px 0px 25px;padding: 0px;border: 0px;font-family: inherit;font-size: inherit;font-style: inherit;font-variant: inherit;font-weight: inherit;line-height: inherit;vertical-align: baseline\">Superf\u00edcies de agarrar com dentes de t\u00eampera especial, dureza dos dentes aprox. 61 HRC: agarra com seguran\u00e7a e durabilidade devido \u00e0 alta resist\u00eancia contra o desgaste<\/li>\n<li class=\"Beschreibung\" style=\"margin: 0px 0px 0px 25px;padding: 0px;border: 0px;font-family: inherit;font-size: inherit;font-style: inherit;font-variant: inherit;font-weight: inherit;line-height: inherit;vertical-align: baseline\">Articula\u00e7\u00e3o de encaixe de passagem: alta estabilidade atrav\u00e9s de guia dupla<\/li>\n<li class=\"Beschreibung\" style=\"margin: 0px 0px 0px 25px;padding: 0px;border: 0px;font-family: inherit;font-size: inherit;font-style: inherit;font-variant: inherit;font-weight: inherit;line-height: inherit;vertical-align: baseline\">Constru\u00e7\u00e3o robusta, resiste \u00e0 sujeira; especialmente adequado para trabalhos exteriores<\/li>\n<li class=\"Beschreibung\" style=\"margin: 0px 0px 0px 25px;padding: 0px;border: 0px;font-family: inherit;font-size: inherit;font-style: inherit;font-variant: inherit;font-weight: inherit;line-height: inherit;vertical-align: baseline\">Prote\u00e7\u00e3o de fixa\u00e7\u00e3o evita danifica\u00e7\u00f5es de esmagamento<\/li>\n<li class=\"kpx_material\" style=\"margin: 0px 0px 0px 25px;padding: 0px;border: 0px;font-family: inherit;font-size: inherit;font-style: inherit;font-variant: inherit;font-weight: inherit;line-height: inherit;vertical-align: baseline\">A\u00e7o el\u00e9trico cromo-van\u00e1dio, forjado e temperado em \u00f3leo<\/li>\n<\/ul>\n<p>&nbsp;<\/p>\n<p><strong><img loading=\"lazy\" decoding=\"async\" class=\"__mce_add_custom__\" title=\"caracteristicas.jpg\" src=\"http:\/\/supriex.com.br\/product_images\/uploaded_images\/caracteristicas.jpg\" alt=\"caracteristicas.jpg\" width=\"966\" height=\"36\" \/><\/strong><\/p>\n<\/div>\n<\/div>\n<\/div>\n<\/div>\n<\/div>\n<table style=\"margin: 0px;padding: 0px;border: 0px;font-family: Arial, Helvetica, sans-serif;font-size: 13px;line-height: 19px;vertical-align: baseline;border-collapse: collapse;border-spacing: 0px;color: #362b36;background-color: #fefefe\">\n<tbody style=\"margin: 0px;padding: 0px;border: 0px;font-family: inherit;font-size: inherit;font-style: inherit;font-variant: inherit;font-weight: inherit;line-height: inherit;vertical-align: baseline\">\n<tr style=\"margin: 0px;padding: 0px;border: 0px;font-family: inherit;font-size: inherit;font-style: inherit;font-variant: inherit;font-weight: inherit;line-height: inherit;vertical-align: baseline\">\n<td style=\"margin: 0px;padding: 0px;border: 1px solid #e0e0e0;font-family: Arial, Verdana, Helvetica, sans-serif;font-size: 12px;line-height: normal;vertical-align: baseline\"><\/td>\n<th style=\"margin: 0px;padding: 0px;border: 1px solid #e0e0e0;font-family: inherit;font-size: inherit;font-style: inherit;font-variant: inherit;font-weight: inherit;line-height: inherit;vertical-align: baseline;width: 200px\">No.<\/th>\n<td style=\"margin: 0px;padding: 0px;border: 1px solid #e0e0e0;font-family: Arial, Verdana, Helvetica, sans-serif;font-size: 12px;line-height: normal;vertical-align: baseline\" colspan=\"2\">88 02 300<\/td>\n<\/tr>\n<tr style=\"margin: 0px;padding: 0px;border: 0px;font-family: inherit;font-size: inherit;font-style: inherit;font-variant: inherit;font-weight: inherit;line-height: inherit;vertical-align: baseline\">\n<td style=\"margin: 0px;padding: 0px;border: 1px solid #e0e0e0;font-family: Arial, Verdana, Helvetica, sans-serif;font-size: 12px;line-height: normal;vertical-align: baseline\"><\/td>\n<th style=\"margin: 0px;padding: 0px;border: 1px solid #e0e0e0;font-family: inherit;font-size: inherit;font-style: inherit;font-variant: inherit;font-weight: inherit;line-height: inherit;vertical-align: baseline;width: 200px\">EAN<\/th>\n<td style=\"margin: 0px;padding: 0px;border: 1px solid #e0e0e0;font-family: Arial, Verdana, Helvetica, sans-serif;font-size: 12px;line-height: normal;vertical-align: baseline\" colspan=\"2\">4003773029151<\/td>\n<\/tr>\n<tr style=\"margin: 0px;padding: 0px;border: 0px;font-family: inherit;font-size: inherit;font-style: inherit;font-variant: inherit;font-weight: inherit;line-height: inherit;vertical-align: baseline\">\n<td style=\"margin: 0px;padding: 0px;border: 1px solid #e0e0e0;font-family: Arial, Verdana, Helvetica, sans-serif;font-size: 12px;line-height: normal;vertical-align: baseline\" align=\"center\"><\/td>\n<th style=\"margin: 0px;padding: 0px;border: 1px solid #e0e0e0;font-family: inherit;font-size: inherit;font-style: inherit;font-variant: inherit;font-weight: inherit;line-height: inherit;vertical-align: baseline;width: 200px\">Alicate<\/th>\n<td style=\"margin: 0px;padding: 0px;border: 1px solid #e0e0e0;font-family: Arial, Verdana, Helvetica, sans-serif;font-size: 12px;line-height: normal;vertical-align: baseline\">preto revestimento contra oxida\u00e7\u00e3o<\/td>\n<\/tr>\n<tr style=\"margin: 0px;padding: 0px;border: 0px;font-family: inherit;font-size: inherit;font-style: inherit;font-variant: inherit;font-weight: inherit;line-height: inherit;vertical-align: baseline\">\n<td style=\"margin: 0px;padding: 0px;border: 1px solid #e0e0e0;font-family: Arial, Verdana, Helvetica, sans-serif;font-size: 12px;line-height: normal;vertical-align: baseline\" align=\"center\"><\/td>\n<th style=\"margin: 0px;padding: 0px;border: 1px solid #e0e0e0;font-family: inherit;font-size: inherit;font-style: inherit;font-variant: inherit;font-weight: inherit;line-height: inherit;vertical-align: baseline;width: 200px\">Cabe\u00e7a<\/th>\n<td style=\"margin: 0px;padding: 0px;border: 1px solid #e0e0e0;font-family: Arial, Verdana, Helvetica, sans-serif;font-size: 12px;line-height: normal;vertical-align: baseline\">polida<\/td>\n<\/tr>\n<tr style=\"margin: 0px;padding: 0px;border: 0px;font-family: inherit;font-size: inherit;font-style: inherit;font-variant: inherit;font-weight: inherit;line-height: inherit;vertical-align: baseline\">\n<td style=\"margin: 0px;padding: 0px;border: 1px solid #e0e0e0;font-family: Arial, Verdana, Helvetica, sans-serif;font-size: 12px;line-height: normal;vertical-align: baseline\" align=\"center\"><\/td>\n<th style=\"margin: 0px;padding: 0px;border: 1px solid #e0e0e0;font-family: inherit;font-size: inherit;font-style: inherit;font-variant: inherit;font-weight: inherit;line-height: inherit;vertical-align: baseline;width: 200px\">Cabos<\/th>\n<td style=\"margin: 0px;padding: 0px;border: 1px solid #e0e0e0;font-family: Arial, Verdana, Helvetica, sans-serif;font-size: 12px;line-height: normal;vertical-align: baseline\">com capas de componentes m\u00faltiplos<\/td>\n<\/tr>\n<tr style=\"margin: 0px;padding: 0px;border: 0px;font-family: inherit;font-size: inherit;font-style: inherit;font-variant: inherit;font-weight: inherit;line-height: inherit;vertical-align: baseline\">\n<td style=\"margin: 0px;padding: 0px;border: 1px solid #e0e0e0;font-family: Arial, Verdana, Helvetica, sans-serif;font-size: 12px;line-height: normal;vertical-align: baseline\" align=\"center\"><\/td>\n<th style=\"margin: 0px;padding: 0px;border: 1px solid #e0e0e0;font-family: inherit;font-size: inherit;font-style: inherit;font-variant: inherit;font-weight: inherit;line-height: inherit;vertical-align: baseline;width: 200px\">Posi\u00e7\u00f5es de ajuste<\/th>\n<td style=\"margin: 0px;padding: 0px;border: 1px solid #e0e0e0;font-family: Arial, Verdana, Helvetica, sans-serif;font-size: 12px;line-height: normal;vertical-align: baseline\">9<\/td>\n<\/tr>\n<tr style=\"margin: 0px;padding: 0px;border: 0px;font-family: inherit;font-size: inherit;font-style: inherit;font-variant: inherit;font-weight: inherit;line-height: inherit;vertical-align: baseline\">\n<td style=\"margin: 0px;padding: 0px;border: 1px solid #e0e0e0;font-family: Arial, Verdana, Helvetica, sans-serif;font-size: 12px;line-height: normal;vertical-align: baseline\" align=\"center\"><img decoding=\"async\" style=\"margin: 0px;padding: 0px;font-family: inherit;font-size: inherit;font-style: inherit;font-variant: inherit;font-weight: inherit;line-height: inherit;vertical-align: baseline;max-width: 100%;width: auto;height: auto\" src=\"http:\/\/www.knipex.com\/fileadmin\/site\/knipex\/scripts\/mediando\/images\/KNIPEX\/Symbole\/web\/normal\/KNPK0991_s.gif\" alt=\"Capacidade para tubos\" \/><\/td>\n<th style=\"margin: 0px;padding: 0px;border: 1px solid #e0e0e0;font-family: inherit;font-size: inherit;font-style: inherit;font-variant: inherit;font-weight: inherit;line-height: inherit;vertical-align: baseline;width: 200px\">Capacidade para tubos<\/th>\n<td style=\"margin: 0px;padding: 0px;border: 1px solid #e0e0e0;font-family: Arial, Verdana, Helvetica, sans-serif;font-size: 12px;line-height: normal;vertical-align: baseline\">2 3\/4 \u00d8 Polegadas<\/td>\n<\/tr>\n<tr style=\"margin: 0px;padding: 0px;border: 0px;font-family: inherit;font-size: inherit;font-style: inherit;font-variant: inherit;font-weight: inherit;line-height: inherit;vertical-align: baseline\">\n<td style=\"margin: 0px;padding: 0px;border: 1px solid #e0e0e0;font-family: Arial, Verdana, Helvetica, sans-serif;font-size: 12px;line-height: normal;vertical-align: baseline\" align=\"center\"><img decoding=\"async\" style=\"margin: 0px;padding: 0px;font-family: inherit;font-size: inherit;font-style: inherit;font-variant: inherit;font-weight: inherit;line-height: inherit;vertical-align: baseline;max-width: 100%;width: auto;height: auto\" src=\"http:\/\/www.knipex.com\/fileadmin\/site\/knipex\/scripts\/mediando\/images\/KNIPEX\/Symbole\/web\/normal\/KNPK1001_s.gif\" alt=\"Capacidade para porcas abertura de chave\" \/><\/td>\n<th style=\"margin: 0px;padding: 0px;border: 1px solid #e0e0e0;font-family: inherit;font-size: inherit;font-style: inherit;font-variant: inherit;font-weight: inherit;line-height: inherit;vertical-align: baseline;width: 200px\">Capacidade para porcas abertura de chave<\/th>\n<td style=\"margin: 0px;padding: 0px;border: 1px solid #e0e0e0;font-family: Arial, Verdana, Helvetica, sans-serif;font-size: 12px;line-height: normal;vertical-align: baseline\">60 mm<\/td>\n<\/tr>\n<tr style=\"margin: 0px;padding: 0px;border: 0px;font-family: inherit;font-size: inherit;font-style: inherit;font-variant: inherit;font-weight: inherit;line-height: inherit;vertical-align: baseline\">\n<td style=\"margin: 0px;padding: 0px;border: 1px solid #e0e0e0;font-family: Arial, Verdana, Helvetica, sans-serif;font-size: 12px;line-height: normal;vertical-align: baseline\" align=\"center\"><img decoding=\"async\" style=\"margin: 0px;padding: 0px;font-family: inherit;font-size: inherit;font-style: inherit;font-variant: inherit;font-weight: inherit;line-height: inherit;vertical-align: baseline;max-width: 100%;width: auto;height: auto\" src=\"http:\/\/www.knipex.com\/fileadmin\/site\/knipex\/scripts\/mediando\/images\/KNIPEX\/Symbole\/web\/normal\/KNPK0991_s.gif\" alt=\"Capacidade para tubos\" \/><\/td>\n<th style=\"margin: 0px;padding: 0px;border: 1px solid #e0e0e0;font-family: inherit;font-size: inherit;font-style: inherit;font-variant: inherit;font-weight: inherit;line-height: inherit;vertical-align: baseline;width: 200px\">Capacidade para tubos<\/th>\n<td style=\"margin: 0px;padding: 0px;border: 1px solid #e0e0e0;font-family: Arial, Verdana, Helvetica, sans-serif;font-size: 12px;line-height: normal;vertical-align: baseline\">70 \u00d8 mm<\/td>\n<\/tr>\n<tr style=\"margin: 0px;padding: 0px;border: 0px;font-family: inherit;font-size: inherit;font-style: inherit;font-variant: inherit;font-weight: inherit;line-height: inherit;vertical-align: baseline\">\n<td style=\"margin: 0px;padding: 0px;border: 1px solid #e0e0e0;font-family: Arial, Verdana, Helvetica, sans-serif;font-size: 12px;line-height: normal;vertical-align: baseline\" align=\"center\"><img decoding=\"async\" style=\"margin: 0px;padding: 0px;font-family: inherit;font-size: inherit;font-style: inherit;font-variant: inherit;font-weight: inherit;line-height: inherit;vertical-align: baseline;max-width: 100%;width: auto;height: auto\" src=\"http:\/\/www.knipex.com\/fileadmin\/site\/knipex\/scripts\/mediando\/images\/KNIPEX\/Symbole\/web\/normal\/KNPK_Laenge_s.gif\" alt=\"Comprimento\" \/><\/td>\n<th style=\"margin: 0px;padding: 0px;border: 1px solid #e0e0e0;font-family: inherit;font-size: inherit;font-style: inherit;font-variant: inherit;font-weight: inherit;line-height: inherit;vertical-align: baseline;width: 200px\">Comprimento<\/th>\n<td style=\"margin: 0px;padding: 0px;border: 1px solid #e0e0e0;font-family: Arial, Verdana, Helvetica, sans-serif;font-size: 12px;line-height: normal;vertical-align: baseline\">300 mm<\/td>\n<\/tr>\n<tr style=\"margin: 0px;padding: 0px;border: 0px;font-family: inherit;font-size: inherit;font-style: inherit;font-variant: inherit;font-weight: inherit;line-height: inherit;vertical-align: baseline\">\n<td style=\"margin: 0px;padding: 0px;border: 1px solid #e0e0e0;font-family: Arial, Verdana, Helvetica, sans-serif;font-size: 12px;line-height: normal;vertical-align: baseline\" align=\"center\"><img decoding=\"async\" style=\"margin: 0px;padding: 0px;font-family: inherit;font-size: inherit;font-style: inherit;font-variant: inherit;font-weight: inherit;line-height: inherit;vertical-align: baseline;max-width: 100%;width: auto;height: auto\" src=\"http:\/\/www.knipex.com\/fileadmin\/site\/knipex\/scripts\/mediando\/images\/KNIPEX\/Symbole\/web\/normal\/Waage_s.gif\" alt=\"Peso l\u00edquido\" \/><\/td>\n<th style=\"margin: 0px;padding: 0px;border: 1px solid #e0e0e0;font-family: inherit;font-size: inherit;font-style: inherit;font-variant: inherit;font-weight: inherit;line-height: inherit;vertical-align: baseline;width: 200px\">Peso l\u00edquido<\/th>\n<td style=\"margin: 0px;padding: 0px;border: 1px solid #e0e0e0;font-family: Arial, Verdana, Helvetica, sans-serif;font-size: 12px;line-height: normal;vertical-align: baseline\">565 g<\/td>\n<\/tr>\n<\/tbody>\n<\/table>\n<p><span style=\"color: #362b36;font-family: Arial, Helvetica, sans-serif;font-size: 13px;line-height: 19px;background-color: #fefefe\">Auto-fixante em tubos e porcas: sem escorregar na ferramenta; toda a for\u00e7a pode ser utilizada para rodar as pe\u00e7as de trabalho; n\u00e3o \u00e9 necess\u00e1rio comprimir os cabos, o que requer menos esfor\u00e7o.<\/span><\/p>\n","protected":false},"excerpt":{"rendered":"<p>Maior pot\u00eancia e conforto em compara\u00e7\u00e3o com chaves inglesas convencionais do mesmo comprimento: Ajuste de engate de 9 n\u00edveis para uma capacidade de preens\u00e3o 30% maior<span class=\"excerpt-hellip\"> [\u2026]<\/span><\/p>\n","protected":false},"featured_media":2669,"template":"","meta":[],"product_brand":[],"product_cat":[44,34,104,110],"product_tag":[54,46],"class_list":{"0":"post-2668","1":"product","2":"type-product","3":"status-publish","4":"has-post-thumbnail","6":"product_cat-alicates","7":"product_cat-chaves","8":"product_cat-eletrica","9":"product_cat-promocao","10":"product_tag-chaveinglesa","11":"product_tag-supriex","13":"first","14":"instock","15":"shipping-taxable","16":"purchasable","17":"product-type-simple"},"_links":{"self":[{"href":"https:\/\/supriex.com.br\/loja\/wp-json\/wp\/v2\/product\/2668","targetHints":{"allow":["GET"]}}],"collection":[{"href":"https:\/\/supriex.com.br\/loja\/wp-json\/wp\/v2\/product"}],"about":[{"href":"https:\/\/supriex.com.br\/loja\/wp-json\/wp\/v2\/types\/product"}],"wp:featuredmedia":[{"embeddable":true,"href":"https:\/\/supriex.com.br\/loja\/wp-json\/wp\/v2\/media\/2669"}],"wp:attachment":[{"href":"https:\/\/supriex.com.br\/loja\/wp-json\/wp\/v2\/media?parent=2668"}],"wp:term":[{"taxonomy":"product_brand","embeddable":true,"href":"https:\/\/supriex.com.br\/loja\/wp-json\/wp\/v2\/product_brand?post=2668"},{"taxonomy":"product_cat","embeddable":true,"href":"https:\/\/supriex.com.br\/loja\/wp-json\/wp\/v2\/product_cat?post=2668"},{"taxonomy":"product_tag","embeddable":true,"href":"https:\/\/supriex.com.br\/loja\/wp-json\/wp\/v2\/product_tag?post=2668"}],"curies":[{"name":"wp","href":"https:\/\/api.w.org\/{rel}","templated":true}]}}