{"id":2580,"date":"2018-08-05T20:47:56","date_gmt":"2018-08-05T23:47:56","guid":{"rendered":"https:\/\/supriex.com.br\/loja\/?post_type=product&#038;p=2580"},"modified":"2023-07-26T14:14:45","modified_gmt":"2023-07-26T17:14:45","slug":"chave-inglesa-com-cabo-emborrachado","status":"publish","type":"product","link":"https:\/\/supriex.com.br\/loja\/produto\/chave-inglesa-com-cabo-emborrachado\/","title":{"rendered":"Chave inglesa com cabo emborrachado"},"content":{"rendered":"<div id=\"_mcePaste\" style=\"width: 1px;height: 1px;overflow: hidden\">Para a fixa\u00e7\u00e3o de a\u00e7o para concreto armado com arame de atar em rolo.<\/div>\n<div id=\"_mcePaste\" style=\"width: 1px;height: 1px;overflow: hidden\">Entrela\u00e7amento e corte do arame numa \u00fanica etapa de trabalho.<\/div>\n<div id=\"_mcePaste\" style=\"width: 1px;height: 1px;overflow: hidden\">Articula\u00e7\u00e3o de alta multiplica\u00e7\u00e3o, permitindo um trabalho com menor esfor\u00e7o, mesmo que sejam utilizados arames de atar mais espessos.<\/div>\n<div id=\"_mcePaste\" style=\"width: 1px;height: 1px;overflow: hidden\">Forma especialmente estreita para ligar ferros com pouco espa\u00e7o de movimenta\u00e7\u00e3o.<\/div>\n<div id=\"_mcePaste\" style=\"width: 1px;height: 1px;overflow: hidden\">Al\u00edvio de tend\u00f5es e m\u00fasculos gra\u00e7as ao acentuado amortecimento do impacto ap\u00f3s o corte do arame de atar.<\/div>\n<div id=\"_mcePaste\" style=\"width: 1px;height: 1px;overflow: hidden\">Dureza das m\u00e2minas de aproximadamente 61 HRC.<\/div>\n<div id=\"_mcePaste\" style=\"width: 1px;height: 1px;overflow: hidden\">A\u00e7o especial para ferramentas, qualidade extraordin\u00e1ria, forjado e temperado em \u00f3leo.<\/div>\n<div id=\"_mcePaste\" style=\"width: 1px;height: 1px;overflow: hidden\">CARACTERISTICAS T\u00c9CNICAS<\/div>\n<div id=\"_mcePaste\" style=\"width: 1px;height: 1px;overflow: hidden\">Alicate niquelado, revestimento contra oxida\u00e7\u00e3o.<\/div>\n<div id=\"_mcePaste\" style=\"width: 1px;height: 1px;overflow: hidden\">Cabe\u00e7a polida.<\/div>\n<div id=\"_mcePaste\" style=\"width: 1px;height: 1px;overflow: hidden\">Para Arames semi-duros__________3,8 \u00d8 mm<\/div>\n<div id=\"_mcePaste\" style=\"width: 1px;height: 1px;overflow: hidden\">Para Arames duros ______________2,0 \u00d8 mm<\/div>\n<div id=\"_mcePaste\" style=\"width: 1px;height: 1px;overflow: hidden\">Comprimento___________________300 mm<\/div>\n<div id=\"_mcePaste\" style=\"width: 1px;height: 1px;overflow: hidden\">Peso __________________________499 g<!-- [if !supportLists]--><span style=\"font-size: 10.0pt;font-family: Wingdings;color: #362b36\">\u00a7<span style=\"font-size: 7pt;line-height: normal;font-family: 'Times New Roman'\">\u00a0 <\/span><\/span><!--[endif]-->Mordentes de aperto paralelos lisos<\/div>\n<p class=\"MsoNormal\" style=\"margin: 0cm 0cm 0.0001pt 18.75pt;text-indent: -18pt;line-height: 14.25pt;vertical-align: baseline;background: #fefefe\"><!-- [if !supportLists]--><span style=\"font-size: 10.0pt;font-family: Wingdings;color: #362b36\">\u00a7<span style=\"font-size: 7pt;line-height: normal;font-family: 'Times New Roman'\">\u00a0 <\/span><\/span><!--[endif]-->Abertura de chave de regula\u00e7\u00e3o cont\u00ednua<\/p>\n<p class=\"MsoNormal\" style=\"margin: 0cm 0cm 0.0001pt 18.75pt;text-indent: -18pt;line-height: 14.25pt;vertical-align: baseline;background: #fefefe\"><!-- [if !supportLists]--><span style=\"font-size: 10.0pt;font-family: Wingdings;color: #362b36\">\u00a7<span style=\"font-size: 7pt;line-height: normal;font-family: 'Times New Roman'\">\u00a0 <\/span><\/span><!--[endif]-->Com escala para a regula\u00e7\u00e3o da abertura da chave afastada da pe\u00e7a de trabalho<\/p>\n<p class=\"MsoNormal\" style=\"margin: 0cm 0cm 0.0001pt 18.75pt;text-indent: -18pt;line-height: 14.25pt;vertical-align: baseline;background: #fefefe\"><!-- [if !supportLists]--><span style=\"font-size: 10.0pt;font-family: Wingdings;color: #362b36\">\u00a7<span style=\"font-size: 7pt;line-height: normal;font-family: 'Times New Roman'\">\u00a0 <\/span><\/span><!--[endif]-->A\u00e7o cromo-van\u00e1dio<\/p>\n<p>&nbsp;<\/p>\n<p><strong><img loading=\"lazy\" decoding=\"async\" class=\"__mce_add_custom__\" title=\"caracteristicas.jpg\" src=\"http:\/\/supriex.com.br\/product_images\/uploaded_images\/caracteristicas.jpg\" alt=\"caracteristicas.jpg\" width=\"966\" height=\"36\" \/><\/strong><\/p>\n<p>(1.000V)<\/p>\n<table style=\"width: 350px;height: 150px\" border=\"0\" cellspacing=\"4\" cellpadding=\"4\">\n<tbody>\n<tr>\n<td bgcolor=\"#CCCCCC\">Ferramenta<\/td>\n<td align=\"center\" bgcolor=\"#CCCCCC\">Cromada<\/td>\n<\/tr>\n<tr>\n<td bgcolor=\"#CCCCCC\">Cabo<\/td>\n<td align=\"center\" bgcolor=\"#CCCCCC\">Isolamento de imers\u00e3o<\/td>\n<\/tr>\n<tr>\n<td bgcolor=\"#CCCCCC\">Largura da garra<\/td>\n<td align=\"center\" bgcolor=\"#CCCCCC\">8 mm<\/td>\n<\/tr>\n<tr>\n<td bgcolor=\"#CCCCCC\">Largura da cabe\u00e7a<\/td>\n<td align=\"center\" bgcolor=\"#CCCCCC\">16 mm<\/td>\n<\/tr>\n<tr>\n<td>Largura<\/td>\n<td style=\"text-align: center\">73 mm<\/td>\n<\/tr>\n<tr>\n<td>Profundidade<\/td>\n<td style=\"text-align: center\">20 mm<\/td>\n<\/tr>\n<tr>\n<td>Capacidade para porcas abertura de chave<\/td>\n<td style=\"text-align: center\">30 mm<\/td>\n<\/tr>\n<tr>\n<td>Capacidade para porcas abertura de chave<\/td>\n<td style=\"text-align: center\">1 1\/8 &#8220;<\/td>\n<\/tr>\n<tr>\n<td>Peso l\u00edquido<\/td>\n<td style=\"text-align: center\">580 g<\/td>\n<\/tr>\n<tr>\n<td>Comprimento<\/td>\n<td style=\"text-align: center\">260 mm<\/td>\n<\/tr>\n<\/tbody>\n<\/table>\n","protected":false},"excerpt":{"rendered":"<p>Para a fixa\u00e7\u00e3o de a\u00e7o para concreto armado com arame de atar em rolo. Entrela\u00e7amento e corte do arame numa \u00fanica etapa de trabalho. Articula\u00e7\u00e3o de<span class=\"excerpt-hellip\"> [\u2026]<\/span><\/p>\n","protected":false},"featured_media":3759,"template":"","meta":[],"product_brand":[],"product_cat":[34,104,110],"product_tag":[47,48,46],"class_list":{"0":"post-2580","1":"product","2":"type-product","3":"status-publish","4":"has-post-thumbnail","6":"product_cat-chaves","7":"product_cat-eletrica","8":"product_cat-promocao","9":"product_tag-chave-inglesa","10":"product_tag-ferramentas","11":"product_tag-supriex","13":"first","14":"outofstock","15":"sale","16":"shipping-taxable","17":"purchasable","18":"product-type-simple"},"_links":{"self":[{"href":"https:\/\/supriex.com.br\/loja\/wp-json\/wp\/v2\/product\/2580","targetHints":{"allow":["GET"]}}],"collection":[{"href":"https:\/\/supriex.com.br\/loja\/wp-json\/wp\/v2\/product"}],"about":[{"href":"https:\/\/supriex.com.br\/loja\/wp-json\/wp\/v2\/types\/product"}],"wp:featuredmedia":[{"embeddable":true,"href":"https:\/\/supriex.com.br\/loja\/wp-json\/wp\/v2\/media\/3759"}],"wp:attachment":[{"href":"https:\/\/supriex.com.br\/loja\/wp-json\/wp\/v2\/media?parent=2580"}],"wp:term":[{"taxonomy":"product_brand","embeddable":true,"href":"https:\/\/supriex.com.br\/loja\/wp-json\/wp\/v2\/product_brand?post=2580"},{"taxonomy":"product_cat","embeddable":true,"href":"https:\/\/supriex.com.br\/loja\/wp-json\/wp\/v2\/product_cat?post=2580"},{"taxonomy":"product_tag","embeddable":true,"href":"https:\/\/supriex.com.br\/loja\/wp-json\/wp\/v2\/product_tag?post=2580"}],"curies":[{"name":"wp","href":"https:\/\/api.w.org\/{rel}","templated":true}]}}