{"id":3292,"date":"2020-05-14T15:02:18","date_gmt":"2020-05-14T18:02:18","guid":{"rendered":"https:\/\/supriex.com.br\/loja\/?page_id=3292"},"modified":"2020-05-15T08:37:33","modified_gmt":"2020-05-15T11:37:33","slug":"picpay","status":"publish","type":"page","link":"https:\/\/supriex.com.br\/loja\/picpay\/","title":{"rendered":"Picpay"},"content":{"rendered":"<p>Para comprar basta seguir os passos de 1 a 3, mostrado abaixo:<\/p>\n<p><strong>Passo 1<\/strong><\/p>\n<p>Escolha a ferramenta que deseja e clique sobre ela, a tela mudara e aparecera a ferramenta. Escolha a quantidade que desejar e clique em\u00a0<a href=\"https:\/\/supriex.com.br\/loja\/wp-content\/uploads\/2018\/10\/comprar.jpg\"><img loading=\"lazy\" decoding=\"async\" class=\"alignnone wp-image-2918\" src=\"https:\/\/supriex.com.br\/loja\/wp-content\/uploads\/2018\/10\/comprar.jpg\" alt=\"\" width=\"74\" height=\"34\" srcset=\"https:\/\/supriex.com.br\/loja\/wp-content\/uploads\/2018\/10\/comprar.jpg 97w, https:\/\/supriex.com.br\/loja\/wp-content\/uploads\/2018\/10\/comprar-50x23.jpg 50w\" sizes=\"auto, (max-width: 74px) 100vw, 74px\" \/><\/a>. Ser\u00e1 adicionado ao carrinho e voc\u00ea poder\u00e1 escolher mais produtos, se quiser, e repetir o passo para adicion\u00e1-la ao carrinho. Se j\u00e1 escolheu tudo o que precisava clique em\u00a0<a href=\"https:\/\/supriex.com.br\/loja\/wp-content\/uploads\/2018\/10\/finalizarcompra.jpg\"><img loading=\"lazy\" decoding=\"async\" class=\"alignnone wp-image-2920\" src=\"https:\/\/supriex.com.br\/loja\/wp-content\/uploads\/2018\/10\/finalizarcompra.jpg\" alt=\"\" width=\"171\" height=\"39\" srcset=\"https:\/\/supriex.com.br\/loja\/wp-content\/uploads\/2018\/10\/finalizarcompra.jpg 229w, https:\/\/supriex.com.br\/loja\/wp-content\/uploads\/2018\/10\/finalizarcompra-50x11.jpg 50w, https:\/\/supriex.com.br\/loja\/wp-content\/uploads\/2018\/10\/finalizarcompra-150x34.jpg 150w\" sizes=\"auto, (max-width: 171px) 100vw, 171px\" \/><\/a>.<\/p>\n<p><strong>Passo 2<\/strong><\/p>\n<p>Preencha o cadastro, caso ainda n\u00e3o possua, e se for enviar para um endere\u00e7o diferente do cadastro, marque a op\u00e7\u00e3o \u201cEntregar para um endere\u00e7o diferente?\u201d e preencha o que se pede. Mais abaixo voc\u00ea ter\u00e1 as op\u00e7\u00f5es de pagar pelo <a href=\"https:\/\/supriex.com.br\/loja\/wp-content\/uploads\/2018\/10\/pagseguro.jpg\"><img loading=\"lazy\" decoding=\"async\" class=\"alignnone wp-image-2922\" src=\"https:\/\/supriex.com.br\/loja\/wp-content\/uploads\/2018\/10\/pagseguro.jpg\" alt=\"\" width=\"113\" height=\"31\" srcset=\"https:\/\/supriex.com.br\/loja\/wp-content\/uploads\/2018\/10\/pagseguro.jpg 276w, https:\/\/supriex.com.br\/loja\/wp-content\/uploads\/2018\/10\/pagseguro-260x71.jpg 260w, https:\/\/supriex.com.br\/loja\/wp-content\/uploads\/2018\/10\/pagseguro-50x14.jpg 50w, https:\/\/supriex.com.br\/loja\/wp-content\/uploads\/2018\/10\/pagseguro-150x41.jpg 150w\" sizes=\"auto, (max-width: 113px) 100vw, 113px\" \/><\/a>, <a href=\"https:\/\/supriex.com.br\/loja\/wp-content\/uploads\/2020\/05\/picpay3.png\"><img loading=\"lazy\" decoding=\"async\" class=\"alignnone wp-image-3304\" src=\"https:\/\/supriex.com.br\/loja\/wp-content\/uploads\/2020\/05\/picpay3-300x97.png\" alt=\"\" width=\"79\" height=\"25\" srcset=\"https:\/\/supriex.com.br\/loja\/wp-content\/uploads\/2020\/05\/picpay3-300x97.png 300w, https:\/\/supriex.com.br\/loja\/wp-content\/uploads\/2020\/05\/picpay3-768x248.png 768w, https:\/\/supriex.com.br\/loja\/wp-content\/uploads\/2020\/05\/picpay3-1024x330.png 1024w, https:\/\/supriex.com.br\/loja\/wp-content\/uploads\/2020\/05\/picpay3-260x84.png 260w, https:\/\/supriex.com.br\/loja\/wp-content\/uploads\/2020\/05\/picpay3-50x16.png 50w, https:\/\/supriex.com.br\/loja\/wp-content\/uploads\/2020\/05\/picpay3-150x48.png 150w, https:\/\/supriex.com.br\/loja\/wp-content\/uploads\/2020\/05\/picpay3-400x129.png 400w\" sizes=\"auto, (max-width: 79px) 100vw, 79px\" \/><\/a> e\u00a0\u00a0<a href=\"https:\/\/supriex.com.br\/loja\/wp-content\/uploads\/2020\/05\/paypal-1.png\"><img loading=\"lazy\" decoding=\"async\" class=\"alignnone wp-image-3302\" src=\"https:\/\/supriex.com.br\/loja\/wp-content\/uploads\/2020\/05\/paypal-1-300x79.png\" alt=\"\" width=\"87\" height=\"23\" srcset=\"https:\/\/supriex.com.br\/loja\/wp-content\/uploads\/2020\/05\/paypal-1-300x79.png 300w, https:\/\/supriex.com.br\/loja\/wp-content\/uploads\/2020\/05\/paypal-1-260x68.png 260w, https:\/\/supriex.com.br\/loja\/wp-content\/uploads\/2020\/05\/paypal-1-50x13.png 50w, https:\/\/supriex.com.br\/loja\/wp-content\/uploads\/2020\/05\/paypal-1-150x39.png 150w, https:\/\/supriex.com.br\/loja\/wp-content\/uploads\/2020\/05\/paypal-1-400x105.png 400w, https:\/\/supriex.com.br\/loja\/wp-content\/uploads\/2020\/05\/paypal-1.png 704w\" sizes=\"auto, (max-width: 87px) 100vw, 87px\" \/><\/a>. Escolha o <a href=\"https:\/\/supriex.com.br\/loja\/wp-content\/uploads\/2020\/05\/picpay3.png\"><img loading=\"lazy\" decoding=\"async\" class=\"alignnone wp-image-3304\" src=\"https:\/\/supriex.com.br\/loja\/wp-content\/uploads\/2020\/05\/picpay3-300x97.png\" alt=\"\" width=\"79\" height=\"25\" srcset=\"https:\/\/supriex.com.br\/loja\/wp-content\/uploads\/2020\/05\/picpay3-300x97.png 300w, https:\/\/supriex.com.br\/loja\/wp-content\/uploads\/2020\/05\/picpay3-768x248.png 768w, https:\/\/supriex.com.br\/loja\/wp-content\/uploads\/2020\/05\/picpay3-1024x330.png 1024w, https:\/\/supriex.com.br\/loja\/wp-content\/uploads\/2020\/05\/picpay3-260x84.png 260w, https:\/\/supriex.com.br\/loja\/wp-content\/uploads\/2020\/05\/picpay3-50x16.png 50w, https:\/\/supriex.com.br\/loja\/wp-content\/uploads\/2020\/05\/picpay3-150x48.png 150w, https:\/\/supriex.com.br\/loja\/wp-content\/uploads\/2020\/05\/picpay3-400x129.png 400w\" sizes=\"auto, (max-width: 79px) 100vw, 79px\" \/><\/a> \u00a0e clique em\u00a0<a href=\"https:\/\/supriex.com.br\/loja\/wp-content\/uploads\/2020\/05\/prossiga-para-o-pagamento-picpay.png\"><img loading=\"lazy\" decoding=\"async\" class=\"alignnone wp-image-3296\" src=\"https:\/\/supriex.com.br\/loja\/wp-content\/uploads\/2020\/05\/prossiga-para-o-pagamento-picpay.png\" alt=\"\" width=\"175\" height=\"38\" srcset=\"https:\/\/supriex.com.br\/loja\/wp-content\/uploads\/2020\/05\/prossiga-para-o-pagamento-picpay.png 193w, https:\/\/supriex.com.br\/loja\/wp-content\/uploads\/2020\/05\/prossiga-para-o-pagamento-picpay-50x11.png 50w, https:\/\/supriex.com.br\/loja\/wp-content\/uploads\/2020\/05\/prossiga-para-o-pagamento-picpay-150x33.png 150w\" sizes=\"auto, (max-width: 175px) 100vw, 175px\" \/><\/a> e voc\u00ea ser\u00e1 redirecionado a plataforma de pagamento.<\/p>\n<p><strong>Passo 3<\/strong><\/p>\n<p>Siga o que se pede na plataforma de pagamento para prosseguir com o pagamento.<\/p>\n<p>No <a href=\"https:\/\/supriex.com.br\/loja\/wp-content\/uploads\/2020\/05\/picpay3.png\"><img loading=\"lazy\" decoding=\"async\" class=\"alignnone wp-image-3304\" src=\"https:\/\/supriex.com.br\/loja\/wp-content\/uploads\/2020\/05\/picpay3-300x97.png\" alt=\"\" width=\"79\" height=\"25\" srcset=\"https:\/\/supriex.com.br\/loja\/wp-content\/uploads\/2020\/05\/picpay3-300x97.png 300w, https:\/\/supriex.com.br\/loja\/wp-content\/uploads\/2020\/05\/picpay3-768x248.png 768w, https:\/\/supriex.com.br\/loja\/wp-content\/uploads\/2020\/05\/picpay3-1024x330.png 1024w, https:\/\/supriex.com.br\/loja\/wp-content\/uploads\/2020\/05\/picpay3-260x84.png 260w, https:\/\/supriex.com.br\/loja\/wp-content\/uploads\/2020\/05\/picpay3-50x16.png 50w, https:\/\/supriex.com.br\/loja\/wp-content\/uploads\/2020\/05\/picpay3-150x48.png 150w, https:\/\/supriex.com.br\/loja\/wp-content\/uploads\/2020\/05\/picpay3-400x129.png 400w\" sizes=\"auto, (max-width: 79px) 100vw, 79px\" \/><\/a>\u00a0voc\u00ea poder\u00e1 pagar tanto com seu saldo no\u00a0ou cart\u00e3o de credito. Em seguida ser\u00e1 gerado um QR CODE leia-o com a c\u00e2mera do seu celular com app do PicPay aberto e pronto, efetue o pagamento.<\/p>\n<p>Exemplo:<\/p>\n<p><a href=\"https:\/\/supriex.com.br\/loja\/wp-content\/uploads\/2020\/05\/prossiga-para-o-pagamento-picpay-QRCODE.png\"><img loading=\"lazy\" decoding=\"async\" class=\"alignnone size-medium wp-image-3299\" src=\"https:\/\/supriex.com.br\/loja\/wp-content\/uploads\/2020\/05\/prossiga-para-o-pagamento-picpay-QRCODE-197x300.png\" alt=\"\" width=\"197\" height=\"300\" srcset=\"https:\/\/supriex.com.br\/loja\/wp-content\/uploads\/2020\/05\/prossiga-para-o-pagamento-picpay-QRCODE-197x300.png 197w, https:\/\/supriex.com.br\/loja\/wp-content\/uploads\/2020\/05\/prossiga-para-o-pagamento-picpay-QRCODE-96x146.png 96w, https:\/\/supriex.com.br\/loja\/wp-content\/uploads\/2020\/05\/prossiga-para-o-pagamento-picpay-QRCODE-33x50.png 33w, https:\/\/supriex.com.br\/loja\/wp-content\/uploads\/2020\/05\/prossiga-para-o-pagamento-picpay-QRCODE-49x75.png 49w, https:\/\/supriex.com.br\/loja\/wp-content\/uploads\/2020\/05\/prossiga-para-o-pagamento-picpay-QRCODE-300x457.png 300w, https:\/\/supriex.com.br\/loja\/wp-content\/uploads\/2020\/05\/prossiga-para-o-pagamento-picpay-QRCODE.png 364w\" sizes=\"auto, (max-width: 197px) 100vw, 197px\" \/><\/a><\/p>\n<p>Nas Notifica\u00e7\u00f5es do seu\u00a0<a href=\"https:\/\/supriex.com.br\/loja\/wp-content\/uploads\/2020\/05\/picpay3.png\"><img loading=\"lazy\" decoding=\"async\" class=\"alignnone wp-image-3304\" src=\"https:\/\/supriex.com.br\/loja\/wp-content\/uploads\/2020\/05\/picpay3-300x97.png\" alt=\"\" width=\"79\" height=\"25\" srcset=\"https:\/\/supriex.com.br\/loja\/wp-content\/uploads\/2020\/05\/picpay3-300x97.png 300w, https:\/\/supriex.com.br\/loja\/wp-content\/uploads\/2020\/05\/picpay3-768x248.png 768w, https:\/\/supriex.com.br\/loja\/wp-content\/uploads\/2020\/05\/picpay3-1024x330.png 1024w, https:\/\/supriex.com.br\/loja\/wp-content\/uploads\/2020\/05\/picpay3-260x84.png 260w, https:\/\/supriex.com.br\/loja\/wp-content\/uploads\/2020\/05\/picpay3-50x16.png 50w, https:\/\/supriex.com.br\/loja\/wp-content\/uploads\/2020\/05\/picpay3-150x48.png 150w, https:\/\/supriex.com.br\/loja\/wp-content\/uploads\/2020\/05\/picpay3-400x129.png 400w\" sizes=\"auto, (max-width: 79px) 100vw, 79px\" \/><\/a>\u00a0tamb\u00e9m chegar\u00e1 a informa\u00e7\u00e3o para voc\u00ea finalizar sua compra.<\/p>\n<p>&nbsp;<\/p>\n<p>Voc\u00ea tamb\u00e9m receber\u00e1 e-mails da SUPRIEX, compras@supriex.com.br, com atualiza\u00e7\u00f5es sobre sua compra.<\/p>\n<p><strong>Se preferir entre em contato conosco pelo telefone 27 3343 8020, em CONTATO no site\u00a0ou pelo whatsapp 27 99 228 2829.<\/strong><\/p>\n<p><strong>Atendemos de segunda a sexta-feira de 08:00h as 12:00h e das 13:00h as 18:00h.<\/strong><\/p>\n<p>&nbsp;<\/p>\n","protected":false},"excerpt":{"rendered":"<p>Para comprar basta seguir os passos de 1 a 3, mostrado abaixo: Passo 1 Escolha a ferramenta que deseja e clique sobre ela, a tela mudara<span class=\"excerpt-hellip\"> [\u2026]<\/span><\/p>\n","protected":false},"author":1,"featured_media":0,"parent":0,"menu_order":0,"comment_status":"closed","ping_status":"closed","template":"","meta":{"footnotes":""},"class_list":["post-3292","page","type-page","status-publish","hentry"],"_links":{"self":[{"href":"https:\/\/supriex.com.br\/loja\/wp-json\/wp\/v2\/pages\/3292","targetHints":{"allow":["GET"]}}],"collection":[{"href":"https:\/\/supriex.com.br\/loja\/wp-json\/wp\/v2\/pages"}],"about":[{"href":"https:\/\/supriex.com.br\/loja\/wp-json\/wp\/v2\/types\/page"}],"author":[{"embeddable":true,"href":"https:\/\/supriex.com.br\/loja\/wp-json\/wp\/v2\/users\/1"}],"replies":[{"embeddable":true,"href":"https:\/\/supriex.com.br\/loja\/wp-json\/wp\/v2\/comments?post=3292"}],"version-history":[{"count":5,"href":"https:\/\/supriex.com.br\/loja\/wp-json\/wp\/v2\/pages\/3292\/revisions"}],"predecessor-version":[{"id":3317,"href":"https:\/\/supriex.com.br\/loja\/wp-json\/wp\/v2\/pages\/3292\/revisions\/3317"}],"wp:attachment":[{"href":"https:\/\/supriex.com.br\/loja\/wp-json\/wp\/v2\/media?parent=3292"}],"curies":[{"name":"wp","href":"https:\/\/api.w.org\/{rel}","templated":true}]}}