{"id":3290,"date":"2020-05-14T15:02:01","date_gmt":"2020-05-14T18:02:01","guid":{"rendered":"https:\/\/supriex.com.br\/loja\/?page_id=3290"},"modified":"2021-03-13T19:02:19","modified_gmt":"2021-03-13T22:02:19","slug":"paypal","status":"publish","type":"page","link":"https:\/\/supriex.com.br\/loja\/paypal\/","title":{"rendered":"Paypal"},"content":{"rendered":"<p>Para comprar basta seguir os passos de 1 a 3, mostrado abaixo:<\/p>\n<p><strong>Passo 1<\/strong><\/p>\n<p>Escolha a ferramenta que deseja e clique sobre ela, a tela mudar\u00e1 e aparecer\u00e1 a ferramenta. Escolha a quantidade que desejar e clique em <img decoding=\"async\" src=\"https:\/\/supriex.com.br\/loja\/wp-content\/uploads\/2021\/03\/comprar.jpg\" \/>. Ser\u00e1 adicionado ao carrinho e voc\u00ea poder\u00e1 escolher mais produtos, se quiser, e repetir o passo para adicion\u00e1-la ao carrinho. Se j\u00e1 escolheu tudo o que precisava clique em <img decoding=\"async\" src=\"https:\/\/supriex.com.br\/loja\/wp-content\/uploads\/2021\/03\/paypal-comprar-agora.jpg\" \/>.<\/p>\n<p><strong>Passo 2<\/strong><\/p>\n<p>Entre com seu e-mail ou numero de celular e clique em <strong><a href=\"https:\/\/supriex.com.br\/loja\/wp-content\/uploads\/2021\/03\/avancar.jpg\"><img loading=\"lazy\" decoding=\"async\" class=\"alignnone size-full wp-image-3685\" src=\"https:\/\/supriex.com.br\/loja\/wp-content\/uploads\/2021\/03\/avancar.jpg\" alt=\"\" width=\"112\" height=\"43\" srcset=\"https:\/\/supriex.com.br\/loja\/wp-content\/uploads\/2021\/03\/avancar.jpg 112w, https:\/\/supriex.com.br\/loja\/wp-content\/uploads\/2021\/03\/avancar-50x19.jpg 50w\" sizes=\"auto, (max-width: 112px) 100vw, 112px\" \/><\/a><\/strong>, caso ainda n\u00e3o possua conta, clique em <a href=\"https:\/\/supriex.com.br\/loja\/wp-content\/uploads\/2021\/03\/criar-uma-conta.jpg\"><img loading=\"lazy\" decoding=\"async\" class=\"alignnone size-full wp-image-3688\" src=\"https:\/\/supriex.com.br\/loja\/wp-content\/uploads\/2021\/03\/criar-uma-conta.jpg\" alt=\"\" width=\"132\" height=\"38\" srcset=\"https:\/\/supriex.com.br\/loja\/wp-content\/uploads\/2021\/03\/criar-uma-conta.jpg 132w, https:\/\/supriex.com.br\/loja\/wp-content\/uploads\/2021\/03\/criar-uma-conta-50x14.jpg 50w\" sizes=\"auto, (max-width: 132px) 100vw, 132px\" \/><\/a>.<\/p>\n<p><strong>OBS 1.:<\/strong> Para criar uma conta clique em <a href=\"https:\/\/supriex.com.br\/loja\/wp-content\/uploads\/2021\/03\/criar-uma-conta.jpg\"><img loading=\"lazy\" decoding=\"async\" class=\"alignnone size-full wp-image-3688\" src=\"https:\/\/supriex.com.br\/loja\/wp-content\/uploads\/2021\/03\/criar-uma-conta.jpg\" alt=\"\" width=\"132\" height=\"38\" srcset=\"https:\/\/supriex.com.br\/loja\/wp-content\/uploads\/2021\/03\/criar-uma-conta.jpg 132w, https:\/\/supriex.com.br\/loja\/wp-content\/uploads\/2021\/03\/criar-uma-conta-50x14.jpg 50w\" sizes=\"auto, (max-width: 132px) 100vw, 132px\" \/><\/a>, escolha entre Debito ou Credito\u00a0como forma de pagamento, preencha com os dados do cart\u00e3o e clique em <a href=\"https:\/\/supriex.com.br\/loja\/wp-content\/uploads\/2021\/03\/selecione-plano-de-pag.jpg\"><img loading=\"lazy\" decoding=\"async\" class=\"alignnone size-medium wp-image-3693\" src=\"https:\/\/supriex.com.br\/loja\/wp-content\/uploads\/2021\/03\/selecione-plano-de-pag-300x42.jpg\" alt=\"\" width=\"300\" height=\"42\" srcset=\"https:\/\/supriex.com.br\/loja\/wp-content\/uploads\/2021\/03\/selecione-plano-de-pag-300x42.jpg 300w, https:\/\/supriex.com.br\/loja\/wp-content\/uploads\/2021\/03\/selecione-plano-de-pag-260x36.jpg 260w, https:\/\/supriex.com.br\/loja\/wp-content\/uploads\/2021\/03\/selecione-plano-de-pag-50x7.jpg 50w, https:\/\/supriex.com.br\/loja\/wp-content\/uploads\/2021\/03\/selecione-plano-de-pag-150x21.jpg 150w, https:\/\/supriex.com.br\/loja\/wp-content\/uploads\/2021\/03\/selecione-plano-de-pag.jpg 359w\" sizes=\"auto, (max-width: 300px) 100vw, 300px\" \/><\/a> e escolha em quantas vezes quer dividir, depois preencha o que \u00e9 solicitado, marque as duas caixas e clique em <a href=\"https:\/\/supriex.com.br\/loja\/wp-content\/uploads\/2021\/03\/concordar-e-continuar.jpg\"><img loading=\"lazy\" decoding=\"async\" class=\"alignnone size-medium wp-image-3687\" src=\"https:\/\/supriex.com.br\/loja\/wp-content\/uploads\/2021\/03\/concordar-e-continuar-300x152.jpg\" alt=\"\" width=\"300\" height=\"152\" srcset=\"https:\/\/supriex.com.br\/loja\/wp-content\/uploads\/2021\/03\/concordar-e-continuar-300x152.jpg 300w, https:\/\/supriex.com.br\/loja\/wp-content\/uploads\/2021\/03\/concordar-e-continuar-260x132.jpg 260w, https:\/\/supriex.com.br\/loja\/wp-content\/uploads\/2021\/03\/concordar-e-continuar-50x25.jpg 50w, https:\/\/supriex.com.br\/loja\/wp-content\/uploads\/2021\/03\/concordar-e-continuar-148x75.jpg 148w, https:\/\/supriex.com.br\/loja\/wp-content\/uploads\/2021\/03\/concordar-e-continuar.jpg 371w\" sizes=\"auto, (max-width: 300px) 100vw, 300px\" \/><\/a>Concordar e Continuar.<\/p>\n<p><strong>OBS 2.<\/strong>: Se for solicitado digite os dados do cart\u00e3o novamente, preencha o que for pedido e prossiga para o pagamento. Voc\u00ea voltara ao site da SUPRIEX para que preencha o restante das informa\u00e7\u00f5es<a href=\"https:\/\/supriex.com.br\/loja\/wp-content\/uploads\/2021\/03\/nome-de-usuario-de-conta.jpg\"><img loading=\"lazy\" decoding=\"async\" class=\"alignnone  wp-image-3691\" src=\"https:\/\/supriex.com.br\/loja\/wp-content\/uploads\/2021\/03\/nome-de-usuario-de-conta-300x88.jpg\" alt=\"\" width=\"488\" height=\"143\" srcset=\"https:\/\/supriex.com.br\/loja\/wp-content\/uploads\/2021\/03\/nome-de-usuario-de-conta-300x88.jpg 300w, https:\/\/supriex.com.br\/loja\/wp-content\/uploads\/2021\/03\/nome-de-usuario-de-conta-260x76.jpg 260w, https:\/\/supriex.com.br\/loja\/wp-content\/uploads\/2021\/03\/nome-de-usuario-de-conta-50x15.jpg 50w, https:\/\/supriex.com.br\/loja\/wp-content\/uploads\/2021\/03\/nome-de-usuario-de-conta-150x44.jpg 150w, https:\/\/supriex.com.br\/loja\/wp-content\/uploads\/2021\/03\/nome-de-usuario-de-conta-400x118.jpg 400w, https:\/\/supriex.com.br\/loja\/wp-content\/uploads\/2021\/03\/nome-de-usuario-de-conta.jpg 456w\" sizes=\"auto, (max-width: 488px) 100vw, 488px\" \/><\/a><a href=\"https:\/\/supriex.com.br\/loja\/wp-content\/uploads\/2021\/03\/data-de-nasc-sexo-e-telefone.jpg\"><img loading=\"lazy\" decoding=\"async\" class=\"alignnone  wp-image-3689\" src=\"https:\/\/supriex.com.br\/loja\/wp-content\/uploads\/2021\/03\/data-de-nasc-sexo-e-telefone-300x85.jpg\" alt=\"\" width=\"575\" height=\"163\" srcset=\"https:\/\/supriex.com.br\/loja\/wp-content\/uploads\/2021\/03\/data-de-nasc-sexo-e-telefone-300x85.jpg 300w, https:\/\/supriex.com.br\/loja\/wp-content\/uploads\/2021\/03\/data-de-nasc-sexo-e-telefone-260x74.jpg 260w, https:\/\/supriex.com.br\/loja\/wp-content\/uploads\/2021\/03\/data-de-nasc-sexo-e-telefone-50x14.jpg 50w, https:\/\/supriex.com.br\/loja\/wp-content\/uploads\/2021\/03\/data-de-nasc-sexo-e-telefone-150x43.jpg 150w, https:\/\/supriex.com.br\/loja\/wp-content\/uploads\/2021\/03\/data-de-nasc-sexo-e-telefone-400x114.jpg 400w, https:\/\/supriex.com.br\/loja\/wp-content\/uploads\/2021\/03\/data-de-nasc-sexo-e-telefone.jpg 461w\" sizes=\"auto, (max-width: 575px) 100vw, 575px\" \/><\/a><\/p>\n<p>para se cadastrar na SUPRIEX tamb\u00e9m.<\/p>\n<p><strong>Passo 3<\/strong><\/p>\n<p>Escolha como seu pedido ser\u00e1 enviado, por PAC, SEDEX ou Retirar no Local.<\/p>\n<p>E clique em <a href=\"https:\/\/supriex.com.br\/loja\/wp-content\/uploads\/2021\/03\/finalizar-compra.jpg\"><img loading=\"lazy\" decoding=\"async\" class=\"alignnone size-full wp-image-3690\" src=\"https:\/\/supriex.com.br\/loja\/wp-content\/uploads\/2021\/03\/finalizar-compra.jpg\" alt=\"\" width=\"114\" height=\"33\" srcset=\"https:\/\/supriex.com.br\/loja\/wp-content\/uploads\/2021\/03\/finalizar-compra.jpg 114w, https:\/\/supriex.com.br\/loja\/wp-content\/uploads\/2021\/03\/finalizar-compra-50x14.jpg 50w\" sizes=\"auto, (max-width: 114px) 100vw, 114px\" \/><\/a>.<\/p>\n<p>Voc\u00ea tamb\u00e9m receber\u00e1 e-mails da SUPRIEX \u00a0com atualiza\u00e7\u00f5es sobre sua compra at\u00e9 a entrega.<\/p>\n<p><strong>Se preferir entre em contato conosco pelo telefone 27 3343 8020, no menu CONTATO\u00a0ou pelo whatsapp 27 99 228 2829.<\/strong><\/p>\n<p><strong>Atendemos de segunda a sexta-feira de 08:00h as 12:00h e das 13:00h as 18:00h.<\/strong><\/p>\n","protected":false},"excerpt":{"rendered":"<p>Para comprar basta seguir os passos de 1 a 3, mostrado abaixo: Passo 1 Escolha a ferramenta que deseja e clique sobre ela, a tela mudar\u00e1<span class=\"excerpt-hellip\"> [\u2026]<\/span><\/p>\n","protected":false},"author":1,"featured_media":0,"parent":0,"menu_order":0,"comment_status":"closed","ping_status":"closed","template":"","meta":{"footnotes":""},"class_list":["post-3290","page","type-page","status-publish","hentry"],"_links":{"self":[{"href":"https:\/\/supriex.com.br\/loja\/wp-json\/wp\/v2\/pages\/3290","targetHints":{"allow":["GET"]}}],"collection":[{"href":"https:\/\/supriex.com.br\/loja\/wp-json\/wp\/v2\/pages"}],"about":[{"href":"https:\/\/supriex.com.br\/loja\/wp-json\/wp\/v2\/types\/page"}],"author":[{"embeddable":true,"href":"https:\/\/supriex.com.br\/loja\/wp-json\/wp\/v2\/users\/1"}],"replies":[{"embeddable":true,"href":"https:\/\/supriex.com.br\/loja\/wp-json\/wp\/v2\/comments?post=3290"}],"version-history":[{"count":10,"href":"https:\/\/supriex.com.br\/loja\/wp-json\/wp\/v2\/pages\/3290\/revisions"}],"predecessor-version":[{"id":3695,"href":"https:\/\/supriex.com.br\/loja\/wp-json\/wp\/v2\/pages\/3290\/revisions\/3695"}],"wp:attachment":[{"href":"https:\/\/supriex.com.br\/loja\/wp-json\/wp\/v2\/media?parent=3290"}],"curies":[{"name":"wp","href":"https:\/\/api.w.org\/{rel}","templated":true}]}}