{"id":3288,"date":"2020-05-14T15:01:41","date_gmt":"2020-05-14T18:01:41","guid":{"rendered":"https:\/\/supriex.com.br\/loja\/?page_id=3288"},"modified":"2020-05-15T11:54:05","modified_gmt":"2020-05-15T14:54:05","slug":"pagseguro","status":"publish","type":"page","link":"https:\/\/supriex.com.br\/loja\/pagseguro\/","title":{"rendered":"Pagseguro"},"content":{"rendered":"<p>Para comprar basta seguir os passos de 1 a 3, mostrado abaixo:<\/p>\n<p><strong>Passo 1<\/strong><\/p>\n<p>Escolha a ferramenta que deseja e clique sobre ela, a tela mudara e aparecera a ferramenta. Escolha a quantidade que desejar e clique em\u00a0<a href=\"https:\/\/supriex.com.br\/loja\/wp-content\/uploads\/2018\/10\/comprar.jpg\"><img loading=\"lazy\" decoding=\"async\" class=\"alignnone wp-image-2918\" src=\"https:\/\/supriex.com.br\/loja\/wp-content\/uploads\/2018\/10\/comprar.jpg\" alt=\"\" width=\"75\" height=\"35\" srcset=\"https:\/\/supriex.com.br\/loja\/wp-content\/uploads\/2018\/10\/comprar.jpg 97w, https:\/\/supriex.com.br\/loja\/wp-content\/uploads\/2018\/10\/comprar-50x23.jpg 50w\" sizes=\"auto, (max-width: 75px) 100vw, 75px\" \/><\/a>. Ser\u00e1 adicionado ao carrinho e voc\u00ea poder\u00e1 escolher mais produtos, se quiser, e repetir o passo para adicion\u00e1-la ao carrinho. Se j\u00e1 escolheu tudo o que precisava clique em\u00a0<a href=\"https:\/\/supriex.com.br\/loja\/wp-content\/uploads\/2018\/10\/finalizarcompra.jpg\"><img loading=\"lazy\" decoding=\"async\" class=\"alignnone wp-image-2920\" src=\"https:\/\/supriex.com.br\/loja\/wp-content\/uploads\/2018\/10\/finalizarcompra.jpg\" alt=\"\" width=\"163\" height=\"38\" srcset=\"https:\/\/supriex.com.br\/loja\/wp-content\/uploads\/2018\/10\/finalizarcompra.jpg 229w, https:\/\/supriex.com.br\/loja\/wp-content\/uploads\/2018\/10\/finalizarcompra-50x11.jpg 50w, https:\/\/supriex.com.br\/loja\/wp-content\/uploads\/2018\/10\/finalizarcompra-150x34.jpg 150w\" sizes=\"auto, (max-width: 163px) 100vw, 163px\" \/><\/a>.<\/p>\n<p><strong>Passo 2<\/strong><\/p>\n<p>Preencha o cadastro, caso ainda n\u00e3o possua, e se for enviar para um endere\u00e7o diferente do cadastro, marque a op\u00e7\u00e3o \u201cEntregar para um endere\u00e7o diferente?\u201d e preencha o que se pede. Mais abaixo\u00a0 voc\u00ea ter\u00e1 as op\u00e7\u00f5es de pagar pelo <a href=\"https:\/\/supriex.com.br\/loja\/wp-content\/uploads\/2018\/10\/pagseguro.jpg\"><img loading=\"lazy\" decoding=\"async\" class=\"alignnone wp-image-2922\" src=\"https:\/\/supriex.com.br\/loja\/wp-content\/uploads\/2018\/10\/pagseguro.jpg\" alt=\"\" width=\"128\" height=\"35\" srcset=\"https:\/\/supriex.com.br\/loja\/wp-content\/uploads\/2018\/10\/pagseguro.jpg 276w, https:\/\/supriex.com.br\/loja\/wp-content\/uploads\/2018\/10\/pagseguro-260x71.jpg 260w, https:\/\/supriex.com.br\/loja\/wp-content\/uploads\/2018\/10\/pagseguro-50x14.jpg 50w, https:\/\/supriex.com.br\/loja\/wp-content\/uploads\/2018\/10\/pagseguro-150x41.jpg 150w\" sizes=\"auto, (max-width: 128px) 100vw, 128px\" \/><\/a>, <a href=\"https:\/\/supriex.com.br\/loja\/wp-content\/uploads\/2020\/05\/picpay3.png\"><img loading=\"lazy\" decoding=\"async\" class=\"alignnone wp-image-3304\" src=\"https:\/\/supriex.com.br\/loja\/wp-content\/uploads\/2020\/05\/picpay3-300x97.png\" alt=\"\" width=\"82\" height=\"26\" srcset=\"https:\/\/supriex.com.br\/loja\/wp-content\/uploads\/2020\/05\/picpay3-300x97.png 300w, https:\/\/supriex.com.br\/loja\/wp-content\/uploads\/2020\/05\/picpay3-768x248.png 768w, https:\/\/supriex.com.br\/loja\/wp-content\/uploads\/2020\/05\/picpay3-1024x330.png 1024w, https:\/\/supriex.com.br\/loja\/wp-content\/uploads\/2020\/05\/picpay3-260x84.png 260w, https:\/\/supriex.com.br\/loja\/wp-content\/uploads\/2020\/05\/picpay3-50x16.png 50w, https:\/\/supriex.com.br\/loja\/wp-content\/uploads\/2020\/05\/picpay3-150x48.png 150w, https:\/\/supriex.com.br\/loja\/wp-content\/uploads\/2020\/05\/picpay3-400x129.png 400w\" sizes=\"auto, (max-width: 82px) 100vw, 82px\" \/><\/a> e\u00a0<a href=\"https:\/\/supriex.com.br\/loja\/wp-content\/uploads\/2020\/05\/paypal-1.png\"><img loading=\"lazy\" decoding=\"async\" class=\"alignnone wp-image-3302\" src=\"https:\/\/supriex.com.br\/loja\/wp-content\/uploads\/2020\/05\/paypal-1-300x79.png\" alt=\"\" width=\"87\" height=\"23\" srcset=\"https:\/\/supriex.com.br\/loja\/wp-content\/uploads\/2020\/05\/paypal-1-300x79.png 300w, https:\/\/supriex.com.br\/loja\/wp-content\/uploads\/2020\/05\/paypal-1-260x68.png 260w, https:\/\/supriex.com.br\/loja\/wp-content\/uploads\/2020\/05\/paypal-1-50x13.png 50w, https:\/\/supriex.com.br\/loja\/wp-content\/uploads\/2020\/05\/paypal-1-150x39.png 150w, https:\/\/supriex.com.br\/loja\/wp-content\/uploads\/2020\/05\/paypal-1-400x105.png 400w, https:\/\/supriex.com.br\/loja\/wp-content\/uploads\/2020\/05\/paypal-1.png 704w\" sizes=\"auto, (max-width: 87px) 100vw, 87px\" \/><\/a>. Escolha o\u00a0<a href=\"https:\/\/supriex.com.br\/loja\/wp-content\/uploads\/2018\/10\/pagseguro.jpg\"><img loading=\"lazy\" decoding=\"async\" class=\"alignnone wp-image-2922\" src=\"https:\/\/supriex.com.br\/loja\/wp-content\/uploads\/2018\/10\/pagseguro.jpg\" alt=\"\" width=\"128\" height=\"35\" srcset=\"https:\/\/supriex.com.br\/loja\/wp-content\/uploads\/2018\/10\/pagseguro.jpg 276w, https:\/\/supriex.com.br\/loja\/wp-content\/uploads\/2018\/10\/pagseguro-260x71.jpg 260w, https:\/\/supriex.com.br\/loja\/wp-content\/uploads\/2018\/10\/pagseguro-50x14.jpg 50w, https:\/\/supriex.com.br\/loja\/wp-content\/uploads\/2018\/10\/pagseguro-150x41.jpg 150w\" sizes=\"auto, (max-width: 128px) 100vw, 128px\" \/><\/a>e clique em <a href=\"https:\/\/supriex.com.br\/loja\/wp-content\/uploads\/2018\/10\/realizarpgto.jpg\"><img loading=\"lazy\" decoding=\"async\" class=\"alignnone wp-image-2923\" src=\"https:\/\/supriex.com.br\/loja\/wp-content\/uploads\/2018\/10\/realizarpgto.jpg\" alt=\"\" width=\"138\" height=\"42\" srcset=\"https:\/\/supriex.com.br\/loja\/wp-content\/uploads\/2018\/10\/realizarpgto.jpg 171w, https:\/\/supriex.com.br\/loja\/wp-content\/uploads\/2018\/10\/realizarpgto-50x15.jpg 50w, https:\/\/supriex.com.br\/loja\/wp-content\/uploads\/2018\/10\/realizarpgto-150x46.jpg 150w\" sizes=\"auto, (max-width: 138px) 100vw, 138px\" \/><\/a>\u00a0e voc\u00ea ser\u00e1 redirecionado a plataforma de pagamento.<\/p>\n<p><strong>Passo 3<\/strong><\/p>\n<p>Siga o que se pede na plataforma de pagamento para prosseguir como pagamento.<\/p>\n<p>Pelo (((PAGSEGURO))) voc\u00ea poder\u00e1 pagar tanto com cart\u00e3o de credito quanto boleto banc\u00e1rio.<\/p>\n<p>Abrir\u00e1 a tela do\u00a0<a href=\"https:\/\/supriex.com.br\/loja\/wp-content\/uploads\/2018\/10\/pagseguro.jpg\"><img loading=\"lazy\" decoding=\"async\" class=\"alignnone wp-image-2922\" src=\"https:\/\/supriex.com.br\/loja\/wp-content\/uploads\/2018\/10\/pagseguro.jpg\" alt=\"\" width=\"160\" height=\"44\" srcset=\"https:\/\/supriex.com.br\/loja\/wp-content\/uploads\/2018\/10\/pagseguro.jpg 276w, https:\/\/supriex.com.br\/loja\/wp-content\/uploads\/2018\/10\/pagseguro-260x71.jpg 260w, https:\/\/supriex.com.br\/loja\/wp-content\/uploads\/2018\/10\/pagseguro-50x14.jpg 50w, https:\/\/supriex.com.br\/loja\/wp-content\/uploads\/2018\/10\/pagseguro-150x41.jpg 150w\" sizes=\"auto, (max-width: 160px) 100vw, 160px\" \/><\/a>com as op\u00e7\u00f5es de \u201cComprar com a minha conta PagSeguro\u201d ou \u201cComprar sem cadastro\u201d escolha uma e clique em\u00a0<a href=\"https:\/\/supriex.com.br\/loja\/wp-content\/uploads\/2018\/10\/botao-avancar.jpg\"><img loading=\"lazy\" decoding=\"async\" class=\"alignnone wp-image-2932\" src=\"https:\/\/supriex.com.br\/loja\/wp-content\/uploads\/2018\/10\/botao-avancar.jpg\" alt=\"\" width=\"74\" height=\"29\" srcset=\"https:\/\/supriex.com.br\/loja\/wp-content\/uploads\/2018\/10\/botao-avancar.jpg 120w, https:\/\/supriex.com.br\/loja\/wp-content\/uploads\/2018\/10\/botao-avancar-50x20.jpg 50w\" sizes=\"auto, (max-width: 74px) 100vw, 74px\" \/><\/a>. Se escolher \u201cComprar com a minha conta PagSeguro\u201d aparecera o campo digitar sua senha do PagSeguro e escolha\u00a0 entre \u201cCart\u00e3o de cr\u00e9dito\u201d e \u201cBoleto Banc\u00e1rio\u201d.<\/p>\n<ul>\n<li>Se escolher \u201cCart\u00e3o de Cr\u00e9dito\u201d, preencha os dados solicitados, escolha em quantas vezes quer dividir e clique em\u00a0<a href=\"https:\/\/supriex.com.br\/loja\/wp-content\/uploads\/2018\/10\/confirmapgto.jpg\"><img loading=\"lazy\" decoding=\"async\" class=\"alignnone wp-image-2919\" src=\"https:\/\/supriex.com.br\/loja\/wp-content\/uploads\/2018\/10\/confirmapgto-300x58.jpg\" alt=\"\" width=\"191\" height=\"37\" srcset=\"https:\/\/supriex.com.br\/loja\/wp-content\/uploads\/2018\/10\/confirmapgto-300x60.jpg 300w, https:\/\/supriex.com.br\/loja\/wp-content\/uploads\/2018\/10\/confirmapgto-260x50.jpg 260w, https:\/\/supriex.com.br\/loja\/wp-content\/uploads\/2018\/10\/confirmapgto-50x10.jpg 50w, https:\/\/supriex.com.br\/loja\/wp-content\/uploads\/2018\/10\/confirmapgto-150x29.jpg 150w, https:\/\/supriex.com.br\/loja\/wp-content\/uploads\/2018\/10\/confirmapgto.jpg 311w\" sizes=\"auto, (max-width: 191px) 100vw, 191px\" \/><\/a>.<\/li>\n<li>Se escolher \u201cBoleto banc\u00e1rio\u201d, preencha o que se pede e clique em\u00a0<a href=\"https:\/\/supriex.com.br\/loja\/wp-content\/uploads\/2018\/10\/gerarboleto.jpg\"><img loading=\"lazy\" decoding=\"async\" class=\"alignnone wp-image-2921\" src=\"https:\/\/supriex.com.br\/loja\/wp-content\/uploads\/2018\/10\/gerarboleto.jpg\" alt=\"\" width=\"109\" height=\"34\" srcset=\"https:\/\/supriex.com.br\/loja\/wp-content\/uploads\/2018\/10\/gerarboleto.jpg 182w, https:\/\/supriex.com.br\/loja\/wp-content\/uploads\/2018\/10\/gerarboleto-50x16.jpg 50w, https:\/\/supriex.com.br\/loja\/wp-content\/uploads\/2018\/10\/gerarboleto-150x47.jpg 150w\" sizes=\"auto, (max-width: 109px) 100vw, 109px\" \/><\/a>.<\/li>\n<\/ul>\n<p>Se escolher \u201cComprar sem cadastro\u201d aparecera \u00e0 op\u00e7\u00e3o de pagamento por \u201cCart\u00e3o de cr\u00e9dito\u201d e \u201cBoleto Banc\u00e1rio\u201d, escolha a que for mais interessante pra voc\u00ea.<\/p>\n<ul>\n<li>Se escolher \u201cCart\u00e3o de Cr\u00e9dito\u201d, preencha os dados solicitados, escolha em quantas vezes quer dividir e clique em\u00a0<a href=\"https:\/\/supriex.com.br\/loja\/wp-content\/uploads\/2018\/10\/confirmapgto.jpg\"><img loading=\"lazy\" decoding=\"async\" class=\"alignnone wp-image-2919\" src=\"https:\/\/supriex.com.br\/loja\/wp-content\/uploads\/2018\/10\/confirmapgto-300x58.jpg\" alt=\"\" width=\"191\" height=\"37\" srcset=\"https:\/\/supriex.com.br\/loja\/wp-content\/uploads\/2018\/10\/confirmapgto-300x60.jpg 300w, https:\/\/supriex.com.br\/loja\/wp-content\/uploads\/2018\/10\/confirmapgto-260x50.jpg 260w, https:\/\/supriex.com.br\/loja\/wp-content\/uploads\/2018\/10\/confirmapgto-50x10.jpg 50w, https:\/\/supriex.com.br\/loja\/wp-content\/uploads\/2018\/10\/confirmapgto-150x29.jpg 150w, https:\/\/supriex.com.br\/loja\/wp-content\/uploads\/2018\/10\/confirmapgto.jpg 311w\" sizes=\"auto, (max-width: 191px) 100vw, 191px\" \/><\/a>.<\/li>\n<li>Se escolher \u201cBoleto banc\u00e1rio\u201d, preencha o que se pede e clique em\u00a0<a href=\"https:\/\/supriex.com.br\/loja\/wp-content\/uploads\/2018\/10\/gerarboleto.jpg\"><img loading=\"lazy\" decoding=\"async\" class=\"alignnone wp-image-2921\" src=\"https:\/\/supriex.com.br\/loja\/wp-content\/uploads\/2018\/10\/gerarboleto.jpg\" alt=\"\" width=\"109\" height=\"34\" srcset=\"https:\/\/supriex.com.br\/loja\/wp-content\/uploads\/2018\/10\/gerarboleto.jpg 182w, https:\/\/supriex.com.br\/loja\/wp-content\/uploads\/2018\/10\/gerarboleto-50x16.jpg 50w, https:\/\/supriex.com.br\/loja\/wp-content\/uploads\/2018\/10\/gerarboleto-150x47.jpg 150w\" sizes=\"auto, (max-width: 109px) 100vw, 109px\" \/><\/a>. A pagina ir\u00e1 mudar e voc\u00ea devera clicar novamente em\u00a0<a href=\"https:\/\/supriex.com.br\/loja\/wp-content\/uploads\/2018\/10\/gerarboleto.jpg\"><img loading=\"lazy\" decoding=\"async\" class=\"alignnone wp-image-2921\" src=\"https:\/\/supriex.com.br\/loja\/wp-content\/uploads\/2018\/10\/gerarboleto.jpg\" alt=\"\" width=\"109\" height=\"34\" srcset=\"https:\/\/supriex.com.br\/loja\/wp-content\/uploads\/2018\/10\/gerarboleto.jpg 182w, https:\/\/supriex.com.br\/loja\/wp-content\/uploads\/2018\/10\/gerarboleto-50x16.jpg 50w, https:\/\/supriex.com.br\/loja\/wp-content\/uploads\/2018\/10\/gerarboleto-150x47.jpg 150w\" sizes=\"auto, (max-width: 109px) 100vw, 109px\" \/><\/a>.<\/li>\n<\/ul>\n<p>Dessa forma nas pr\u00f3ximas compras, como j\u00e1 possuir\u00e1 cadastro, ficar\u00e1 mais f\u00e1cil comprar. Por fim acesse sua conta de e-mail e clique no e-mail que foi enviado pelo\u00a0<a href=\"https:\/\/supriex.com.br\/loja\/wp-content\/uploads\/2018\/10\/pagseguro.jpg\"><img loading=\"lazy\" decoding=\"async\" class=\"alignnone wp-image-2922\" src=\"https:\/\/supriex.com.br\/loja\/wp-content\/uploads\/2018\/10\/pagseguro.jpg\" alt=\"\" width=\"160\" height=\"44\" srcset=\"https:\/\/supriex.com.br\/loja\/wp-content\/uploads\/2018\/10\/pagseguro.jpg 276w, https:\/\/supriex.com.br\/loja\/wp-content\/uploads\/2018\/10\/pagseguro-260x71.jpg 260w, https:\/\/supriex.com.br\/loja\/wp-content\/uploads\/2018\/10\/pagseguro-50x14.jpg 50w, https:\/\/supriex.com.br\/loja\/wp-content\/uploads\/2018\/10\/pagseguro-150x41.jpg 150w\" sizes=\"auto, (max-width: 160px) 100vw, 160px\" \/><\/a>\u00a0com os detalhes de sua compra para validar seu cadastro.<\/p>\n<p>&nbsp;<\/p>\n<p>Voc\u00ea tamb\u00e9m receber\u00e1 e-mails da SUPRIEX com atualiza\u00e7\u00f5es sobre sua compra.<\/p>\n<p>&nbsp;<\/p>\n<p><strong>Se preferir entre em contato conosco pelo telefone 27 3343 8020, pelo site clicando em CONTATO ou pelo whatsapp 27 99228 2829.<\/strong><\/p>\n<p><strong>Atendemos de segunda a sexta-feira de 08:00h as 12:00h e das 13:00h as 18:00h.<\/strong>.<\/p>\n","protected":false},"excerpt":{"rendered":"<p>Para comprar basta seguir os passos de 1 a 3, mostrado abaixo: Passo 1 Escolha a ferramenta que deseja e clique sobre ela, a tela mudara<span class=\"excerpt-hellip\"> [\u2026]<\/span><\/p>\n","protected":false},"author":1,"featured_media":0,"parent":0,"menu_order":0,"comment_status":"closed","ping_status":"closed","template":"","meta":{"footnotes":""},"class_list":["post-3288","page","type-page","status-publish","hentry"],"_links":{"self":[{"href":"https:\/\/supriex.com.br\/loja\/wp-json\/wp\/v2\/pages\/3288","targetHints":{"allow":["GET"]}}],"collection":[{"href":"https:\/\/supriex.com.br\/loja\/wp-json\/wp\/v2\/pages"}],"about":[{"href":"https:\/\/supriex.com.br\/loja\/wp-json\/wp\/v2\/types\/page"}],"author":[{"embeddable":true,"href":"https:\/\/supriex.com.br\/loja\/wp-json\/wp\/v2\/users\/1"}],"replies":[{"embeddable":true,"href":"https:\/\/supriex.com.br\/loja\/wp-json\/wp\/v2\/comments?post=3288"}],"version-history":[{"count":4,"href":"https:\/\/supriex.com.br\/loja\/wp-json\/wp\/v2\/pages\/3288\/revisions"}],"predecessor-version":[{"id":3315,"href":"https:\/\/supriex.com.br\/loja\/wp-json\/wp\/v2\/pages\/3288\/revisions\/3315"}],"wp:attachment":[{"href":"https:\/\/supriex.com.br\/loja\/wp-json\/wp\/v2\/media?parent=3288"}],"curies":[{"name":"wp","href":"https:\/\/api.w.org\/{rel}","templated":true}]}}