{"id":2620,"date":"2018-08-13T16:42:42","date_gmt":"2018-08-13T16:42:42","guid":{"rendered":"https:\/\/supriex.com.br\/loja\/?page_id=2620"},"modified":"2020-05-15T12:47:43","modified_gmt":"2020-05-15T15:47:43","slug":"como-comprar","status":"publish","type":"page","link":"https:\/\/supriex.com.br\/loja\/como-comprar\/","title":{"rendered":"COMO COMPRAR"},"content":{"rendered":"<p>Para comprar basta seguir os passos de 1 a 3, mostrado abaixo:<\/p>\n<p><strong>Passo 1<\/strong><\/p>\n<p>Escolha a ferramenta que deseja e clique sobre ela, a tela mudara e aparecera a ferramenta. Escolha a quantidade que desejar e clique em <a href=\"https:\/\/supriex.com.br\/loja\/wp-content\/uploads\/2018\/10\/comprar.jpg\"><img loading=\"lazy\" decoding=\"async\" class=\"alignnone size-full wp-image-2918\" src=\"https:\/\/supriex.com.br\/loja\/wp-content\/uploads\/2018\/10\/comprar.jpg\" alt=\"\" width=\"97\" height=\"45\" srcset=\"https:\/\/supriex.com.br\/loja\/wp-content\/uploads\/2018\/10\/comprar.jpg 97w, https:\/\/supriex.com.br\/loja\/wp-content\/uploads\/2018\/10\/comprar-50x23.jpg 50w\" sizes=\"auto, (max-width: 97px) 100vw, 97px\" \/><\/a>. Ser\u00e1 adicionado ao carrinho e voc\u00ea poder\u00e1 escolher mais produtos, se quiser, e repetir o passo para adicion\u00e1-la ao carrinho. Se j\u00e1 escolheu tudo o que precisava clique em <a href=\"https:\/\/supriex.com.br\/loja\/wp-content\/uploads\/2018\/10\/finalizarcompra.jpg\"><img loading=\"lazy\" decoding=\"async\" class=\"alignnone size-full wp-image-2920\" src=\"https:\/\/supriex.com.br\/loja\/wp-content\/uploads\/2018\/10\/finalizarcompra.jpg\" alt=\"\" width=\"229\" height=\"52\" srcset=\"https:\/\/supriex.com.br\/loja\/wp-content\/uploads\/2018\/10\/finalizarcompra.jpg 229w, https:\/\/supriex.com.br\/loja\/wp-content\/uploads\/2018\/10\/finalizarcompra-50x11.jpg 50w, https:\/\/supriex.com.br\/loja\/wp-content\/uploads\/2018\/10\/finalizarcompra-150x34.jpg 150w\" sizes=\"auto, (max-width: 229px) 100vw, 229px\" \/><\/a>.<\/p>\n<p><strong>Passo 2<\/strong><\/p>\n<p>Preencha o cadastro, caso ainda n\u00e3o possua, e se for enviar para um endere\u00e7o diferente do cadastro, marque a op\u00e7\u00e3o \u201cEntregar para um endere\u00e7o diferente?\u201d e preencha o que se pede. Em seguida clique em <a href=\"https:\/\/supriex.com.br\/loja\/wp-content\/uploads\/2018\/10\/realizarpgto.jpg\"><img loading=\"lazy\" decoding=\"async\" class=\"alignnone size-full wp-image-2923\" src=\"https:\/\/supriex.com.br\/loja\/wp-content\/uploads\/2018\/10\/realizarpgto.jpg\" alt=\"\" width=\"171\" height=\"52\" srcset=\"https:\/\/supriex.com.br\/loja\/wp-content\/uploads\/2018\/10\/realizarpgto.jpg 171w, https:\/\/supriex.com.br\/loja\/wp-content\/uploads\/2018\/10\/realizarpgto-50x15.jpg 50w, https:\/\/supriex.com.br\/loja\/wp-content\/uploads\/2018\/10\/realizarpgto-150x46.jpg 150w\" sizes=\"auto, (max-width: 171px) 100vw, 171px\" \/><\/a>\u00a0e voc\u00ea ser\u00e1 redirecionado ao site do <a href=\"https:\/\/supriex.com.br\/loja\/wp-content\/uploads\/2018\/10\/pagseguro.jpg\"><img loading=\"lazy\" decoding=\"async\" class=\"alignnone size-full wp-image-2922\" src=\"https:\/\/supriex.com.br\/loja\/wp-content\/uploads\/2018\/10\/pagseguro.jpg\" alt=\"\" width=\"276\" height=\"75\" srcset=\"https:\/\/supriex.com.br\/loja\/wp-content\/uploads\/2018\/10\/pagseguro.jpg 276w, https:\/\/supriex.com.br\/loja\/wp-content\/uploads\/2018\/10\/pagseguro-260x71.jpg 260w, https:\/\/supriex.com.br\/loja\/wp-content\/uploads\/2018\/10\/pagseguro-50x14.jpg 50w, https:\/\/supriex.com.br\/loja\/wp-content\/uploads\/2018\/10\/pagseguro-150x41.jpg 150w\" sizes=\"auto, (max-width: 276px) 100vw, 276px\" \/><\/a>\u00a0para efetuar o pagamento dos produtos.<\/p>\n<p><strong>Passo 3<\/strong><\/p>\n<p>Se n\u00e3o tiver cadastro no <a href=\"https:\/\/supriex.com.br\/loja\/wp-content\/uploads\/2018\/10\/pagseguro.jpg\"><img loading=\"lazy\" decoding=\"async\" class=\"alignnone size-full wp-image-2922\" src=\"https:\/\/supriex.com.br\/loja\/wp-content\/uploads\/2018\/10\/pagseguro.jpg\" alt=\"\" width=\"276\" height=\"75\" srcset=\"https:\/\/supriex.com.br\/loja\/wp-content\/uploads\/2018\/10\/pagseguro.jpg 276w, https:\/\/supriex.com.br\/loja\/wp-content\/uploads\/2018\/10\/pagseguro-260x71.jpg 260w, https:\/\/supriex.com.br\/loja\/wp-content\/uploads\/2018\/10\/pagseguro-50x14.jpg 50w, https:\/\/supriex.com.br\/loja\/wp-content\/uploads\/2018\/10\/pagseguro-150x41.jpg 150w\" sizes=\"auto, (max-width: 276px) 100vw, 276px\" \/><\/a>\u00a0a tela abrir\u00e1 com a op\u00e7\u00e3o de \u201cComprar com a minha conta PagSeguro\u201d ou \u201cComprar sem cadastro\u201d escolha uma e clique em\u00a0<a href=\"https:\/\/supriex.com.br\/loja\/wp-content\/uploads\/2018\/10\/botao-avancar.jpg\"><img loading=\"lazy\" decoding=\"async\" class=\"alignnone size-full wp-image-2932\" src=\"https:\/\/supriex.com.br\/loja\/wp-content\/uploads\/2018\/10\/botao-avancar.jpg\" alt=\"\" width=\"120\" height=\"47\" srcset=\"https:\/\/supriex.com.br\/loja\/wp-content\/uploads\/2018\/10\/botao-avancar.jpg 120w, https:\/\/supriex.com.br\/loja\/wp-content\/uploads\/2018\/10\/botao-avancar-50x20.jpg 50w\" sizes=\"auto, (max-width: 120px) 100vw, 120px\" \/><\/a>. Se escolher \u201cComprar com a minha conta PagSeguro\u201d aparecera o campo digitar sua senha do PagSeguro e escolha\u00a0 entre \u201cCart\u00e3o de cr\u00e9dito\u201d e \u201cBoleto Banc\u00e1rio\u201d.<\/p>\n<ul>\n<li>Se escolher \u201cCart\u00e3o de Cr\u00e9dito\u201d, preencha os dados solicitados, escolha em quantas vezes quer dividir e clique em <a href=\"https:\/\/supriex.com.br\/loja\/wp-content\/uploads\/2018\/10\/confirmapgto.jpg\"><img loading=\"lazy\" decoding=\"async\" class=\"alignnone size-medium wp-image-2919\" src=\"https:\/\/supriex.com.br\/loja\/wp-content\/uploads\/2018\/10\/confirmapgto-300x58.jpg\" alt=\"\" width=\"300\" height=\"58\" srcset=\"https:\/\/supriex.com.br\/loja\/wp-content\/uploads\/2018\/10\/confirmapgto-300x58.jpg 300w, https:\/\/supriex.com.br\/loja\/wp-content\/uploads\/2018\/10\/confirmapgto-260x50.jpg 260w, https:\/\/supriex.com.br\/loja\/wp-content\/uploads\/2018\/10\/confirmapgto-50x10.jpg 50w, https:\/\/supriex.com.br\/loja\/wp-content\/uploads\/2018\/10\/confirmapgto-150x29.jpg 150w, https:\/\/supriex.com.br\/loja\/wp-content\/uploads\/2018\/10\/confirmapgto.jpg 311w\" sizes=\"auto, (max-width: 300px) 100vw, 300px\" \/><\/a>.<\/li>\n<li>Se escolher \u201cBoleto banc\u00e1rio\u201d, preencha o que se pede e clique em <a href=\"https:\/\/supriex.com.br\/loja\/wp-content\/uploads\/2018\/10\/gerarboleto.jpg\"><img loading=\"lazy\" decoding=\"async\" class=\"alignnone size-full wp-image-2921\" src=\"https:\/\/supriex.com.br\/loja\/wp-content\/uploads\/2018\/10\/gerarboleto.jpg\" alt=\"\" width=\"182\" height=\"57\" srcset=\"https:\/\/supriex.com.br\/loja\/wp-content\/uploads\/2018\/10\/gerarboleto.jpg 182w, https:\/\/supriex.com.br\/loja\/wp-content\/uploads\/2018\/10\/gerarboleto-50x16.jpg 50w, https:\/\/supriex.com.br\/loja\/wp-content\/uploads\/2018\/10\/gerarboleto-150x47.jpg 150w\" sizes=\"auto, (max-width: 182px) 100vw, 182px\" \/><\/a>.<\/li>\n<\/ul>\n<p>&nbsp;<\/p>\n<p>Se escolher \u201cComprar sem cadastro\u201d aparecera a op\u00e7\u00e3o de pagamento por \u201cCart\u00e3o de cr\u00e9dito\u201d e \u201cBoleto Banc\u00e1rio\u201d, escolha a que for mais interessante pra voc\u00ea.<\/p>\n<ul>\n<li>Se escolher \u201cCart\u00e3o de Cr\u00e9dito\u201d, preencha os dados solicitados, escolha em quantas vezes quer dividir e clique em <a href=\"https:\/\/supriex.com.br\/loja\/wp-content\/uploads\/2018\/10\/confirmapgto.jpg\"><img loading=\"lazy\" decoding=\"async\" class=\"alignnone size-medium wp-image-2919\" src=\"https:\/\/supriex.com.br\/loja\/wp-content\/uploads\/2018\/10\/confirmapgto-300x58.jpg\" alt=\"\" width=\"300\" height=\"58\" srcset=\"https:\/\/supriex.com.br\/loja\/wp-content\/uploads\/2018\/10\/confirmapgto-300x58.jpg 300w, https:\/\/supriex.com.br\/loja\/wp-content\/uploads\/2018\/10\/confirmapgto-260x50.jpg 260w, https:\/\/supriex.com.br\/loja\/wp-content\/uploads\/2018\/10\/confirmapgto-50x10.jpg 50w, https:\/\/supriex.com.br\/loja\/wp-content\/uploads\/2018\/10\/confirmapgto-150x29.jpg 150w, https:\/\/supriex.com.br\/loja\/wp-content\/uploads\/2018\/10\/confirmapgto.jpg 311w\" sizes=\"auto, (max-width: 300px) 100vw, 300px\" \/><\/a>.<\/li>\n<li>Se escolher \u201cBoleto banc\u00e1rio\u201d,preencha o que se pede e clique em <a href=\"https:\/\/supriex.com.br\/loja\/wp-content\/uploads\/2018\/10\/gerarboleto.jpg\"><img loading=\"lazy\" decoding=\"async\" class=\"alignnone size-full wp-image-2921\" src=\"https:\/\/supriex.com.br\/loja\/wp-content\/uploads\/2018\/10\/gerarboleto.jpg\" alt=\"\" width=\"182\" height=\"57\" srcset=\"https:\/\/supriex.com.br\/loja\/wp-content\/uploads\/2018\/10\/gerarboleto.jpg 182w, https:\/\/supriex.com.br\/loja\/wp-content\/uploads\/2018\/10\/gerarboleto-50x16.jpg 50w, https:\/\/supriex.com.br\/loja\/wp-content\/uploads\/2018\/10\/gerarboleto-150x47.jpg 150w\" sizes=\"auto, (max-width: 182px) 100vw, 182px\" \/><\/a>. A pagina ir\u00e1 mudar e voc\u00ea devera clicar novamente em <a href=\"https:\/\/supriex.com.br\/loja\/wp-content\/uploads\/2018\/10\/gerarboleto.jpg\"><img loading=\"lazy\" decoding=\"async\" class=\"alignnone size-full wp-image-2921\" src=\"https:\/\/supriex.com.br\/loja\/wp-content\/uploads\/2018\/10\/gerarboleto.jpg\" alt=\"\" width=\"182\" height=\"57\" srcset=\"https:\/\/supriex.com.br\/loja\/wp-content\/uploads\/2018\/10\/gerarboleto.jpg 182w, https:\/\/supriex.com.br\/loja\/wp-content\/uploads\/2018\/10\/gerarboleto-50x16.jpg 50w, https:\/\/supriex.com.br\/loja\/wp-content\/uploads\/2018\/10\/gerarboleto-150x47.jpg 150w\" sizes=\"auto, (max-width: 182px) 100vw, 182px\" \/><\/a>.<\/li>\n<\/ul>\n<p>Dessa forma nas pr\u00f3ximas compras, como j\u00e1 possuir\u00e1 cadastro, ficar\u00e1 mais f\u00e1cil comprar. Por fim acesse sua conta de e-mail e clique no e-mail que foi enviado pela <a href=\"https:\/\/supriex.com.br\/loja\/wp-content\/uploads\/2018\/10\/pagseguro.jpg\"><img loading=\"lazy\" decoding=\"async\" class=\"alignnone size-full wp-image-2922\" src=\"https:\/\/supriex.com.br\/loja\/wp-content\/uploads\/2018\/10\/pagseguro.jpg\" alt=\"\" width=\"276\" height=\"75\" srcset=\"https:\/\/supriex.com.br\/loja\/wp-content\/uploads\/2018\/10\/pagseguro.jpg 276w, https:\/\/supriex.com.br\/loja\/wp-content\/uploads\/2018\/10\/pagseguro-260x71.jpg 260w, https:\/\/supriex.com.br\/loja\/wp-content\/uploads\/2018\/10\/pagseguro-50x14.jpg 50w, https:\/\/supriex.com.br\/loja\/wp-content\/uploads\/2018\/10\/pagseguro-150x41.jpg 150w\" sizes=\"auto, (max-width: 276px) 100vw, 276px\" \/><\/a> com os detalhes de sua compra para validar seu cadastro no <a href=\"https:\/\/supriex.com.br\/loja\/wp-content\/uploads\/2018\/10\/pagseguro.jpg\"><img loading=\"lazy\" decoding=\"async\" class=\"alignnone size-full wp-image-2922\" src=\"https:\/\/supriex.com.br\/loja\/wp-content\/uploads\/2018\/10\/pagseguro.jpg\" alt=\"\" width=\"276\" height=\"75\" srcset=\"https:\/\/supriex.com.br\/loja\/wp-content\/uploads\/2018\/10\/pagseguro.jpg 276w, https:\/\/supriex.com.br\/loja\/wp-content\/uploads\/2018\/10\/pagseguro-260x71.jpg 260w, https:\/\/supriex.com.br\/loja\/wp-content\/uploads\/2018\/10\/pagseguro-50x14.jpg 50w, https:\/\/supriex.com.br\/loja\/wp-content\/uploads\/2018\/10\/pagseguro-150x41.jpg 150w\" sizes=\"auto, (max-width: 276px) 100vw, 276px\" \/><\/a>.<\/p>\n<p>&nbsp;<\/p>\n<p>Voc\u00ea tamb\u00e9m receber\u00e1 e-mails da SUPRIEX, compras@supriex.com.br, com atualiza\u00e7\u00f5es sobre sua compra at\u00e9 a entrega.<\/p>\n<p><strong>Se preferir entre em contato conosco pelo telefone 27 3343 8020, em CONTATO no pr\u00f3prio site \u00a0ou pelo whatsapp 27 99 228 2829.<\/strong><\/p>\n<p><strong>Atendemos de segunda a sexta-feira de 08:00hs as 12:00hs e das 13:00hs as 18:00hs.<\/strong><\/p>\n","protected":false},"excerpt":{"rendered":"<p>Para comprar basta seguir os passos de 1 a 3, mostrado abaixo: Passo 1 Escolha a ferramenta que deseja e clique sobre ela, a tela mudara<span class=\"excerpt-hellip\"> [\u2026]<\/span><\/p>\n","protected":false},"author":1,"featured_media":0,"parent":0,"menu_order":0,"comment_status":"closed","ping_status":"closed","template":"","meta":{"footnotes":""},"class_list":["post-2620","page","type-page","status-publish","hentry"],"_links":{"self":[{"href":"https:\/\/supriex.com.br\/loja\/wp-json\/wp\/v2\/pages\/2620","targetHints":{"allow":["GET"]}}],"collection":[{"href":"https:\/\/supriex.com.br\/loja\/wp-json\/wp\/v2\/pages"}],"about":[{"href":"https:\/\/supriex.com.br\/loja\/wp-json\/wp\/v2\/types\/page"}],"author":[{"embeddable":true,"href":"https:\/\/supriex.com.br\/loja\/wp-json\/wp\/v2\/users\/1"}],"replies":[{"embeddable":true,"href":"https:\/\/supriex.com.br\/loja\/wp-json\/wp\/v2\/comments?post=2620"}],"version-history":[{"count":12,"href":"https:\/\/supriex.com.br\/loja\/wp-json\/wp\/v2\/pages\/2620\/revisions"}],"predecessor-version":[{"id":2933,"href":"https:\/\/supriex.com.br\/loja\/wp-json\/wp\/v2\/pages\/2620\/revisions\/2933"}],"wp:attachment":[{"href":"https:\/\/supriex.com.br\/loja\/wp-json\/wp\/v2\/media?parent=2620"}],"curies":[{"name":"wp","href":"https:\/\/api.w.org\/{rel}","templated":true}]}}