{"id":2613,"date":"2018-08-10T19:22:30","date_gmt":"2018-08-10T19:22:30","guid":{"rendered":"https:\/\/supriex.com.br\/loja\/?page_id=2613"},"modified":"2020-01-24T21:29:21","modified_gmt":"2020-01-25T00:29:21","slug":"empresa","status":"publish","type":"page","link":"https:\/\/supriex.com.br\/loja\/empresa\/","title":{"rendered":"EMPRESA"},"content":{"rendered":"<p>Fundada em 2010 e tendo como base a qualidade de seus produtos, a Supriex oferece profissionalismo com credibilidade e confian\u00e7a, mantendo assim um relacionamento duradouro e respeitoso para com seus clientes.<\/p>\n<p><strong>MISS\u00c3O<\/strong><\/p>\n<p>Disponibilizar qualidade, seguran\u00e7a e agilidade para os profissionais da constru\u00e7\u00e3o civil e de pequenos reparos, na realiza\u00e7\u00e3o de suas atividades, por meio da oferta de m\u00e1quinas e ferramentas reconhecidas pela sua excel\u00eancia.<\/p>\n<p>&nbsp;<\/p>\n<p><strong>VIS\u00c3O<\/strong><\/p>\n<p>Ser reconhecida em 5 anos como referencia na comercializa\u00e7\u00e3o de ferramentas para a constru\u00e7\u00e3o civil.<\/p>\n<p>&nbsp;<\/p>\n<p><strong>PRINC\u00cdPIO<\/strong><\/p>\n<p>A \u00c9tica, tendo foco na satisfa\u00e7\u00e3o dos clientes.<\/p>\n<p>&nbsp;<\/p>\n<p><strong>VALORES<\/strong><\/p>\n<ol>\n<li>As Pessoas;<\/li>\n<li>Estreito Relacionamento com o Consumidor;<\/li>\n<li>Atitude;<\/li>\n<li>Qualidade Superior;<\/li>\n<li>Comprometimento;<\/li>\n<li>Respeito.<\/li>\n<\/ol>\n","protected":false},"excerpt":{"rendered":"<p>Fundada em 2010 e tendo como base a qualidade de seus produtos, a Supriex oferece profissionalismo com credibilidade e confian\u00e7a, mantendo assim um relacionamento duradouro e<span class=\"excerpt-hellip\"> [\u2026]<\/span><\/p>\n","protected":false},"author":1,"featured_media":0,"parent":0,"menu_order":0,"comment_status":"closed","ping_status":"closed","template":"","meta":{"footnotes":""},"class_list":["post-2613","page","type-page","status-publish","hentry"],"_links":{"self":[{"href":"https:\/\/supriex.com.br\/loja\/wp-json\/wp\/v2\/pages\/2613","targetHints":{"allow":["GET"]}}],"collection":[{"href":"https:\/\/supriex.com.br\/loja\/wp-json\/wp\/v2\/pages"}],"about":[{"href":"https:\/\/supriex.com.br\/loja\/wp-json\/wp\/v2\/types\/page"}],"author":[{"embeddable":true,"href":"https:\/\/supriex.com.br\/loja\/wp-json\/wp\/v2\/users\/1"}],"replies":[{"embeddable":true,"href":"https:\/\/supriex.com.br\/loja\/wp-json\/wp\/v2\/comments?post=2613"}],"version-history":[{"count":6,"href":"https:\/\/supriex.com.br\/loja\/wp-json\/wp\/v2\/pages\/2613\/revisions"}],"predecessor-version":[{"id":3143,"href":"https:\/\/supriex.com.br\/loja\/wp-json\/wp\/v2\/pages\/2613\/revisions\/3143"}],"wp:attachment":[{"href":"https:\/\/supriex.com.br\/loja\/wp-json\/wp\/v2\/media?parent=2613"}],"curies":[{"name":"wp","href":"https:\/\/api.w.org\/{rel}","templated":true}]}}